{"id":612,"date":"2021-03-26T10:04:13","date_gmt":"2021-03-26T10:04:13","guid":{"rendered":"http:\/\/localhost\/nuss\/?page_id=612"},"modified":"2025-09-29T15:13:03","modified_gmt":"2025-09-29T15:13:03","slug":"ristorante","status":"publish","type":"page","link":"https:\/\/chimelonghengqinbay.com\/it\/restaurant\/","title":{"rendered":"Ristorante"},"content":{"rendered":"<div data-elementor-type=\"wp-page\" data-elementor-id=\"612\" class=\"elementor elementor-612\">\n\t\t\t\t\t\t<section class=\"elementor-section elementor-top-section elementor-element elementor-element-e2effe8 elementor-section-boxed elementor-section-gap-beside-yes elementor-section-height-default elementor-section-height-default elementor-section-column-vertical-align-stretch\" data-id=\"e2effe8\" data-element_type=\"section\" data-e-type=\"section\">\n\t\t\t\t\t\t<div class=\"elementor-container elementor-column-gap-extended\">\n\t\t\t\t\t<div class=\"elementor-column elementor-col-100 elementor-top-column elementor-element elementor-element-e18f688\" data-id=\"e18f688\" data-element_type=\"column\" data-e-type=\"column\">\n\t\t\t<div class=\"elementor-widget-wrap elementor-element-populated\">\n\t\t\t\t\t\t<div class=\"elementor-element elementor-element-6db146d elementor-widget__width-initial elementor-invisible elementor-widget elementor-widget-text-editor\" data-id=\"6db146d\" data-element_type=\"widget\" data-e-type=\"widget\" data-settings=\"{&quot;_animation&quot;:&quot;nussFadeInUp&quot;}\" data-widget_type=\"text-editor.default\">\n\t\t\t\t\t\t\t\t\t<p><strong data-spm-anchor-id=\"a2ty_o01.29997173.0.i78.78f0c921rvdF0I\">Eccellenza culinaria sulla baia: scopri i ristoranti esclusivi del Chimelong Hengqin Bay Hotel (negozio principale di Chimelong)<\/strong><\/p>\t\t\t\t\t\t\t\t<\/div>\n\t\t\t\t\t<\/div>\n\t\t<\/div>\n\t\t\t\t\t<\/div>\n\t\t<\/section>\n\t\t<div class=\"elementor-element elementor-element-764955e e-flex e-con-boxed e-con e-parent\" data-id=\"764955e\" data-element_type=\"container\" data-e-type=\"container\">\n\t\t\t\t\t<div class=\"e-con-inner\">\n\t\t<div class=\"elementor-element elementor-element-3a71d84 e-con-full e-flex e-con e-child\" data-id=\"3a71d84\" data-element_type=\"container\" data-e-type=\"container\">\n\t\t\t\t<div class=\"elementor-element elementor-element-81a00fb elementor-widget elementor-widget-text-editor\" data-id=\"81a00fb\" data-element_type=\"widget\" data-e-type=\"widget\" data-widget_type=\"text-editor.default\">\n\t\t\t\t\t\t\t\t\t<p>Arroccato sulle rive serene di <strong>Baia di Fuxiang<\/strong> all&#039;interno della dinamica <strong>Zona di cooperazione approfondita Guangdong-Macao<\/strong>, IL <strong>Chimelong Hengqin Bay Hotel (negozio principale di Chimelong)<\/strong> ridefinisce la gastronomia costiera con una raccolta di <strong>ristoranti premiati e attentamente curati<\/strong> che celebrano la ricca tradizione culinaria del Guangdong, i sapori vivaci di Macao e la raffinatezza della cucina globale, il tutto servito sullo sfondo di viste panoramiche sulla baia ed eleganza contemporanea.<\/p><div class=\"my-2\">\u00a0<\/div><p data-spm-anchor-id=\"a2ty_o01.29997173.0.i79.78f0c921rvdF0I\">Come destinazione di punta per l&#039;ospitalit\u00e0 in <strong>Hengqin, Zhuhai<\/strong>, a pochi passi da <strong>Regno dell&#039;oceano di Chimelong<\/strong> e minuti dal <strong>confine di Macao<\/strong>, i ristoranti dell&#039;hotel sono progettati non solo per soddisfare la fame ma per creare <strong>viaggi sensoriali memorabili<\/strong> Per famiglie, coppie, viaggiatori d&#039;affari e buongustai. Che si inizi la giornata con dim sum artigianali, si gusti un banchetto di pesce al tramonto o si sorseggino cocktail artigianali sotto le stelle, ogni pasto qui \u00e8 un invito ad assaporare lo spirito transfrontaliero unico della Greater Bay Area.<\/p>\t\t\t\t\t\t\t\t<\/div>\n\t\t\t\t<\/div>\n\t\t<div class=\"elementor-element elementor-element-bb76a06 e-con-full e-flex e-con e-child\" data-id=\"bb76a06\" data-element_type=\"container\" data-e-type=\"container\">\n\t\t\t\t<div class=\"elementor-element elementor-element-636ac5f elementor-widget elementor-widget-image\" data-id=\"636ac5f\" data-element_type=\"widget\" data-e-type=\"widget\" data-widget_type=\"image.default\">\n\t\t\t\t\t\t\t\t\t\t\t\t\t\t\t<img fetchpriority=\"high\" decoding=\"async\" width=\"1024\" height=\"682\" src=\"https:\/\/chimelonghengqinbay.com\/wp-content\/uploads\/2025\/09\/ChimelongHengqinBayHotel-110-1024x682.webp\" class=\"attachment-large size-large wp-image-6482\" alt=\"\" srcset=\"https:\/\/chimelonghengqinbay.com\/wp-content\/uploads\/2025\/09\/ChimelongHengqinBayHotel-110-1024x682.webp 1024w, https:\/\/chimelonghengqinbay.com\/wp-content\/uploads\/2025\/09\/ChimelongHengqinBayHotel-110-300x200.webp 300w, https:\/\/chimelonghengqinbay.com\/wp-content\/uploads\/2025\/09\/ChimelongHengqinBayHotel-110-768x512.webp 768w, https:\/\/chimelonghengqinbay.com\/wp-content\/uploads\/2025\/09\/ChimelongHengqinBayHotel-110-18x12.webp 18w, https:\/\/chimelonghengqinbay.com\/wp-content\/uploads\/2025\/09\/ChimelongHengqinBayHotel-110.webp 1280w\" sizes=\"(max-width: 1024px) 100vw, 1024px\" \/>\t\t\t\t\t\t\t\t\t\t\t\t\t\t\t<\/div>\n\t\t\t\t<\/div>\n\t\t\t\t\t<\/div>\n\t\t\t\t<\/div>\n\t\t<div class=\"elementor-element elementor-element-e5626a7 e-flex e-con-boxed e-con e-parent\" data-id=\"e5626a7\" data-element_type=\"container\" data-e-type=\"container\">\n\t\t\t\t\t<div class=\"e-con-inner\">\n\t\t\t\t<div class=\"elementor-element elementor-element-4ac24e6 elementor-widget elementor-widget-nuss-image-gallery\" data-id=\"4ac24e6\" data-element_type=\"widget\" data-e-type=\"widget\" data-widget_type=\"nuss-image-gallery.default\">\n\t\t\t\t<div class=\"elementor-widget-container\">\n\t\t\t\t\t\t\t<div class=\"nuss-grid-wrapper\" data-grid=\"{&quot;type&quot;:&quot;grid&quot;,&quot;ratio&quot;:null,&quot;columns&quot;:3,&quot;gutter&quot;:30}\">\r\n\t\t\t<div class=\"nuss-grid lazy-grid\">\r\n\t\t\t\t<div class=\"grid-sizer\"><\/div>\r\n\r\n\t\t\t\t\t\t\t\t\t\t\t\t<div class=\"grid-item\">\r\n\t\t\t\t\t\t<div class=\"nuss-box\">\t\t<div class=\"nuss-image image\">\r\n\t\t\t<img decoding=\"async\"  src=\"https:\/\/chimelonghengqinbay.com\/wp-content\/uploads\/2025\/09\/ChimelongHengqinBayHotel-109.webp\" alt=\"ChimelongHengqinBayHotel (109)\" \/>\t\t<\/div>\r\n\t\t\t\t<\/div>\t\t\t\t\t<\/div>\r\n\t\t\t\t\t\t<div class=\"grid-item\">\r\n\t\t\t\t\t\t<div class=\"nuss-box\">\t\t<div class=\"nuss-image image\">\r\n\t\t\t<img decoding=\"async\"  src=\"https:\/\/chimelonghengqinbay.com\/wp-content\/uploads\/2025\/09\/ChimelongHengqinBayHotel-62.webp\" alt=\"ChimelongHengqinBayHotel (62)\" \/>\t\t<\/div>\r\n\t\t\t\t<\/div>\t\t\t\t\t<\/div>\r\n\t\t\t\t\t\t<div class=\"grid-item\">\r\n\t\t\t\t\t\t<div class=\"nuss-box\">\t\t<div class=\"nuss-image image\">\r\n\t\t\t<img decoding=\"async\"  src=\"https:\/\/chimelonghengqinbay.com\/wp-content\/uploads\/2025\/09\/ChimelongHengqinBayHotel-60.webp\" alt=\"ChimelongHengqinBayHotel (60)\" \/>\t\t<\/div>\r\n\t\t\t\t<\/div>\t\t\t\t\t<\/div>\r\n\t\t\t\t\t\t<div class=\"grid-item\">\r\n\t\t\t\t\t\t<div class=\"nuss-box\">\t\t<div class=\"nuss-image image\">\r\n\t\t\t<img decoding=\"async\"  src=\"https:\/\/chimelonghengqinbay.com\/wp-content\/uploads\/2025\/09\/ChimelongHengqinBayHotel-5.webp\" alt=\"ChimelongHengqinBayHotel (5)\" \/>\t\t<\/div>\r\n\t\t\t\t<\/div>\t\t\t\t\t<\/div>\r\n\t\t\t\t\t\t<div class=\"grid-item\">\r\n\t\t\t\t\t\t<div class=\"nuss-box\">\t\t<div class=\"nuss-image image\">\r\n\t\t\t<img decoding=\"async\"  src=\"https:\/\/chimelonghengqinbay.com\/wp-content\/uploads\/2025\/09\/ChimelongHengqinBayHotel-12.webp\" alt=\"ChimelongHengqinBayHotel (12)\" \/>\t\t<\/div>\r\n\t\t\t\t<\/div>\t\t\t\t\t<\/div>\r\n\t\t\t\t\t\t<div class=\"grid-item\">\r\n\t\t\t\t\t\t<div class=\"nuss-box\">\t\t<div class=\"nuss-image image\">\r\n\t\t\t<img decoding=\"async\"  src=\"https:\/\/chimelonghengqinbay.com\/wp-content\/uploads\/2025\/09\/ChimelongHengqinBayHotel-11.webp\" alt=\"ChimelongHengqinBayHotel (11)\" \/>\t\t<\/div>\r\n\t\t\t\t<\/div>\t\t\t\t\t<\/div>\r\n\t\t\t\t\t\t<div class=\"grid-item\">\r\n\t\t\t\t\t\t<div class=\"nuss-box\">\t\t<div class=\"nuss-image image\">\r\n\t\t\t<img decoding=\"async\"  src=\"https:\/\/chimelonghengqinbay.com\/wp-content\/uploads\/2025\/09\/ChimelongHengqinBayHotel-9.webp\" alt=\"ChimelongHengqinBayHotel (9)\" \/>\t\t<\/div>\r\n\t\t\t\t<\/div>\t\t\t\t\t<\/div>\r\n\t\t\t\t\t\t<div class=\"grid-item\">\r\n\t\t\t\t\t\t<div class=\"nuss-box\">\t\t<div class=\"nuss-image image\">\r\n\t\t\t<img decoding=\"async\"  src=\"https:\/\/chimelonghengqinbay.com\/wp-content\/uploads\/2025\/09\/ChimelongHengqinBayHotel-10.webp\" alt=\"ChimelongHengqinBayHotel (10)\" \/>\t\t<\/div>\r\n\t\t\t\t<\/div>\t\t\t\t\t<\/div>\r\n\t\t\t\t\t\t<div class=\"grid-item\">\r\n\t\t\t\t\t\t<div class=\"nuss-box\">\t\t<div class=\"nuss-image image\">\r\n\t\t\t<img decoding=\"async\"  src=\"https:\/\/chimelonghengqinbay.com\/wp-content\/uploads\/2025\/09\/ChimelongHengqinBayHotel-8.webp\" alt=\"ChimelongHengqinBayHotel (8)\" \/>\t\t<\/div>\r\n\t\t\t\t<\/div>\t\t\t\t\t<\/div>\r\n\t\t\t\t\t\t<div class=\"grid-item\">\r\n\t\t\t\t\t\t<div class=\"nuss-box\">\t\t<div class=\"nuss-image image\">\r\n\t\t\t<img decoding=\"async\"  src=\"https:\/\/chimelonghengqinbay.com\/wp-content\/uploads\/2025\/09\/ChimelongHengqinBayHotel-7.webp\" alt=\"ChimelongHengqinBayHotel (7)\" \/>\t\t<\/div>\r\n\t\t\t\t<\/div>\t\t\t\t\t<\/div>\r\n\t\t\t\t\t\t<div class=\"grid-item\">\r\n\t\t\t\t\t\t<div class=\"nuss-box\">\t\t<div class=\"nuss-image image\">\r\n\t\t\t<img decoding=\"async\"  src=\"https:\/\/chimelonghengqinbay.com\/wp-content\/uploads\/2025\/09\/ChimelongHengqinBayHotel-6.webp\" alt=\"ChimelongHengqinBayHotel (6)\" \/>\t\t<\/div>\r\n\t\t\t\t<\/div>\t\t\t\t\t<\/div>\r\n\t\t\t\t\t\t<div class=\"grid-item\">\r\n\t\t\t\t\t\t<div class=\"nuss-box\">\t\t<div class=\"nuss-image image\">\r\n\t\t\t<img decoding=\"async\"  src=\"https:\/\/chimelonghengqinbay.com\/wp-content\/uploads\/2025\/09\/ChimelongHengqinBayHotel-13.webp\" alt=\"ChimelongHengqinBayHotel (13)\" \/>\t\t<\/div>\r\n\t\t\t\t<\/div>\t\t\t\t\t<\/div>\r\n\t\t\t\t\t\t<div class=\"grid-item\">\r\n\t\t\t\t\t\t<div class=\"nuss-box\">\t\t<div class=\"nuss-image image\">\r\n\t\t\t<img decoding=\"async\"  src=\"https:\/\/chimelonghengqinbay.com\/wp-content\/uploads\/2025\/09\/ChimelongHengqinBayHotel-16.webp\" alt=\"ChimelongHengqinBayHotel (16)\" \/>\t\t<\/div>\r\n\t\t\t\t<\/div>\t\t\t\t\t<\/div>\r\n\t\t\t\t\t\t<div class=\"grid-item\">\r\n\t\t\t\t\t\t<div class=\"nuss-box\">\t\t<div class=\"nuss-image image\">\r\n\t\t\t<img decoding=\"async\"  src=\"https:\/\/chimelonghengqinbay.com\/wp-content\/uploads\/2025\/09\/ChimelongHengqinBayHotel-20.webp\" alt=\"ChimelongHengqinBayHotel (20)\" \/>\t\t<\/div>\r\n\t\t\t\t<\/div>\t\t\t\t\t<\/div>\r\n\t\t\t\t\t\t\t\r\n\t\t\t<\/div>\r\n\t\t<\/div>\r\n\t\t\t\t\t\t<\/div>\n\t\t\t\t<\/div>\n\t\t\t\t\t<\/div>\n\t\t\t\t<\/div>\n\t\t<div class=\"elementor-element elementor-element-d05381b e-flex e-con-boxed e-con e-parent\" data-id=\"d05381b\" data-element_type=\"container\" data-e-type=\"container\">\n\t\t\t\t\t<div class=\"e-con-inner\">\n\t\t\t\t<div class=\"elementor-element elementor-element-53bd849 elementor-widget elementor-widget-text-editor\" data-id=\"53bd849\" data-element_type=\"widget\" data-e-type=\"widget\" data-widget_type=\"text-editor.default\">\n\t\t\t\t\t\t\t\t\t<h3><strong data-spm-anchor-id=\"a2ty_o01.29997173.0.i82.78f0c921rvdF0I\">Yue Court \u2013 Un omaggio moderno alla maestria cantonese<\/strong><\/h3><p>Al centro dell&#039;identit\u00e0 culinaria dell&#039;hotel c&#039;\u00e8 <strong>Corte Yue<\/strong>, un ristorante cantonese di lusso dove tecniche secolari incontrano presentazioni innovative. Guidato da chef veterani di Guangzhou e Macao, la cucina si avvale di <strong>pesce fresco giornaliero dal Mar Cinese Meridionale<\/strong>, prodotti biologici provenienti da fattorie locali e ingredienti di prima qualit\u00e0 come <strong>abalone, nido d&#039;uccello e tartufi dello Yunnan<\/strong>I piatti tipici includono <strong>abalone brasato lentamente con salsa di ostriche<\/strong>, <strong>maialino da latte croccante con glassa di prugne<\/strong>, E <strong>garoupa al vapore con emulsione di zenzero e cipollotto<\/strong>\u2014ogni piatto \u00e8 una testimonianza della delicatezza e dell&#039;equilibrio che caratterizzano l&#039;autentica cucina Lingnan. Le sale da pranzo private con vista sulla baia rendono lo Yue Court il luogo ideale per banchetti aziendali, riunioni di famiglia o cene di gala.<\/p><h3 data-spm-anchor-id=\"a2ty_o01.29997173.0.i81.78f0c921rvdF0I\"><strong>Bay Bistro \u2013 Sapori globali con un&#039;anima costiera<\/strong><\/h3><p>Per chi cerca variet\u00e0, <strong>Bay Bistro<\/strong> offre un ricco buffet internazionale e un men\u00f9 \u00e0 la carte in uno spazio luminoso e arioso incorniciato da finestre a tutta altezza con vista sulla baia di Fuxiang. La colazione comprende <strong>postazioni live per frittate, congee e pasticcini occidentali preparati al momento<\/strong>, mentre la cena si trasforma in un tour culinario globale, da <strong>Sashimi giapponese e pasta italiana<\/strong> A <strong>Pollo africano in stile Macao<\/strong> E <strong>Riso in terracotta ispirato a Zhuhai<\/strong>I brunch del fine settimana sono particolarmente apprezzati, con <strong>abbinamenti di champagne, torri di frutti di mare e buffet di dessert<\/strong> che deliziano gli ospiti di tutte le et\u00e0.<\/p><h3><strong>Lobby Lounge \u2013 T\u00e8 pomeridiano e momenti raffinati<\/strong><\/h3><p>L&#039;eleganza incontra il relax al <strong>Lobby Lounge<\/strong>, dove gli ospiti si rilassano con <strong>t\u00e8 cinesi artigianali<\/strong>, <strong>caff\u00e8 versato a mano<\/strong>, e uno squisito <strong>set da t\u00e8 pomeridiano<\/strong> che fonde Oriente e Occidente. Pensa <strong>bign\u00e8 al matcha, panna cotta all&#039;osmanto e char siu bao in miniatura<\/strong>\u2014il tutto servito su porcellana personalizzata con vista sui giardini paesaggistici del resort. Questo spazio tranquillo \u00e8 perfetto per incontri prima della partenza dal parco, rinfreschi dopo l&#039;avventura o tranquille conversazioni di lavoro.<\/p><h3><strong>Macao Fusion Bar: dove l&#039;Oriente incontra il fascino lusofono<\/strong><\/h3><p>Celebrando la posizione unica di Hengqin nel <strong>Zona di cooperazione Guangdong-Macao<\/strong>, IL <strong>Macao Fusion Bar<\/strong> offre un&#039;esperienza di mixologia unica nel suo genere, ispirata alla tradizione portoghese-cinese di Macao. Sorseggia cocktail creativi come il <strong>\u201cSpritz al Porto di Loto\u201d<\/strong> (con litchi, fiori di sambuco e gin di Macao) o <strong>\u201cBacalhau all&#039;antica\u201d<\/strong> (infuso con essenza di baccal\u00e0 salato, un omaggio giocoso alla tradizione macanese). Gli spuntini leggeri includono <strong>Crostatine portoghesi alla crema pasticcera con sesamo nero<\/strong>, <strong>spiedini di gamberi piccanti piri-piri<\/strong>, E <strong>mini panini con costolette di maiale<\/strong>\u2014ideale per socializzare al tramonto.<\/p><h3><strong>Ristorazione pensata per ogni ospite<\/strong><\/h3><p>Tutti i ristoranti danno la priorit\u00e0 <strong>freschezza, sostenibilit\u00e0 e inclusivit\u00e0 alimentare<\/strong>, offrendo <strong>opzioni vegetariane, halal-friendly e adatte ai bambini<\/strong>I menu sono disponibili in <strong>Cinese, inglese e portoghese<\/strong>, a testimonianza dell&#039;impegno dell&#039;hotel nell&#039;ospitalit\u00e0 transfrontaliera. Per la massima comodit\u00e0, <strong>Servizio in camera 24 ore su 24<\/strong> porta gli stessi piatti di alta qualit\u00e0 sul tuo balcone privato o nella tua suite: perfetti dopo uno spettacolo notturno al Chimelong Theatre.<\/p><p>Situato strategicamente a <strong>Fuxiang Bay, Hengqin, Zhuhai City, Guangdong 519031, Repubblica Popolare Cinese<\/strong>I ristoranti del Chimelong Hengqin Bay Hotel sono pi\u00f9 che semplici posti dove mangiare: sono <strong>ponti culturali<\/strong>, <strong>luoghi di ritrovo per famiglie<\/strong>, E <strong>destinazioni gastronomiche<\/strong> a pieno titolo. Che siate abitanti del posto alla scoperta del lusso di Zhuhai, viaggiatori internazionali alla scoperta della cucina di Macao o visitatori di parchi a tema in cerca di un rifugio raffinato, i nostri ristoranti vi promettono un assaggio indimenticabile della cucina fusion pi\u00f9 entusiasmante della Greater Bay Area: <strong>tradizione, innovazione e bellezza della baia<\/strong>.<\/p><p data-spm-anchor-id=\"a2ty_o01.29997173.0.i83.78f0c921rvdF0I\"><strong>Prenota oggi stesso il tuo tavolo e lascia che ogni boccone racconti una storia di Hengqin, tradizione e armonia.<\/strong><\/p>\t\t\t\t\t\t\t\t<\/div>\n\t\t\t\t\t<\/div>\n\t\t\t\t<\/div>\n\t\t\t\t<section class=\"elementor-section elementor-top-section elementor-element elementor-element-6ff67410 elementor-section-stretched elementor-section-boxed elementor-section-gap-beside-yes elementor-section-height-default elementor-section-height-default elementor-section-column-vertical-align-stretch\" data-id=\"6ff67410\" data-element_type=\"section\" data-e-type=\"section\" data-settings=\"{&quot;background_background&quot;:&quot;classic&quot;,&quot;stretch_section&quot;:&quot;section-stretched&quot;}\">\n\t\t\t\t\t\t<div class=\"elementor-container elementor-column-gap-extended\">\n\t\t\t\t\t<div class=\"elementor-column elementor-col-100 elementor-top-column elementor-element elementor-element-20e9250a\" data-id=\"20e9250a\" data-element_type=\"column\" data-e-type=\"column\">\n\t\t\t<div class=\"elementor-widget-wrap elementor-element-populated\">\n\t\t\t\t\t\t<div class=\"elementor-element elementor-element-298b7790 elementor-widget elementor-widget-nuss-heading\" data-id=\"298b7790\" data-element_type=\"widget\" data-e-type=\"widget\" data-widget_type=\"nuss-heading.default\">\n\t\t\t\t<div class=\"elementor-widget-container\">\n\t\t\t\t\t\t\t<div class=\"nuss-modern-heading\">\r\n\t\t\t\t\t\t<div class=\"heading-secondary-wrap\">\r\n\t\t\t\t<h3 class=\"heading-secondary elementor-heading-title\">Controlla disponibile <\/h3>\t\t\t<\/div>\r\n\t\t\r\n\t\t\t\r\n\t\t\t\r\n\t\t\t\t\t<\/div>\r\n\t\t\t\t\t<\/div>\n\t\t\t\t<\/div>\n\t\t\t\t<div class=\"elementor-element elementor-element-2c93e90e elementor-widget elementor-widget-text-editor\" data-id=\"2c93e90e\" data-element_type=\"widget\" data-e-type=\"widget\" data-widget_type=\"text-editor.default\">\n\t\t\t\t\t\t\t\t\t<iframe border=\"0\" src=\"https:\/\/www.trip.com\/partners\/ad\/S5637697?Allianceid=4590391&#038;SID=263365124&#038;trip_sub1=\" style=\"width:1200px;height:200px\" frameborder=\"0\" scrolling=\"no\" id=\"S5637697\"><\/iframe>\t\t\t\t\t\t\t\t<\/div>\n\t\t\t\t\t<\/div>\n\t\t<\/div>\n\t\t\t\t\t<\/div>\n\t\t<\/section>\n\t\t\t\t<\/div>","protected":false},"excerpt":{"rendered":"<p>Culinary Excellence by the Bay: Discover the Signature Restaurants of Chimelong Hengqin Bay Hotel (Chimelong Flagship Store) Perched on the serene shores of Fuxiang Bay within the dynamic Guangdong-Macao In-depth Cooperation Zone, the Chimelong Hengqin Bay Hotel (Chimelong Flagship Store) redefines coastal gastronomy with a collection of award-inspired, thoughtfully curated dining venues that celebrate the [&hellip;]<\/p>\n","protected":false},"author":1,"featured_media":0,"parent":0,"menu_order":0,"comment_status":"closed","ping_status":"closed","template":"","meta":{"footnotes":""},"class_list":["post-612","page","type-page","status-publish","hentry","post-no-thumbnail"],"_links":{"self":[{"href":"https:\/\/chimelonghengqinbay.com\/it\/wp-json\/wp\/v2\/pages\/612","targetHints":{"allow":["GET"]}}],"collection":[{"href":"https:\/\/chimelonghengqinbay.com\/it\/wp-json\/wp\/v2\/pages"}],"about":[{"href":"https:\/\/chimelonghengqinbay.com\/it\/wp-json\/wp\/v2\/types\/page"}],"author":[{"embeddable":true,"href":"https:\/\/chimelonghengqinbay.com\/it\/wp-json\/wp\/v2\/users\/1"}],"replies":[{"embeddable":true,"href":"https:\/\/chimelonghengqinbay.com\/it\/wp-json\/wp\/v2\/comments?post=612"}],"version-history":[{"count":0,"href":"https:\/\/chimelonghengqinbay.com\/it\/wp-json\/wp\/v2\/pages\/612\/revisions"}],"wp:attachment":[{"href":"https:\/\/chimelonghengqinbay.com\/it\/wp-json\/wp\/v2\/media?parent=612"}],"curies":[{"name":"parola chiave","href":"https:\/\/api.w.org\/{rel}","templated":true}]}}