{"id":2106,"date":"2021-03-25T04:08:26","date_gmt":"2021-03-25T04:08:26","guid":{"rendered":"http:\/\/localhost\/nuss\/?page_id=298"},"modified":"2025-09-29T14:54:46","modified_gmt":"2025-09-29T14:54:46","slug":"esperienze","status":"publish","type":"page","link":"https:\/\/chimelonghengqinbay.com\/it\/experiences\/","title":{"rendered":"Esperienze e recensioni dei clienti"},"content":{"rendered":"<div data-elementor-type=\"wp-page\" data-elementor-id=\"2106\" class=\"elementor elementor-2106\">\n\t\t\t\t\t\t<section class=\"elementor-section elementor-top-section elementor-element elementor-element-1954ffc elementor-section-boxed elementor-section-gap-beside-yes elementor-section-height-default elementor-section-height-default elementor-section-column-vertical-align-stretch\" data-id=\"1954ffc\" data-element_type=\"section\" data-e-type=\"section\">\n\t\t\t\t\t\t<div class=\"elementor-container elementor-column-gap-extended\">\n\t\t\t\t\t<div class=\"elementor-column elementor-col-100 elementor-top-column elementor-element elementor-element-86aebc5\" data-id=\"86aebc5\" data-element_type=\"column\" data-e-type=\"column\">\n\t\t\t<div class=\"elementor-widget-wrap elementor-element-populated\">\n\t\t\t\t\t\t<div class=\"elementor-element elementor-element-11803d1 elementor-widget__width-initial elementor-invisible elementor-widget elementor-widget-text-editor\" data-id=\"11803d1\" data-element_type=\"widget\" data-e-type=\"widget\" data-settings=\"{&quot;_animation&quot;:&quot;nussFadeInUp&quot;}\" data-widget_type=\"text-editor.default\">\n\t\t\t\t\t\t\t\t\t<p><strong data-spm-anchor-id=\"a2ty_o01.29997173.0.i52.78f0c921rvdF0I\">Soggiorni indimenticabili al Chimelong Hengqin Bay Hotel: esperienze reali degli ospiti e recensioni oneste da Trip.com<\/strong><\/p>\t\t\t\t\t\t\t\t<\/div>\n\t\t\t\t\t<\/div>\n\t\t<\/div>\n\t\t\t\t\t<\/div>\n\t\t<\/section>\n\t\t<div class=\"elementor-element elementor-element-95e7268 e-flex e-con-boxed e-con e-parent\" data-id=\"95e7268\" data-element_type=\"container\" data-e-type=\"container\">\n\t\t\t\t\t<div class=\"e-con-inner\">\n\t\t\t\t<div class=\"elementor-element elementor-element-bd47571 elementor-widget elementor-widget-image\" data-id=\"bd47571\" data-element_type=\"widget\" data-e-type=\"widget\" data-widget_type=\"image.default\">\n\t\t\t\t\t\t\t\t\t\t\t\t\t\t\t\t<a href=\"https:\/\/www.trip.com\/t\/RjCOlRaveR2\" target=\"_blank\" rel=\"noopener\">\n\t\t\t\t\t\t\t<img fetchpriority=\"high\" decoding=\"async\" width=\"1024\" height=\"249\" src=\"https:\/\/chimelonghengqinbay.com\/wp-content\/uploads\/2025\/09\/customer-reviews-1024x249.jpg\" class=\"attachment-large size-large wp-image-6675\" alt=\"\" srcset=\"https:\/\/chimelonghengqinbay.com\/wp-content\/uploads\/2025\/09\/customer-reviews-1024x249.jpg 1024w, https:\/\/chimelonghengqinbay.com\/wp-content\/uploads\/2025\/09\/customer-reviews-300x73.jpg 300w, https:\/\/chimelonghengqinbay.com\/wp-content\/uploads\/2025\/09\/customer-reviews-768x187.jpg 768w, https:\/\/chimelonghengqinbay.com\/wp-content\/uploads\/2025\/09\/customer-reviews-18x4.jpg 18w, https:\/\/chimelonghengqinbay.com\/wp-content\/uploads\/2025\/09\/customer-reviews.jpg 1395w\" sizes=\"(max-width: 1024px) 100vw, 1024px\" \/>\t\t\t\t\t\t\t\t<\/a>\n\t\t\t\t\t\t\t\t\t\t\t\t\t\t\t<\/div>\n\t\t\t\t\t<\/div>\n\t\t\t\t<\/div>\n\t\t<div class=\"elementor-element elementor-element-3e39171 e-flex e-con-boxed e-con e-parent\" data-id=\"3e39171\" data-element_type=\"container\" data-e-type=\"container\">\n\t\t\t\t\t<div class=\"e-con-inner\">\n\t\t\t\t<div class=\"elementor-element elementor-element-7761d0c elementor-widget elementor-widget-text-editor\" data-id=\"7761d0c\" data-element_type=\"widget\" data-e-type=\"widget\" data-widget_type=\"text-editor.default\">\n\t\t\t\t\t\t\t\t\t<p data-spm-anchor-id=\"a2ty_o01.29997173.0.i54.78f0c921rvdF0I\">Adagiato lungo le tranquille rive di <strong>Baia di Fuxiang<\/strong> nella dinamica <strong>Zona di cooperazione approfondita Guangdong-Macao<\/strong>, IL <strong>Chimelong Hengqin Bay Hotel (negozio principale di Chimelong)<\/strong> \u00e8 rapidamente diventata la scelta migliore per i viaggiatori che cercano lusso, comodit\u00e0 e comfort per le famiglie in <strong>Zhuhai, Guangdong<\/strong>Ma non fidarti solo della nostra parola: centinaia di ospiti verificati su <strong>Trip.com<\/strong> hanno condiviso recensioni entusiastiche che rivelano perch\u00e9 questa struttura di punta si distingue in uno dei centri turistici pi\u00f9 entusiasmanti della Cina.<\/p><h3>Valutazioni costantemente elevate: una testimonianza di eccellenza<\/h3><p>Con un impressionante <strong>valutazione media di 4,7\/5<\/strong> su Trip.com (sulla base di oltre 2.000 recensioni a partire dal 2024), il Chimelong Hengqin Bay Hotel riceve costantemente elogi per il suo <strong>servizio impeccabile, posizione straordinaria e perfetta integrazione con l&#039;esperienza del resort Chimelong<\/strong>Famiglie, coppie e viaggiatori singoli sottolineano la capacit\u00e0 dell&#039;hotel di fondersi <strong>raffinatezza moderna con ospitalit\u00e0 calda e personalizzata<\/strong>.<\/p><h3>&quot;Perfetto per le famiglie che visitano il Chimelong Ocean Kingdom&quot;<\/h3><p data-spm-anchor-id=\"a2ty_o01.29997173.0.i53.78f0c921rvdF0I\">Un tema ricorrente tra i recensori \u00e8 l&#039;hotel <strong>vicinanza ideale al Chimelong International Ocean Resort<\/strong>\u2014a pochi passi o con una breve corsa in navetta gratuita. Una famiglia di Shanghai ha scritto:<\/p><blockquote><p><em>&quot;Soggiornare presso l&#039;hotel di punta Chimelong ha reso il nostro viaggio senza stress. Siamo arrivati all&#039;Ocean Kingdom a piedi in 5 minuti e i bambini hanno adorato le camere a tema e l&#039;area giochi interna. Il personale ci ha persino aiutato a saltare la fila alla biglietteria!&quot;<\/em><\/p><\/blockquote><p>Molti ospiti notano che prenotare un <strong>Pacchetto Chimelong Hengqin Bay Hotel<\/strong> (che spesso include biglietti per i parchi e pass express) offre un valore eccezionale, soprattutto durante le vacanze e le vacanze scolastiche.<\/p><h3>Viste mozzafiato e design attento delle camere<\/h3><p>I viaggiatori ne parlano sempre con entusiasmo <strong>camere spaziose e ben arredate<\/strong> in primo piano <strong>finestre dal pavimento al soffitto<\/strong> con vista panoramica su <strong>Baia di Fuxiang o i lussureggianti giardini del resort<\/strong>Gli ospiti apprezzano il <strong>elementi di design cinese contemporaneo<\/strong>, biancheria da letto di alta qualit\u00e0 e tocchi adatti alle famiglie come <strong>divani letto, accappatoi per bambini e insonorizzazione<\/strong> che assicurano un riposo tranquillo dopo una giornata di avventure.<\/p><p>Una coppia di Guangzhou ha condiviso:<\/p><blockquote><p><em>&quot;Abbiamo optato per una suite con vista sulla baia e siamo rimasti incantati dal tramonto sull&#039;acqua. La camera era pulitissima, silenziosa e sembrava un rifugio privato, nonostante i parchi a tema nelle vicinanze.&quot;<\/em><\/p><\/blockquote><h3>Ristorazione eccezionale e stile culinario transfrontaliero<\/h3><p>I ristoranti in loco ottengono punteggi elevati per <strong>ingredienti freschi, men\u00f9 vari e cene panoramiche<\/strong>I recensori apprezzano particolarmente il <strong>Colazione a buffet con dim sum cantonese<\/strong> e il <strong>Piatti fusion ispirati a Macao<\/strong> che riflettono la posizione unica dell&#039;hotel nella zona di cooperazione Guangdong-Macao. Diversi ospiti hanno menzionato il <strong>servizio in camera 24 ore su 24<\/strong> e spuntini a tarda notte come salvavita per le famiglie con bambini piccoli.<\/p><h3>Un servizio che fa il possibile<\/h3><p>Dal personale multilingue della reception ai team attenti di pulizie e concierge, <strong>la qualit\u00e0 del servizio \u00e8 una caratteristica distintiva<\/strong> in quasi tutte le recensioni di Trip.com. Gli ospiti menzionano ripetutamente <strong>risposte rapide alle richieste<\/strong>, <strong>utili consigli locali<\/strong>, E <strong>tocchi speciali come decorazioni di compleanno o frutta di benvenuto<\/strong>.<\/p><p>Un viaggiatore internazionale ha osservato:<\/p><blockquote><p><em>&quot;Anche se parlavamo poco il mandarino, il personale ha utilizzato app di traduzione e gesti per assicurarsi che avessimo tutto ci\u00f2 di cui avevamo bisogno. Ci hanno prenotato i biglietti del traghetto per Macao e hanno persino stampato le nostre carte d&#039;imbarco di ritorno: un&#039;esperienza davvero straordinaria!&quot;<\/em><\/p><\/blockquote><h3>Ideale per i viaggiatori transfrontalieri<\/h3><p>Grazie alla sua posizione strategica in <strong>Hengqin<\/strong>, a pochi minuti dal <strong>Il ponte Lotus attraversa il confine con Macao<\/strong>, l&#039;hotel \u00e8 anche uno dei preferiti tra <strong>acquirenti transfrontalieri e viaggiatori d&#039;affari<\/strong>I revisori apprezzano il <strong>facile accesso sia ai servizi urbani di Zhuhai che ai casin\u00f2, ai siti storici e alla scena culinaria di Macao<\/strong>\u2014il tutto godendo di un tranquillo rifugio costiero.<\/p><h3>Note minori degli ospiti<\/h3><p>Sebbene il giudizio sia prevalentemente positivo, alcuni ospiti affermano che <strong>i fine settimana e i periodi festivi possono essere molto impegnativi<\/strong>, quindi si consiglia di prenotare in anticipo. Altri suggeriscono di richiedere un <strong>stanza al piano superiore<\/strong> per le migliori viste sulla baia e un&#039;atmosfera pi\u00f9 tranquilla.<\/p><h3>Verdetto finale: un&#039;esperienza a 5 stelle nel cuore della Greater Bay Area<\/h3><p>Sulla base del feedback reale degli ospiti di Trip.com, <strong>Chimelong Hengqin Bay Hotel (negozio principale di Chimelong)<\/strong> mantiene la promessa di <strong>lusso, comodit\u00e0 e ricordi di famiglia indimenticabili<\/strong>Che tu stia visitando <strong>Regno dell&#039;oceano di Chimelong<\/strong>, esplorando <strong>Macao<\/strong>, o semplicemente in cerca di una raffinata fuga costiera in <strong>Zhuhai<\/strong>, questo hotel di punta supera costantemente le aspettative.<\/p><p data-spm-anchor-id=\"a2ty_o01.29997173.0.i56.78f0c921rvdF0I\"><strong>Organizza il tuo soggiorno oggi stesso e unisciti a migliaia di viaggiatori entusiasti che hanno scoperto perch\u00e9 il Chimelong Hengqin Bay Hotel \u00e8 pi\u00f9 di un semplice posto dove dormire... \u00e8 il luogo in cui inizia davvero la tua avventura nella Greater Bay Area.<\/strong><\/p><p data-spm-anchor-id=\"a2ty_o01.29997173.0.i57.78f0c921rvdF0I\"><em>Recensioni verificate degli ospiti provenienti da Trip.com: <a href=\"https:\/\/www.trip.com\/t\/RjCOlRaveR2\" target=\"_blank\" rel=\"nofollow noopener\">Chimelong Hengqin Bay Hotel <\/a><\/em><br \/><em data-spm-anchor-id=\"a2ty_o01.29997173.0.i55.78f0c921rvdF0I\">Ubicazione: Fuxiang Bay, zona di cooperazione approfondita Guangdong-Macao, Hengqin, citt\u00e0 di Zhuhai, Guangdong 519031, Repubblica Popolare Cinese<\/em><\/p>\t\t\t\t\t\t\t\t<\/div>\n\t\t\t\t\t<\/div>\n\t\t\t\t<\/div>\n\t\t\t\t<section class=\"elementor-section elementor-top-section elementor-element elementor-element-7d746845 elementor-section-stretched elementor-section-boxed elementor-section-gap-beside-yes elementor-section-height-default elementor-section-height-default elementor-section-column-vertical-align-stretch\" data-id=\"7d746845\" data-element_type=\"section\" data-e-type=\"section\" data-settings=\"{&quot;background_background&quot;:&quot;classic&quot;,&quot;stretch_section&quot;:&quot;section-stretched&quot;}\">\n\t\t\t\t\t\t<div class=\"elementor-container elementor-column-gap-extended\">\n\t\t\t\t\t<div class=\"elementor-column elementor-col-100 elementor-top-column elementor-element elementor-element-238bb245\" data-id=\"238bb245\" data-element_type=\"column\" data-e-type=\"column\">\n\t\t\t<div class=\"elementor-widget-wrap elementor-element-populated\">\n\t\t\t\t\t\t<div class=\"elementor-element elementor-element-5cdc3eb5 elementor-widget elementor-widget-nuss-heading\" data-id=\"5cdc3eb5\" data-element_type=\"widget\" data-e-type=\"widget\" data-widget_type=\"nuss-heading.default\">\n\t\t\t\t<div class=\"elementor-widget-container\">\n\t\t\t\t\t\t\t<div class=\"nuss-modern-heading\">\r\n\t\t\t\t\t\t<div class=\"heading-secondary-wrap\">\r\n\t\t\t\t<h3 class=\"heading-secondary elementor-heading-title\">Controlla disponibile <\/h3>\t\t\t<\/div>\r\n\t\t\r\n\t\t\t\r\n\t\t\t\r\n\t\t\t\t\t<\/div>\r\n\t\t\t\t\t<\/div>\n\t\t\t\t<\/div>\n\t\t\t\t<div class=\"elementor-element elementor-element-5be4cdce elementor-widget elementor-widget-text-editor\" data-id=\"5be4cdce\" data-element_type=\"widget\" data-e-type=\"widget\" data-widget_type=\"text-editor.default\">\n\t\t\t\t\t\t\t\t\t<iframe border=\"0\" src=\"https:\/\/www.trip.com\/partners\/ad\/S5637697?Allianceid=4590391&#038;SID=263365124&#038;trip_sub1=\" style=\"width:1200px;height:200px\" frameborder=\"0\" scrolling=\"no\" id=\"S5637697\"><\/iframe>\t\t\t\t\t\t\t\t<\/div>\n\t\t\t\t\t<\/div>\n\t\t<\/div>\n\t\t\t\t\t<\/div>\n\t\t<\/section>\n\t\t\t\t<\/div>","protected":false},"excerpt":{"rendered":"<p>Unforgettable Stays at Chimelong Hengqin Bay Hotel: Real Guest Experiences &amp; Honest Reviews from Trip.com Nestled along the serene shores of Fuxiang Bay in the dynamic Guangdong-Macao In-depth Cooperation Zone, the Chimelong Hengqin Bay Hotel (Chimelong Flagship Store) has quickly become a top choice for travelers seeking luxury, convenience, and family-friendly comfort in Zhuhai, Guangdong. [&hellip;]<\/p>\n","protected":false},"author":1,"featured_media":0,"parent":0,"menu_order":0,"comment_status":"closed","ping_status":"closed","template":"","meta":{"footnotes":""},"class_list":["post-2106","page","type-page","status-publish","hentry","post-no-thumbnail"],"_links":{"self":[{"href":"https:\/\/chimelonghengqinbay.com\/it\/wp-json\/wp\/v2\/pages\/2106","targetHints":{"allow":["GET"]}}],"collection":[{"href":"https:\/\/chimelonghengqinbay.com\/it\/wp-json\/wp\/v2\/pages"}],"about":[{"href":"https:\/\/chimelonghengqinbay.com\/it\/wp-json\/wp\/v2\/types\/page"}],"author":[{"embeddable":true,"href":"https:\/\/chimelonghengqinbay.com\/it\/wp-json\/wp\/v2\/users\/1"}],"replies":[{"embeddable":true,"href":"https:\/\/chimelonghengqinbay.com\/it\/wp-json\/wp\/v2\/comments?post=2106"}],"version-history":[{"count":0,"href":"https:\/\/chimelonghengqinbay.com\/it\/wp-json\/wp\/v2\/pages\/2106\/revisions"}],"wp:attachment":[{"href":"https:\/\/chimelonghengqinbay.com\/it\/wp-json\/wp\/v2\/media?parent=2106"}],"curies":[{"name":"parola chiave","href":"https:\/\/api.w.org\/{rel}","templated":true}]}}