{"id":2104,"date":"2021-03-23T09:33:48","date_gmt":"2021-03-23T09:33:48","guid":{"rendered":"http:\/\/localhost\/nuss\/?page_id=167"},"modified":"2025-09-29T15:08:54","modified_gmt":"2025-09-29T15:08:54","slug":"la-nostra-storia","status":"publish","type":"page","link":"https:\/\/chimelonghengqinbay.com\/it\/our-story\/","title":{"rendered":"La nostra storia"},"content":{"rendered":"<div data-elementor-type=\"wp-page\" data-elementor-id=\"2104\" class=\"elementor elementor-2104\">\n\t\t\t\t\t\t<section class=\"elementor-section elementor-top-section elementor-element elementor-element-8f5bb9d elementor-section-boxed elementor-section-gap-beside-yes elementor-section-height-default elementor-section-height-default elementor-section-column-vertical-align-stretch\" data-id=\"8f5bb9d\" data-element_type=\"section\" data-e-type=\"section\">\n\t\t\t\t\t\t<div class=\"elementor-container elementor-column-gap-extended\">\n\t\t\t\t\t<div class=\"elementor-column elementor-col-100 elementor-top-column elementor-element elementor-element-7ec4215\" data-id=\"7ec4215\" data-element_type=\"column\" data-e-type=\"column\">\n\t\t\t<div class=\"elementor-widget-wrap elementor-element-populated\">\n\t\t\t\t\t\t<div class=\"elementor-element elementor-element-edd9d03 elementor-widget__width-initial elementor-invisible elementor-widget elementor-widget-text-editor\" data-id=\"edd9d03\" data-element_type=\"widget\" data-e-type=\"widget\" data-settings=\"{&quot;_animation&quot;:&quot;nussFadeInUp&quot;}\" data-widget_type=\"text-editor.default\">\n\t\t\t\t\t\t\t\t\t<p><strong data-spm-anchor-id=\"a2ty_o01.29997173.0.i73.78f0c921rvdF0I\">Dove la visione incontra la baia: la nascita del Chimelong Hengqin Bay Hotel (negozio principale di Chimelong)<\/strong><\/p>\t\t\t\t\t\t\t\t<\/div>\n\t\t\t\t\t<\/div>\n\t\t<\/div>\n\t\t\t\t\t<\/div>\n\t\t<\/section>\n\t\t<div class=\"elementor-element elementor-element-ae7e42f e-flex e-con-boxed e-con e-parent\" data-id=\"ae7e42f\" data-element_type=\"container\" data-e-type=\"container\">\n\t\t\t\t\t<div class=\"e-con-inner\">\n\t\t\t\t<div class=\"elementor-element elementor-element-136c3a3 elementor-widget elementor-widget-text-editor\" data-id=\"136c3a3\" data-element_type=\"widget\" data-e-type=\"widget\" data-widget_type=\"text-editor.default\">\n\t\t\t\t\t\t\t\t\t<p data-spm-anchor-id=\"a2ty_o01.29997173.0.i75.78f0c921rvdF0I\">Adagiato lungo le tranquille rive di <strong>Baia di Fuxiang<\/strong> nel pioniere <strong>Zona di cooperazione approfondita Guangdong-Macao<\/strong>, IL <strong>Chimelong Hengqin Bay Hotel (negozio principale di Chimelong)<\/strong> \u00e8 molto pi\u00f9 di una sistemazione di lusso: \u00e8 l&#039;incarnazione di una visione audace: creare un punto di riferimento dell&#039;ospitalit\u00e0 di livello mondiale che unisca culture, generazioni e sogni nel cuore della Greater Bay Area della Cina.<\/p><p>La nostra storia inizia con <strong>Gruppo Chimelong<\/strong>, un&#039;impresa cinese fondata nel 1989 con un&#039;idea semplice ma rivoluzionaria: creare esperienze coinvolgenti e gioiose che uniscano le famiglie attraverso intrattenimento, natura e innovazione. Dalle sue umili origini come riserva naturale a Guangzhou, Chimelong \u00e8 cresciuta fino a diventare il principale marchio integrato di turismo e tempo libero in Asia, rinomato per attrazioni rivoluzionarie come <strong>Parco safari di Chimelong<\/strong>, <strong>Circo Internazionale Chimelong<\/strong>, e il record <strong>Regno dell&#039;oceano di Chimelong<\/strong> a Hengqin.<\/p><p>Con l&#039;espansione dell&#039;ambizione di Chimelong, \u00e8 cresciuta anche la sua visione per Hengqin: un&#039;isola un tempo tranquilla, trasformata da una strategia nazionale in un dinamico polo di innovazione transfrontaliero. Riconoscendo l&#039;importanza geopolitica unica di Hengqin come banco di prova per la collaborazione tra Guangdong e Macao, il Gruppo Chimelong si \u00e8 prefissato di creare non solo un altro hotel, ma un <strong>santuario di punta<\/strong> che riflettesse lo spirito di questa nuova era: aperto, lungimirante e profondamente radicato nella tradizione cinese.<\/p><p>Cos\u00ec, <strong>Chimelong Hengqin Bay Hotel<\/strong> \u00e8 stato concepito non semplicemente come un luogo di riposo, ma come un&#039;estensione dell&#039;esperienza Chimelong stessa. Aperto come <strong>fiore all&#039;occhiello del portfolio alberghiero di Chimelong<\/strong>, l&#039;hotel \u00e8 stato meticolosamente progettato per armonizzarsi con il suo ambiente costiero, offrendo al contempo un accesso senza pari alle meraviglie di <strong>Chimelong International Ocean Resort<\/strong>. Ogni curva architettonica, dettaglio degli interni e punto di contatto del servizio \u00e8 stato infuso con l&#039;intenzione: accogliere gli ospiti in un viaggio senza soluzione di continuit\u00e0 in cui <strong>l&#039;avventura incontra la serenit\u00e0<\/strong>, E <strong>la modernit\u00e0 dialoga con la tradizione<\/strong>.<\/p><p>La posizione dell&#039;hotel \u00e8 stata scelta con uno scopo ben preciso. Arroccato su <strong>Baia di Fuxiang<\/strong>, si affaccia su acque scintillanti che simboleggiano lo scambio fluido tra la Cina continentale e Macao, una metafora adatta alla missione di Chimelong di promuovere il turismo transfrontaliero, la comprensione culturale e lo sviluppo sostenibile. Costruito all&#039;interno del <strong>Zona di cooperazione approfondita Guangdong-Macao<\/strong>, la propriet\u00e0 \u00e8 in linea con le politiche nazionali che promuovono l&#039;innovazione economica e sociale integrata, rendendola non solo una destinazione turistica, ma anche un partecipante alla pi\u00f9 ampia narrazione dello sviluppo della Cina.<\/p><p>Fin dall&#039;inizio, la sostenibilit\u00e0 e il benessere degli ospiti sono stati al centro della nostra filosofia. Il design integra <strong>materiali eco-consapevoli<\/strong>, <strong>sistemi ad alta efficienza energetica<\/strong>, E <strong>elementi biofilici<\/strong>\u2014dalle pareti verdi interne alle ampie finestre che incorniciano la luce naturale e le viste sulla baia\u2014assicurando che il lusso non vada mai a discapito dell&#039;ambiente. Nel frattempo, gli interni si intrecciano <strong>Motivi culturali Lingnan<\/strong>\u2014sottili intagli, trame di seta e tavolozze di colori a inchiostro\u2014in spazi contemporanei, rendendo omaggio alla ricca eredit\u00e0 artistica del Guangdong e rivolgendosi al contempo alla sensibilit\u00e0 globale.<\/p><p>Ma ci\u00f2 che definisce veramente la nostra storia \u00e8 <strong>persone<\/strong>. Dagli architetti che hanno plasmato la silhouette dello skyline alle governanti che piegano cigni origami sui cuscini degli ospiti, ogni membro del team del Chimelong Hengqin Bay Hotel \u00e8 un custode della promessa di Chimelong: <em>per creare momenti che durano una vita<\/em>. Che si tratti di accogliere una famiglia alla sua prima avventura in un parco a tema, di ospitare una delegazione aziendale di Macao per colloqui di alto livello o di offrire un tranquillo balcone a un viaggiatore solitario per ammirare il tramonto sul Mar Cinese Meridionale, crediamo che l&#039;ospitalit\u00e0 sia un atto di cura.<\/p><p>Oggi, come il <strong>Negozio principale di Chimelong<\/strong>, Questo hotel \u00e8 un esempio di ci\u00f2 che \u00e8 possibile quando l&#039;immaginazione incontra l&#039;opportunit\u00e0. \u00c8 qui che le risate dei bambini riecheggiano dall&#039;Ocean Kingdom nelle suite lussuose, dove i dirigenti concludono accordi con la vista sulla baia sullo sfondo e dove i viaggiatori da Pechino a Lisbona scoprono il calore dell&#039;ospitalit\u00e0 della Cina meridionale: raffinata, raffinata e inconfondibilmente Chimelong.<\/p><p>Questa non \u00e8 solo la nostra storia.<br \/>\u00c8 l&#039;inizio del tuo.<\/p><p data-spm-anchor-id=\"a2ty_o01.29997173.0.i76.78f0c921rvdF0I\"><em>Chimelong Hengqin Bay Hotel: nato da una visione, costruito per la connessione, progettato per la meraviglia.<\/em><br \/>\ud83d\udccd Fuxiang Bay, zona di cooperazione approfondita Guangdong-Macao, Hengqin, citt\u00e0 di Zhuhai, Guangdong 519031, Repubblica Popolare Cinese<\/p>\t\t\t\t\t\t\t\t<\/div>\n\t\t\t\t\t<\/div>\n\t\t\t\t<\/div>\n\t\t\t\t<section class=\"elementor-section elementor-top-section elementor-element elementor-element-7d5a0827 elementor-section-stretched elementor-section-boxed elementor-section-gap-beside-yes elementor-section-height-default elementor-section-height-default elementor-section-column-vertical-align-stretch\" data-id=\"7d5a0827\" data-element_type=\"section\" data-e-type=\"section\" data-settings=\"{&quot;background_background&quot;:&quot;classic&quot;,&quot;stretch_section&quot;:&quot;section-stretched&quot;}\">\n\t\t\t\t\t\t<div class=\"elementor-container elementor-column-gap-extended\">\n\t\t\t\t\t<div class=\"elementor-column elementor-col-100 elementor-top-column elementor-element elementor-element-38df473d\" data-id=\"38df473d\" data-element_type=\"column\" data-e-type=\"column\">\n\t\t\t<div class=\"elementor-widget-wrap elementor-element-populated\">\n\t\t\t\t\t\t<div class=\"elementor-element elementor-element-14e57aee elementor-widget elementor-widget-nuss-heading\" data-id=\"14e57aee\" data-element_type=\"widget\" data-e-type=\"widget\" data-widget_type=\"nuss-heading.default\">\n\t\t\t\t<div class=\"elementor-widget-container\">\n\t\t\t\t\t\t\t<div class=\"nuss-modern-heading\">\r\n\t\t\t\t\t\t<div class=\"heading-secondary-wrap\">\r\n\t\t\t\t<h3 class=\"heading-secondary elementor-heading-title\">Controlla disponibile <\/h3>\t\t\t<\/div>\r\n\t\t\r\n\t\t\t\r\n\t\t\t\r\n\t\t\t\t\t<\/div>\r\n\t\t\t\t\t<\/div>\n\t\t\t\t<\/div>\n\t\t\t\t<div class=\"elementor-element elementor-element-d71443d elementor-widget elementor-widget-text-editor\" data-id=\"d71443d\" data-element_type=\"widget\" data-e-type=\"widget\" data-widget_type=\"text-editor.default\">\n\t\t\t\t\t\t\t\t\t<iframe border=\"0\" src=\"https:\/\/www.trip.com\/partners\/ad\/S5637697?Allianceid=4590391&#038;SID=263365124&#038;trip_sub1=\" style=\"width:1200px;height:200px\" frameborder=\"0\" scrolling=\"no\" id=\"S5637697\"><\/iframe>\t\t\t\t\t\t\t\t<\/div>\n\t\t\t\t\t<\/div>\n\t\t<\/div>\n\t\t\t\t\t<\/div>\n\t\t<\/section>\n\t\t\t\t<\/div>","protected":false},"excerpt":{"rendered":"<p>Where Vision Meets the Bay \u2013 The Birth of Chimelong Hengqin Bay Hotel (Chimelong Flagship Store) Nestled along the tranquil shores of Fuxiang Bay in the pioneering Guangdong-Macao In-depth Cooperation Zone, the Chimelong Hengqin Bay Hotel (Chimelong Flagship Store) is far more than a luxury accommodation\u2014it is the embodiment of a bold vision: to create [&hellip;]<\/p>\n","protected":false},"author":1,"featured_media":0,"parent":0,"menu_order":0,"comment_status":"closed","ping_status":"closed","template":"","meta":{"footnotes":""},"class_list":["post-2104","page","type-page","status-publish","hentry","post-no-thumbnail"],"_links":{"self":[{"href":"https:\/\/chimelonghengqinbay.com\/it\/wp-json\/wp\/v2\/pages\/2104","targetHints":{"allow":["GET"]}}],"collection":[{"href":"https:\/\/chimelonghengqinbay.com\/it\/wp-json\/wp\/v2\/pages"}],"about":[{"href":"https:\/\/chimelonghengqinbay.com\/it\/wp-json\/wp\/v2\/types\/page"}],"author":[{"embeddable":true,"href":"https:\/\/chimelonghengqinbay.com\/it\/wp-json\/wp\/v2\/users\/1"}],"replies":[{"embeddable":true,"href":"https:\/\/chimelonghengqinbay.com\/it\/wp-json\/wp\/v2\/comments?post=2104"}],"version-history":[{"count":0,"href":"https:\/\/chimelonghengqinbay.com\/it\/wp-json\/wp\/v2\/pages\/2104\/revisions"}],"wp:attachment":[{"href":"https:\/\/chimelonghengqinbay.com\/it\/wp-json\/wp\/v2\/media?parent=2104"}],"curies":[{"name":"parola chiave","href":"https:\/\/api.w.org\/{rel}","templated":true}]}}