{"id":612,"date":"2021-03-26T10:04:13","date_gmt":"2021-03-26T10:04:13","guid":{"rendered":"http:\/\/localhost\/nuss\/?page_id=612"},"modified":"2025-09-29T15:13:03","modified_gmt":"2025-09-29T15:13:03","slug":"restaurant","status":"publish","type":"page","link":"https:\/\/chimelonghengqinbay.com\/fr\/restaurant\/","title":{"rendered":"Restaurant"},"content":{"rendered":"<div data-elementor-type=\"wp-page\" data-elementor-id=\"612\" class=\"elementor elementor-612\">\n\t\t\t\t\t\t<section class=\"elementor-section elementor-top-section elementor-element elementor-element-e2effe8 elementor-section-boxed elementor-section-gap-beside-yes elementor-section-height-default elementor-section-height-default elementor-section-column-vertical-align-stretch\" data-id=\"e2effe8\" data-element_type=\"section\" data-e-type=\"section\">\n\t\t\t\t\t\t<div class=\"elementor-container elementor-column-gap-extended\">\n\t\t\t\t\t<div class=\"elementor-column elementor-col-100 elementor-top-column elementor-element elementor-element-e18f688\" data-id=\"e18f688\" data-element_type=\"column\" data-e-type=\"column\">\n\t\t\t<div class=\"elementor-widget-wrap elementor-element-populated\">\n\t\t\t\t\t\t<div class=\"elementor-element elementor-element-6db146d elementor-widget__width-initial elementor-invisible elementor-widget elementor-widget-text-editor\" data-id=\"6db146d\" data-element_type=\"widget\" data-e-type=\"widget\" data-settings=\"{&quot;_animation&quot;:&quot;nussFadeInUp&quot;}\" data-widget_type=\"text-editor.default\">\n\t\t\t\t\t\t\t\t\t<p><strong data-spm-anchor-id=\"a2ty_o01.29997173.0.i78.78f0c921rvdF0I\">Excellence culinaire au bord de la baie\u00a0: d\u00e9couvrez les restaurants embl\u00e9matiques du Chimelong Hengqin Bay Hotel (magasin phare de Chimelong)<\/strong><\/p>\t\t\t\t\t\t\t\t<\/div>\n\t\t\t\t\t<\/div>\n\t\t<\/div>\n\t\t\t\t\t<\/div>\n\t\t<\/section>\n\t\t<div class=\"elementor-element elementor-element-764955e e-flex e-con-boxed e-con e-parent\" data-id=\"764955e\" data-element_type=\"container\" data-e-type=\"container\">\n\t\t\t\t\t<div class=\"e-con-inner\">\n\t\t<div class=\"elementor-element elementor-element-3a71d84 e-con-full e-flex e-con e-child\" data-id=\"3a71d84\" data-element_type=\"container\" data-e-type=\"container\">\n\t\t\t\t<div class=\"elementor-element elementor-element-81a00fb elementor-widget elementor-widget-text-editor\" data-id=\"81a00fb\" data-element_type=\"widget\" data-e-type=\"widget\" data-widget_type=\"text-editor.default\">\n\t\t\t\t\t\t\t\t\t<p>Perch\u00e9 sur les rives sereines de <strong>Baie de Fuxiang<\/strong> dans la dynamique <strong>Zone de coop\u00e9ration approfondie Guangdong-Macao<\/strong>, le <strong>H\u00f4tel Chimelong Hengqin Bay (magasin phare de Chimelong)<\/strong> red\u00e9finit la gastronomie c\u00f4ti\u00e8re avec une collection de <strong>des lieux de restauration inspir\u00e9s par des prix et soigneusement s\u00e9lectionn\u00e9s<\/strong> qui c\u00e9l\u00e8brent le riche patrimoine culinaire du Guangdong, les saveurs vibrantes de Macao et la sophistication de la cuisine mondiale, le tout servi dans un d\u00e9cor de vue panoramique sur la baie et d&#039;\u00e9l\u00e9gance contemporaine.<\/p><div class=\"my-2\">\u00a0<\/div><p data-spm-anchor-id=\"a2ty_o01.29997173.0.i79.78f0c921rvdF0I\">En tant que destination h\u00f4teli\u00e8re phare de <strong>Hengqin, Zhuhai<\/strong>, \u00e0 quelques pas de <strong>Royaume oc\u00e9anique de Chimelong<\/strong> et \u00e0 quelques minutes de la <strong>Fronti\u00e8re de Macao<\/strong>, les restaurants de l&#039;h\u00f4tel sont con\u00e7us non seulement pour satisfaire la faim mais aussi pour cr\u00e9er <strong>voyages sensoriels m\u00e9morables<\/strong> Pour les familles, les couples, les voyageurs d&#039;affaires et les gourmets. Que vous commenciez la journ\u00e9e par un dim sum artisanal, un festin de fruits de mer au coucher du soleil ou un cocktail artisanal sous les \u00e9toiles, chaque repas ici est une invitation \u00e0 savourer l&#039;esprit transfrontalier unique de la Grande Baie.<\/p>\t\t\t\t\t\t\t\t<\/div>\n\t\t\t\t<\/div>\n\t\t<div class=\"elementor-element elementor-element-bb76a06 e-con-full e-flex e-con e-child\" data-id=\"bb76a06\" data-element_type=\"container\" data-e-type=\"container\">\n\t\t\t\t<div class=\"elementor-element elementor-element-636ac5f elementor-widget elementor-widget-image\" data-id=\"636ac5f\" data-element_type=\"widget\" data-e-type=\"widget\" data-widget_type=\"image.default\">\n\t\t\t\t\t\t\t\t\t\t\t\t\t\t\t<img fetchpriority=\"high\" decoding=\"async\" width=\"1024\" height=\"682\" src=\"https:\/\/chimelonghengqinbay.com\/wp-content\/uploads\/2025\/09\/ChimelongHengqinBayHotel-110-1024x682.webp\" class=\"attachment-large size-large wp-image-6482\" alt=\"\" srcset=\"https:\/\/chimelonghengqinbay.com\/wp-content\/uploads\/2025\/09\/ChimelongHengqinBayHotel-110-1024x682.webp 1024w, https:\/\/chimelonghengqinbay.com\/wp-content\/uploads\/2025\/09\/ChimelongHengqinBayHotel-110-300x200.webp 300w, https:\/\/chimelonghengqinbay.com\/wp-content\/uploads\/2025\/09\/ChimelongHengqinBayHotel-110-768x512.webp 768w, https:\/\/chimelonghengqinbay.com\/wp-content\/uploads\/2025\/09\/ChimelongHengqinBayHotel-110-18x12.webp 18w, https:\/\/chimelonghengqinbay.com\/wp-content\/uploads\/2025\/09\/ChimelongHengqinBayHotel-110.webp 1280w\" sizes=\"(max-width: 1024px) 100vw, 1024px\" \/>\t\t\t\t\t\t\t\t\t\t\t\t\t\t\t<\/div>\n\t\t\t\t<\/div>\n\t\t\t\t\t<\/div>\n\t\t\t\t<\/div>\n\t\t<div class=\"elementor-element elementor-element-e5626a7 e-flex e-con-boxed e-con e-parent\" data-id=\"e5626a7\" data-element_type=\"container\" data-e-type=\"container\">\n\t\t\t\t\t<div class=\"e-con-inner\">\n\t\t\t\t<div class=\"elementor-element elementor-element-4ac24e6 elementor-widget elementor-widget-nuss-image-gallery\" data-id=\"4ac24e6\" data-element_type=\"widget\" data-e-type=\"widget\" data-widget_type=\"nuss-image-gallery.default\">\n\t\t\t\t<div class=\"elementor-widget-container\">\n\t\t\t\t\t\t\t<div class=\"nuss-grid-wrapper\" data-grid=\"{&quot;type&quot;:&quot;grid&quot;,&quot;ratio&quot;:null,&quot;columns&quot;:3,&quot;gutter&quot;:30}\">\r\n\t\t\t<div class=\"nuss-grid lazy-grid\">\r\n\t\t\t\t<div class=\"grid-sizer\"><\/div>\r\n\r\n\t\t\t\t\t\t\t\t\t\t\t\t<div class=\"grid-item\">\r\n\t\t\t\t\t\t<div class=\"nuss-box\">\t\t<div class=\"nuss-image image\">\r\n\t\t\t<img decoding=\"async\"  src=\"https:\/\/chimelonghengqinbay.com\/wp-content\/uploads\/2025\/09\/ChimelongHengqinBayHotel-109.webp\" alt=\"H\u00f4tel Chimelong HengqinBay (109)\" \/>\t\t<\/div>\r\n\t\t\t\t<\/div>\t\t\t\t\t<\/div>\r\n\t\t\t\t\t\t<div class=\"grid-item\">\r\n\t\t\t\t\t\t<div class=\"nuss-box\">\t\t<div class=\"nuss-image image\">\r\n\t\t\t<img decoding=\"async\"  src=\"https:\/\/chimelonghengqinbay.com\/wp-content\/uploads\/2025\/09\/ChimelongHengqinBayHotel-62.webp\" alt=\"H\u00f4tel Chimelong HengqinBay (62)\" \/>\t\t<\/div>\r\n\t\t\t\t<\/div>\t\t\t\t\t<\/div>\r\n\t\t\t\t\t\t<div class=\"grid-item\">\r\n\t\t\t\t\t\t<div class=\"nuss-box\">\t\t<div class=\"nuss-image image\">\r\n\t\t\t<img decoding=\"async\"  src=\"https:\/\/chimelonghengqinbay.com\/wp-content\/uploads\/2025\/09\/ChimelongHengqinBayHotel-60.webp\" alt=\"H\u00f4tel Chimelong HengqinBay (60)\" \/>\t\t<\/div>\r\n\t\t\t\t<\/div>\t\t\t\t\t<\/div>\r\n\t\t\t\t\t\t<div class=\"grid-item\">\r\n\t\t\t\t\t\t<div class=\"nuss-box\">\t\t<div class=\"nuss-image image\">\r\n\t\t\t<img decoding=\"async\"  src=\"https:\/\/chimelonghengqinbay.com\/wp-content\/uploads\/2025\/09\/ChimelongHengqinBayHotel-5.webp\" alt=\"H\u00f4tel ChimelongHengqinBay (5)\" \/>\t\t<\/div>\r\n\t\t\t\t<\/div>\t\t\t\t\t<\/div>\r\n\t\t\t\t\t\t<div class=\"grid-item\">\r\n\t\t\t\t\t\t<div class=\"nuss-box\">\t\t<div class=\"nuss-image image\">\r\n\t\t\t<img decoding=\"async\"  src=\"https:\/\/chimelonghengqinbay.com\/wp-content\/uploads\/2025\/09\/ChimelongHengqinBayHotel-12.webp\" alt=\"H\u00f4tel ChimelongHengqinBay (12)\" \/>\t\t<\/div>\r\n\t\t\t\t<\/div>\t\t\t\t\t<\/div>\r\n\t\t\t\t\t\t<div class=\"grid-item\">\r\n\t\t\t\t\t\t<div class=\"nuss-box\">\t\t<div class=\"nuss-image image\">\r\n\t\t\t<img decoding=\"async\"  src=\"https:\/\/chimelonghengqinbay.com\/wp-content\/uploads\/2025\/09\/ChimelongHengqinBayHotel-11.webp\" alt=\"H\u00f4tel ChimelongHengqinBay (11)\" \/>\t\t<\/div>\r\n\t\t\t\t<\/div>\t\t\t\t\t<\/div>\r\n\t\t\t\t\t\t<div class=\"grid-item\">\r\n\t\t\t\t\t\t<div class=\"nuss-box\">\t\t<div class=\"nuss-image image\">\r\n\t\t\t<img decoding=\"async\"  src=\"https:\/\/chimelonghengqinbay.com\/wp-content\/uploads\/2025\/09\/ChimelongHengqinBayHotel-9.webp\" alt=\"H\u00f4tel Chimelong HengqinBay (9)\" \/>\t\t<\/div>\r\n\t\t\t\t<\/div>\t\t\t\t\t<\/div>\r\n\t\t\t\t\t\t<div class=\"grid-item\">\r\n\t\t\t\t\t\t<div class=\"nuss-box\">\t\t<div class=\"nuss-image image\">\r\n\t\t\t<img decoding=\"async\"  src=\"https:\/\/chimelonghengqinbay.com\/wp-content\/uploads\/2025\/09\/ChimelongHengqinBayHotel-10.webp\" alt=\"H\u00f4tel Chimelong HengqinBay (10)\" \/>\t\t<\/div>\r\n\t\t\t\t<\/div>\t\t\t\t\t<\/div>\r\n\t\t\t\t\t\t<div class=\"grid-item\">\r\n\t\t\t\t\t\t<div class=\"nuss-box\">\t\t<div class=\"nuss-image image\">\r\n\t\t\t<img decoding=\"async\"  src=\"https:\/\/chimelonghengqinbay.com\/wp-content\/uploads\/2025\/09\/ChimelongHengqinBayHotel-8.webp\" alt=\"H\u00f4tel ChimelongHengqinBay (8)\" \/>\t\t<\/div>\r\n\t\t\t\t<\/div>\t\t\t\t\t<\/div>\r\n\t\t\t\t\t\t<div class=\"grid-item\">\r\n\t\t\t\t\t\t<div class=\"nuss-box\">\t\t<div class=\"nuss-image image\">\r\n\t\t\t<img decoding=\"async\"  src=\"https:\/\/chimelonghengqinbay.com\/wp-content\/uploads\/2025\/09\/ChimelongHengqinBayHotel-7.webp\" alt=\"H\u00f4tel Chimelong HengqinBay (7)\" \/>\t\t<\/div>\r\n\t\t\t\t<\/div>\t\t\t\t\t<\/div>\r\n\t\t\t\t\t\t<div class=\"grid-item\">\r\n\t\t\t\t\t\t<div class=\"nuss-box\">\t\t<div class=\"nuss-image image\">\r\n\t\t\t<img decoding=\"async\"  src=\"https:\/\/chimelonghengqinbay.com\/wp-content\/uploads\/2025\/09\/ChimelongHengqinBayHotel-6.webp\" alt=\"H\u00f4tel ChimelongHengqinBay (6)\" \/>\t\t<\/div>\r\n\t\t\t\t<\/div>\t\t\t\t\t<\/div>\r\n\t\t\t\t\t\t<div class=\"grid-item\">\r\n\t\t\t\t\t\t<div class=\"nuss-box\">\t\t<div class=\"nuss-image image\">\r\n\t\t\t<img decoding=\"async\"  src=\"https:\/\/chimelonghengqinbay.com\/wp-content\/uploads\/2025\/09\/ChimelongHengqinBayHotel-13.webp\" alt=\"H\u00f4tel Chimelong HengqinBay (13)\" \/>\t\t<\/div>\r\n\t\t\t\t<\/div>\t\t\t\t\t<\/div>\r\n\t\t\t\t\t\t<div class=\"grid-item\">\r\n\t\t\t\t\t\t<div class=\"nuss-box\">\t\t<div class=\"nuss-image image\">\r\n\t\t\t<img decoding=\"async\"  src=\"https:\/\/chimelonghengqinbay.com\/wp-content\/uploads\/2025\/09\/ChimelongHengqinBayHotel-16.webp\" alt=\"H\u00f4tel Chimelong HengqinBay (16)\" \/>\t\t<\/div>\r\n\t\t\t\t<\/div>\t\t\t\t\t<\/div>\r\n\t\t\t\t\t\t<div class=\"grid-item\">\r\n\t\t\t\t\t\t<div class=\"nuss-box\">\t\t<div class=\"nuss-image image\">\r\n\t\t\t<img decoding=\"async\"  src=\"https:\/\/chimelonghengqinbay.com\/wp-content\/uploads\/2025\/09\/ChimelongHengqinBayHotel-20.webp\" alt=\"H\u00f4tel Chimelong HengqinBay (20)\" \/>\t\t<\/div>\r\n\t\t\t\t<\/div>\t\t\t\t\t<\/div>\r\n\t\t\t\t\t\t\t\r\n\t\t\t<\/div>\r\n\t\t<\/div>\r\n\t\t\t\t\t\t<\/div>\n\t\t\t\t<\/div>\n\t\t\t\t\t<\/div>\n\t\t\t\t<\/div>\n\t\t<div class=\"elementor-element elementor-element-d05381b e-flex e-con-boxed e-con e-parent\" data-id=\"d05381b\" data-element_type=\"container\" data-e-type=\"container\">\n\t\t\t\t\t<div class=\"e-con-inner\">\n\t\t\t\t<div class=\"elementor-element elementor-element-53bd849 elementor-widget elementor-widget-text-editor\" data-id=\"53bd849\" data-element_type=\"widget\" data-e-type=\"widget\" data-widget_type=\"text-editor.default\">\n\t\t\t\t\t\t\t\t\t<h3><strong data-spm-anchor-id=\"a2ty_o01.29997173.0.i82.78f0c921rvdF0I\">Cour Yue \u2013 Un hommage moderne \u00e0 la ma\u00eetrise cantonaise<\/strong><\/h3><p>Au c\u0153ur de l&#039;identit\u00e9 culinaire de l&#039;h\u00f4tel se trouve <strong>Cour de Yue<\/strong>, un restaurant cantonais haut de gamme o\u00f9 techniques ancestrales et pr\u00e9sentation innovante se conjuguent. Dirig\u00e9 par des chefs chevronn\u00e9s de Guangzhou et de Macao, la cuisine s&#039;approvisionne <strong>fruits de mer frais du jour de la mer de Chine m\u00e9ridionale<\/strong>, des produits biologiques provenant de fermes locales et des ingr\u00e9dients de premi\u00e8re qualit\u00e9 comme <strong>ormeau, nid d&#039;oiseau et truffes du Yunnan<\/strong>Les plats signatures comprennent <strong>ormeau brais\u00e9 lentement avec sauce aux hu\u00eetres<\/strong>, <strong>cochon de lait croustillant avec gla\u00e7age aux prunes<\/strong>, et <strong>garoupa \u00e0 la vapeur avec \u00e9mulsion gingembre-oignon vert<\/strong>\u2014 Chaque assiette t\u00e9moigne de la subtilit\u00e9 et de l&#039;\u00e9quilibre qui caract\u00e9risent la cuisine authentique de Lingnan. Avec ses salles \u00e0 manger priv\u00e9es et sa vue sur la baie, le Yue Court est id\u00e9al pour les banquets d&#039;affaires, les r\u00e9unions de famille ou les d\u00eeners de f\u00eate.<\/p><h3 data-spm-anchor-id=\"a2ty_o01.29997173.0.i81.78f0c921rvdF0I\"><strong>Bay Bistro \u2013 Saveurs du monde avec une \u00e2me c\u00f4ti\u00e8re<\/strong><\/h3><p>Pour ceux qui recherchent la vari\u00e9t\u00e9, <strong>Bistro de la Baie<\/strong> Il propose un copieux buffet international et un menu \u00e0 la carte dans un espace lumineux et a\u00e9r\u00e9, encadr\u00e9 de baies vitr\u00e9es donnant sur la baie de Fuxiang. Le petit-d\u00e9jeuner <strong>stations en direct pour omelettes, congee et p\u00e2tisseries occidentales sur commande<\/strong>, tandis que le d\u00eener se transforme en un tour du monde culinaire, de <strong>Sashimi japonais et p\u00e2tes italiennes<\/strong> \u00e0 <strong>Poulet africain \u00e0 la Macao<\/strong> et <strong>Riz en pot d&#039;argile inspir\u00e9 de Zhuhai<\/strong>Les brunchs du week-end sont particuli\u00e8rement populaires, avec <strong>accords mets-champagne, tours de fruits de mer et buffets de desserts<\/strong> qui ravissent les h\u00f4tes de tous \u00e2ges.<\/p><h3><strong>Lobby Lounge \u2013 Th\u00e9 de l&#039;apr\u00e8s-midi et moments raffin\u00e9s<\/strong><\/h3><p>L&#039;\u00e9l\u00e9gance rencontre la d\u00e9tente au <strong>Salon du hall<\/strong>, o\u00f9 les invit\u00e9s se d\u00e9tendent avec <strong>th\u00e9s chinois artisanaux<\/strong>, <strong>caf\u00e9 vers\u00e9 \u00e0 la main<\/strong>, et une exquise <strong>service \u00e0 th\u00e9 de l&#039;apr\u00e8s-midi<\/strong> qui m\u00e9lange l&#039;Orient et l&#039;Occident. Pensez <strong>\u00e9clairs au matcha, panna cotta \u00e0 l&#039;osmanthus et char siu bao miniature<\/strong>\u2014 le tout servi dans une porcelaine sur mesure avec vue sur les jardins paysagers du complexe. Cet espace serein est id\u00e9al pour les rencontres avant le parc, les rafra\u00eechissements apr\u00e8s une aventure ou les conversations d&#039;affaires tranquilles.<\/p><h3><strong>Macao Fusion Bar \u2013 Quand l&#039;Orient rencontre le style lusophone<\/strong><\/h3><p>C\u00e9l\u00e9brer la position unique de Hengqin dans le <strong>Zone de coop\u00e9ration Guangdong-Macao<\/strong>, le <strong>Macao Fusion Bar<\/strong> propose une exp\u00e9rience de mixologie unique inspir\u00e9e de l&#039;h\u00e9ritage luso-chinois de Macao. Savourez des cocktails cr\u00e9atifs comme le <strong>\u00ab Spritz au Porto Lotus \u00bb<\/strong> (avec litchi, fleur de sureau et gin de Macao) ou <strong>\u00ab Bacalhau \u00e0 l&#039;ancienne \u00bb<\/strong> (infus\u00e9 \u00e0 l&#039;essence de morue sal\u00e9e, un clin d&#039;\u0153il ludique \u00e0 la tradition macanaise). Les bouch\u00e9es l\u00e9g\u00e8res comprennent <strong>Tartelettes portugaises \u00e0 la cr\u00e8me anglaise et au s\u00e9same noir<\/strong>, <strong>brochettes de crevettes piri-piri \u00e9pic\u00e9es<\/strong>, et <strong>mini pains aux c\u00f4telettes de porc<\/strong>\u2014id\u00e9al pour socialiser au coucher du soleil.<\/p><h3><strong>Une salle \u00e0 manger con\u00e7ue pour chaque invit\u00e9<\/strong><\/h3><p>Tous les restaurants donnent la priorit\u00e9 <strong>fra\u00eecheur, durabilit\u00e9 et inclusion alimentaire<\/strong>, offrant <strong>options v\u00e9g\u00e9tariennes, halal et adapt\u00e9es aux enfants<\/strong>. Les menus sont disponibles en <strong>chinois, anglais et portugais<\/strong>, refl\u00e9tant l&#039;engagement de l&#039;h\u00f4tel envers l&#039;hospitalit\u00e9 transfrontali\u00e8re. Pour un confort optimal, <strong>Service en chambre 24h\/24<\/strong> apporte les m\u00eames plats de haute qualit\u00e9 sur votre balcon priv\u00e9 ou votre suite, parfait apr\u00e8s un spectacle de fin de soir\u00e9e au Chimelong Theatre.<\/p><p>Strat\u00e9giquement situ\u00e9 \u00e0 <strong>Baie de Fuxiang, Hengqin, ville de Zhuhai, Guangdong 519031, RP Chine<\/strong>Les restaurants du Chimelong Hengqin Bay Hotel sont bien plus que de simples lieux de restauration : ils sont <strong>ponts culturels<\/strong>, <strong>lieux de rassemblement familial<\/strong>, et <strong>destinations gastronomiques<\/strong> Que vous soyez un habitant de Zhuhai explorant le luxe de la r\u00e9gion, un voyageur international \u00e0 la d\u00e9couverte de la cuisine de Macao, ou un visiteur de parc d&#039;attractions en qu\u00eate d&#039;une pause raffin\u00e9e, nos restaurants vous promettent une exp\u00e9rience inoubliable de la fusion la plus excitante de la Grande Baie\u00a0: <strong>tradition, innovation et beaut\u00e9 du front de mer<\/strong>.<\/p><p data-spm-anchor-id=\"a2ty_o01.29997173.0.i83.78f0c921rvdF0I\"><strong>R\u00e9servez votre table d\u00e8s aujourd&#039;hui et laissez chaque bouch\u00e9e raconter une histoire de Hengqin, d&#039;h\u00e9ritage et d&#039;harmonie.<\/strong><\/p>\t\t\t\t\t\t\t\t<\/div>\n\t\t\t\t\t<\/div>\n\t\t\t\t<\/div>\n\t\t\t\t<section class=\"elementor-section elementor-top-section elementor-element elementor-element-6ff67410 elementor-section-stretched elementor-section-boxed elementor-section-gap-beside-yes elementor-section-height-default elementor-section-height-default elementor-section-column-vertical-align-stretch\" data-id=\"6ff67410\" data-element_type=\"section\" data-e-type=\"section\" data-settings=\"{&quot;background_background&quot;:&quot;classic&quot;,&quot;stretch_section&quot;:&quot;section-stretched&quot;}\">\n\t\t\t\t\t\t<div class=\"elementor-container elementor-column-gap-extended\">\n\t\t\t\t\t<div class=\"elementor-column elementor-col-100 elementor-top-column elementor-element elementor-element-20e9250a\" data-id=\"20e9250a\" data-element_type=\"column\" data-e-type=\"column\">\n\t\t\t<div class=\"elementor-widget-wrap elementor-element-populated\">\n\t\t\t\t\t\t<div class=\"elementor-element elementor-element-298b7790 elementor-widget elementor-widget-nuss-heading\" data-id=\"298b7790\" data-element_type=\"widget\" data-e-type=\"widget\" data-widget_type=\"nuss-heading.default\">\n\t\t\t\t<div class=\"elementor-widget-container\">\n\t\t\t\t\t\t\t<div class=\"nuss-modern-heading\">\r\n\t\t\t\t\t\t<div class=\"heading-secondary-wrap\">\r\n\t\t\t\t<h3 class=\"heading-secondary elementor-heading-title\">Ch\u00e8que disponible <\/h3>\t\t\t<\/div>\r\n\t\t\r\n\t\t\t\r\n\t\t\t\r\n\t\t\t\t\t<\/div>\r\n\t\t\t\t\t<\/div>\n\t\t\t\t<\/div>\n\t\t\t\t<div class=\"elementor-element elementor-element-2c93e90e elementor-widget elementor-widget-text-editor\" data-id=\"2c93e90e\" data-element_type=\"widget\" data-e-type=\"widget\" data-widget_type=\"text-editor.default\">\n\t\t\t\t\t\t\t\t\t<iframe border=\"0\" src=\"https:\/\/www.trip.com\/partners\/ad\/S5637697?Allianceid=4590391&#038;SID=263365124&#038;trip_sub1=\" style=\"width:1200px;height:200px\" frameborder=\"0\" scrolling=\"no\" id=\"S5637697\"><\/iframe>\t\t\t\t\t\t\t\t<\/div>\n\t\t\t\t\t<\/div>\n\t\t<\/div>\n\t\t\t\t\t<\/div>\n\t\t<\/section>\n\t\t\t\t<\/div>","protected":false},"excerpt":{"rendered":"<p>Culinary Excellence by the Bay: Discover the Signature Restaurants of Chimelong Hengqin Bay Hotel (Chimelong Flagship Store) Perched on the serene shores of Fuxiang Bay within the dynamic Guangdong-Macao In-depth Cooperation Zone, the Chimelong Hengqin Bay Hotel (Chimelong Flagship Store) redefines coastal gastronomy with a collection of award-inspired, thoughtfully curated dining venues that celebrate the [&hellip;]<\/p>\n","protected":false},"author":1,"featured_media":0,"parent":0,"menu_order":0,"comment_status":"closed","ping_status":"closed","template":"","meta":{"footnotes":""},"class_list":["post-612","page","type-page","status-publish","hentry","post-no-thumbnail"],"_links":{"self":[{"href":"https:\/\/chimelonghengqinbay.com\/fr\/wp-json\/wp\/v2\/pages\/612","targetHints":{"allow":["GET"]}}],"collection":[{"href":"https:\/\/chimelonghengqinbay.com\/fr\/wp-json\/wp\/v2\/pages"}],"about":[{"href":"https:\/\/chimelonghengqinbay.com\/fr\/wp-json\/wp\/v2\/types\/page"}],"author":[{"embeddable":true,"href":"https:\/\/chimelonghengqinbay.com\/fr\/wp-json\/wp\/v2\/users\/1"}],"replies":[{"embeddable":true,"href":"https:\/\/chimelonghengqinbay.com\/fr\/wp-json\/wp\/v2\/comments?post=612"}],"version-history":[{"count":0,"href":"https:\/\/chimelonghengqinbay.com\/fr\/wp-json\/wp\/v2\/pages\/612\/revisions"}],"wp:attachment":[{"href":"https:\/\/chimelonghengqinbay.com\/fr\/wp-json\/wp\/v2\/media?parent=612"}],"curies":[{"name":"wp","href":"https:\/\/api.w.org\/{rel}","templated":true}]}}