{"id":5266,"date":"2021-07-18T08:03:35","date_gmt":"2021-07-18T08:03:35","guid":{"rendered":"https:\/\/nuss.uxper.co\/luxury-resort\/?page_id=5266"},"modified":"2025-09-29T13:30:15","modified_gmt":"2025-09-29T13:30:15","slug":"a-propos-de-nous","status":"publish","type":"page","link":"https:\/\/chimelonghengqinbay.com\/fr\/about-us\/","title":{"rendered":"\u00c0 propos de nous"},"content":{"rendered":"<div data-elementor-type=\"wp-page\" data-elementor-id=\"5266\" class=\"elementor elementor-5266\">\n\t\t\t\t\t\t<section class=\"elementor-section elementor-top-section elementor-element elementor-element-10416953 elementor-section-boxed elementor-section-gap-beside-yes elementor-section-height-default elementor-section-height-default elementor-section-column-vertical-align-stretch\" data-id=\"10416953\" data-element_type=\"section\" data-e-type=\"section\">\n\t\t\t\t\t\t<div class=\"elementor-container elementor-column-gap-extended\">\n\t\t\t\t\t<div class=\"elementor-column elementor-col-100 elementor-top-column elementor-element elementor-element-29c6aa8\" data-id=\"29c6aa8\" data-element_type=\"column\" data-e-type=\"column\">\n\t\t\t<div class=\"elementor-widget-wrap elementor-element-populated\">\n\t\t\t\t\t\t<div class=\"elementor-element elementor-element-7be18fe7 elementor-widget__width-initial elementor-invisible elementor-widget elementor-widget-text-editor\" data-id=\"7be18fe7\" data-element_type=\"widget\" data-e-type=\"widget\" data-settings=\"{&quot;_animation&quot;:&quot;nussFadeInUp&quot;}\" data-widget_type=\"text-editor.default\">\n\t\t\t\t\t\t\t\t\t<p>Bienvenue \u00e0 <strong data-spm-anchor-id=\"a2ty_o01.29997173.0.i42.78f0c921rvdF0I\">H\u00f4tel Chimelong Hengqin Bay (magasin phare de Chimelong)<\/strong><\/p>\t\t\t\t\t\t\t\t<\/div>\n\t\t\t\t\t<\/div>\n\t\t<\/div>\n\t\t\t\t\t<\/div>\n\t\t<\/section>\n\t\t\t\t<section class=\"elementor-section elementor-top-section elementor-element elementor-element-7d18327f elementor-section-boxed elementor-section-gap-beside-yes elementor-section-height-default elementor-section-height-default elementor-section-column-vertical-align-stretch\" data-id=\"7d18327f\" data-element_type=\"section\" data-e-type=\"section\">\n\t\t\t\t\t\t<div class=\"elementor-container elementor-column-gap-extended\">\n\t\t\t\t\t<div class=\"elementor-column elementor-col-50 elementor-top-column elementor-element elementor-element-56533670\" data-id=\"56533670\" data-element_type=\"column\" data-e-type=\"column\">\n\t\t\t<div class=\"elementor-widget-wrap elementor-element-populated\">\n\t\t\t\t\t\t<div class=\"elementor-element elementor-element-19c3f543 elementor-drop-cap-yes elementor-drop-cap-view-default elementor-invisible elementor-widget elementor-widget-text-editor\" data-id=\"19c3f543\" data-element_type=\"widget\" data-e-type=\"widget\" data-settings=\"{&quot;_animation&quot;:&quot;nussFadeInUp&quot;,&quot;drop_cap&quot;:&quot;yes&quot;}\" data-widget_type=\"text-editor.default\">\n\t\t\t\t\t\t\t\t\t<p>Une destination de luxe de premier ordre nich\u00e9e le long du pittoresque <strong>Baie de Fuxiang<\/strong> au c\u0153ur de la <strong>Zone de coop\u00e9ration approfondie Guangdong-Macao<\/strong>, <strong>Hengqin, Zhuhai, province du Guangdong, Chine<\/strong>. Strat\u00e9giquement situ\u00e9 \u00e0 quelques minutes de la <strong>Fronti\u00e8re de Macao<\/strong> et adjacent au c\u00e9l\u00e8bre <strong>Chimelong International Ocean Resort<\/strong>, cette propri\u00e9t\u00e9 phare red\u00e9finit l&#039;hospitalit\u00e9 haut de gamme avec son m\u00e9lange harmonieux de <strong>\u00e9l\u00e9gance moderne<\/strong>, <strong>L&#039;esth\u00e9tique culturelle de Lingnan<\/strong>, et <strong>\u00e9quipements de pointe<\/strong>.<\/p>\t\t\t\t\t\t\t\t<\/div>\n\t\t\t\t\t<\/div>\n\t\t<\/div>\n\t\t\t\t<div class=\"elementor-column elementor-col-50 elementor-top-column elementor-element elementor-element-30f14127\" data-id=\"30f14127\" data-element_type=\"column\" data-e-type=\"column\">\n\t\t\t<div class=\"elementor-widget-wrap elementor-element-populated\">\n\t\t\t\t\t\t<div class=\"elementor-element elementor-element-59aea08 elementor-widget elementor-widget-image\" data-id=\"59aea08\" data-element_type=\"widget\" data-e-type=\"widget\" data-widget_type=\"image.default\">\n\t\t\t\t\t\t\t\t\t\t\t\t\t\t\t<img fetchpriority=\"high\" decoding=\"async\" width=\"1024\" height=\"686\" src=\"https:\/\/chimelonghengqinbay.com\/wp-content\/uploads\/2025\/09\/ChimelongHengqinBayHotel-122-1024x686.webp\" class=\"attachment-large size-large wp-image-6494\" alt=\"\" srcset=\"https:\/\/chimelonghengqinbay.com\/wp-content\/uploads\/2025\/09\/ChimelongHengqinBayHotel-122-1024x686.webp 1024w, https:\/\/chimelonghengqinbay.com\/wp-content\/uploads\/2025\/09\/ChimelongHengqinBayHotel-122-300x201.webp 300w, https:\/\/chimelonghengqinbay.com\/wp-content\/uploads\/2025\/09\/ChimelongHengqinBayHotel-122-768x514.webp 768w, https:\/\/chimelonghengqinbay.com\/wp-content\/uploads\/2025\/09\/ChimelongHengqinBayHotel-122-18x12.webp 18w, https:\/\/chimelonghengqinbay.com\/wp-content\/uploads\/2025\/09\/ChimelongHengqinBayHotel-122.webp 1274w\" sizes=\"(max-width: 1024px) 100vw, 1024px\" \/>\t\t\t\t\t\t\t\t\t\t\t\t\t\t\t<\/div>\n\t\t\t\t\t<\/div>\n\t\t<\/div>\n\t\t\t\t\t<\/div>\n\t\t<\/section>\n\t\t\t\t<section class=\"elementor-section elementor-top-section elementor-element elementor-element-29fb8578 elementor-section-height-min-height elementor-section-stretched elementor-section-full_width elementor-section-items-stretch elementor-section-height-default elementor-section-column-vertical-align-stretch\" data-id=\"29fb8578\" data-element_type=\"section\" data-e-type=\"section\" data-settings=\"{&quot;stretch_section&quot;:&quot;section-stretched&quot;}\">\n\t\t\t\t\t\t<div class=\"elementor-container elementor-column-gap-no\">\n\t\t\t\t\t<div class=\"elementor-column elementor-col-50 elementor-top-column elementor-element elementor-element-40ac270b\" data-id=\"40ac270b\" data-element_type=\"column\" data-e-type=\"column\">\n\t\t\t<div class=\"elementor-widget-wrap elementor-element-populated\">\n\t\t\t\t\t\t<div class=\"elementor-element elementor-element-20872773 elementor-widget__width-initial elementor-widget-mobile__width-inherit elementor-invisible nuss-elementor-loading nuss-slide-in-right elementor-widget elementor-widget-image\" data-id=\"20872773\" data-element_type=\"widget\" data-e-type=\"widget\" data-settings=\"{&quot;_animation&quot;:&quot;nussSlideInRight&quot;}\" data-widget_type=\"image.default\">\n\t\t\t\t\t\t\t\t\t\t\t\t\t\t\t<img decoding=\"async\" width=\"1222\" height=\"853\" src=\"https:\/\/chimelonghengqinbay.com\/wp-content\/uploads\/2025\/09\/ChimelongHengqinBayHotel-127.webp\" class=\"attachment-full size-full wp-image-6499\" alt=\"\" srcset=\"https:\/\/chimelonghengqinbay.com\/wp-content\/uploads\/2025\/09\/ChimelongHengqinBayHotel-127.webp 1222w, https:\/\/chimelonghengqinbay.com\/wp-content\/uploads\/2025\/09\/ChimelongHengqinBayHotel-127-300x209.webp 300w, https:\/\/chimelonghengqinbay.com\/wp-content\/uploads\/2025\/09\/ChimelongHengqinBayHotel-127-1024x715.webp 1024w, https:\/\/chimelonghengqinbay.com\/wp-content\/uploads\/2025\/09\/ChimelongHengqinBayHotel-127-768x536.webp 768w, https:\/\/chimelonghengqinbay.com\/wp-content\/uploads\/2025\/09\/ChimelongHengqinBayHotel-127-18x12.webp 18w\" sizes=\"(max-width: 1222px) 100vw, 1222px\" \/>\t\t\t\t\t\t\t\t\t\t\t\t\t\t\t<\/div>\n\t\t\t\t\t<\/div>\n\t\t<\/div>\n\t\t\t\t<div class=\"elementor-column elementor-col-50 elementor-top-column elementor-element elementor-element-2dac103\" data-id=\"2dac103\" data-element_type=\"column\" data-e-type=\"column\">\n\t\t\t<div class=\"elementor-widget-wrap elementor-element-populated\">\n\t\t\t\t\t\t<div class=\"elementor-element elementor-element-6f1b8966 elementor-invisible elementor-widget elementor-widget-text-editor\" data-id=\"6f1b8966\" data-element_type=\"widget\" data-e-type=\"widget\" data-settings=\"{&quot;_animation&quot;:&quot;nussFadeInUp&quot;}\" data-widget_type=\"text-editor.default\">\n\t\t\t\t\t\t\t\t\t<p data-spm-anchor-id=\"a2ty_o01.29997173.0.i44.78f0c921rvdF0I\">Con\u00e7u pour les voyageurs exigeants, les familles et les voyageurs d&#039;affaires, le Chimelong Hengqin Bay Hotel propose <strong>chambres et suites spacieuses et soigneusement am\u00e9nag\u00e9es<\/strong> Offrant une vue panoramique sur la baie ou sur les jardins luxuriants, elles sont dot\u00e9es d&#039;un mobilier haut de gamme et d&#039;une technologie de pointe. Les clients b\u00e9n\u00e9ficient d&#039;un acc\u00e8s direct \u00e0 <strong>Les parcs \u00e0 th\u00e8me palpitants de Chimelong<\/strong>, y compris le Chimelong Ocean Kingdom et le Chimelong Theatre, tout en b\u00e9n\u00e9ficiant \u00e9galement de la proximit\u00e9 de l&#039;h\u00f4tel avec <strong>La vie urbaine anim\u00e9e de Zhuhai<\/strong> et <strong>Le charme cosmopolite de Macao<\/strong>.<\/p><p>L&#039;h\u00f4tel <strong>lieux de restauration prim\u00e9s<\/strong> pr\u00e9senter une fusion organis\u00e9e de <strong>cuisine cantonaise authentique<\/strong>, <strong>D\u00e9lices inspir\u00e9s de Macao<\/strong>et des saveurs internationales, le tout servi dans un cadre \u00e9l\u00e9gant avec vue sur la baie. Que vous savouriez un dim sum au lever du soleil ou un cocktail au coucher du soleil, chaque repas est une c\u00e9l\u00e9bration de la gastronomie r\u00e9gionale.<\/p><p>Au-del\u00e0 du confort et de la cuisine, l&#039;h\u00f4tel offre <strong>services exceptionnels<\/strong>: un service complet <strong>spa de luxe<\/strong>, <strong>piscines int\u00e9rieures et ext\u00e9rieures<\/strong>, <strong>clubs pour enfants<\/strong>, <strong>Conciergerie 24h\/24 et 7j\/7<\/strong>, <strong>personnel multilingue<\/strong>, et <strong>assistance voyage transfrontali\u00e8re sur mesure<\/strong>\u2014ce qui en fait la base id\u00e9ale pour explorer les deux <strong>Chine continentale et Macao<\/strong>.<\/p><p>Parfait pour <strong>vacances en famille<\/strong>, <strong>escapades romantiques<\/strong>, <strong>\u00e9v\u00e9nements MICE<\/strong>, ou <strong>escapades de loisirs<\/strong>, L&#039;h\u00f4tel Chimelong Hengqin Bay combine <strong>commodit\u00e9, culture et tranquillit\u00e9 c\u00f4ti\u00e8re<\/strong> dans l&#039;une des zones touristiques int\u00e9gr\u00e9es les plus dynamiques de Chine. D\u00e9couvrez pourquoi elle est la <strong>fleuron de l&#039;exp\u00e9rience h\u00f4teli\u00e8re de Chimelong<\/strong>\u2014o\u00f9 chaque s\u00e9jour est inoubliable.<\/p><p data-spm-anchor-id=\"a2ty_o01.29997173.0.i45.78f0c921rvdF0I\"><strong>R\u00e9servez votre s\u00e9jour au Chimelong Hengqin Bay Hotel dans le district de Xiangzhou \u00e0 Zhuhai (code postal : 519031 \/ 519000) et plongez dans le luxe aux portes de la Grande Baie.<\/strong><\/p>\t\t\t\t\t\t\t\t<\/div>\n\t\t\t\t\t<\/div>\n\t\t<\/div>\n\t\t\t\t\t<\/div>\n\t\t<\/section>\n\t\t\t\t<section class=\"elementor-section elementor-top-section elementor-element elementor-element-2092b7d0 elementor-section-stretched elementor-section-boxed elementor-section-gap-beside-yes elementor-section-height-default elementor-section-height-default elementor-section-column-vertical-align-stretch\" data-id=\"2092b7d0\" data-element_type=\"section\" data-e-type=\"section\" data-settings=\"{&quot;background_background&quot;:&quot;classic&quot;,&quot;stretch_section&quot;:&quot;section-stretched&quot;}\">\n\t\t\t\t\t\t<div class=\"elementor-container elementor-column-gap-extended\">\n\t\t\t\t\t<div class=\"elementor-column elementor-col-100 elementor-top-column elementor-element elementor-element-be69d75\" data-id=\"be69d75\" data-element_type=\"column\" data-e-type=\"column\">\n\t\t\t<div class=\"elementor-widget-wrap elementor-element-populated\">\n\t\t\t\t\t\t<div class=\"elementor-element elementor-element-320c022 elementor-widget elementor-widget-nuss-heading\" data-id=\"320c022\" data-element_type=\"widget\" data-e-type=\"widget\" data-widget_type=\"nuss-heading.default\">\n\t\t\t\t<div class=\"elementor-widget-container\">\n\t\t\t\t\t\t\t<div class=\"nuss-modern-heading\">\r\n\t\t\t\t\t\t<div class=\"heading-secondary-wrap\">\r\n\t\t\t\t<h3 class=\"heading-secondary elementor-heading-title\">Ch\u00e8que disponible <\/h3>\t\t\t<\/div>\r\n\t\t\r\n\t\t\t\r\n\t\t\t\r\n\t\t\t\t\t<\/div>\r\n\t\t\t\t\t<\/div>\n\t\t\t\t<\/div>\n\t\t\t\t<div class=\"elementor-element elementor-element-fe69a93 elementor-widget elementor-widget-text-editor\" data-id=\"fe69a93\" data-element_type=\"widget\" data-e-type=\"widget\" data-widget_type=\"text-editor.default\">\n\t\t\t\t\t\t\t\t\t<iframe border=\"0\" src=\"https:\/\/www.trip.com\/partners\/ad\/S5637697?Allianceid=4590391&#038;SID=263365124&#038;trip_sub1=\" style=\"width:1200px;height:150px\" frameborder=\"0\" scrolling=\"no\" id=\"S5637697\"><\/iframe>\t\t\t\t\t\t\t\t<\/div>\n\t\t\t\t\t<\/div>\n\t\t<\/div>\n\t\t\t\t\t<\/div>\n\t\t<\/section>\n\t\t\t\t<\/div>","protected":false},"excerpt":{"rendered":"<p>Welcome to Chimelong Hengqin Bay Hotel (Chimelong Flagship Store) A premier luxury destination nestled along the scenic Fuxiang Bay in the heart of the Guangdong-Macao In-depth Cooperation Zone, Hengqin, Zhuhai, Guangdong Province, China. Strategically positioned just minutes from the Macao border and adjacent to the world-famous Chimelong International Ocean Resort, this flagship property redefines upscale [&hellip;]<\/p>\n","protected":false},"author":1,"featured_media":0,"parent":0,"menu_order":0,"comment_status":"closed","ping_status":"closed","template":"","meta":{"footnotes":""},"class_list":["post-5266","page","type-page","status-publish","hentry","post-no-thumbnail"],"_links":{"self":[{"href":"https:\/\/chimelonghengqinbay.com\/fr\/wp-json\/wp\/v2\/pages\/5266","targetHints":{"allow":["GET"]}}],"collection":[{"href":"https:\/\/chimelonghengqinbay.com\/fr\/wp-json\/wp\/v2\/pages"}],"about":[{"href":"https:\/\/chimelonghengqinbay.com\/fr\/wp-json\/wp\/v2\/types\/page"}],"author":[{"embeddable":true,"href":"https:\/\/chimelonghengqinbay.com\/fr\/wp-json\/wp\/v2\/users\/1"}],"replies":[{"embeddable":true,"href":"https:\/\/chimelonghengqinbay.com\/fr\/wp-json\/wp\/v2\/comments?post=5266"}],"version-history":[{"count":0,"href":"https:\/\/chimelonghengqinbay.com\/fr\/wp-json\/wp\/v2\/pages\/5266\/revisions"}],"wp:attachment":[{"href":"https:\/\/chimelonghengqinbay.com\/fr\/wp-json\/wp\/v2\/media?parent=5266"}],"curies":[{"name":"wp","href":"https:\/\/api.w.org\/{rel}","templated":true}]}}