{"id":2106,"date":"2021-03-25T04:08:26","date_gmt":"2021-03-25T04:08:26","guid":{"rendered":"http:\/\/localhost\/nuss\/?page_id=298"},"modified":"2025-09-29T14:54:46","modified_gmt":"2025-09-29T14:54:46","slug":"experiences","status":"publish","type":"page","link":"https:\/\/chimelonghengqinbay.com\/fr\/experiences\/","title":{"rendered":"Exp\u00e9riences et avis clients"},"content":{"rendered":"<div data-elementor-type=\"wp-page\" data-elementor-id=\"2106\" class=\"elementor elementor-2106\">\n\t\t\t\t\t\t<section class=\"elementor-section elementor-top-section elementor-element elementor-element-1954ffc elementor-section-boxed elementor-section-gap-beside-yes elementor-section-height-default elementor-section-height-default elementor-section-column-vertical-align-stretch\" data-id=\"1954ffc\" data-element_type=\"section\" data-e-type=\"section\">\n\t\t\t\t\t\t<div class=\"elementor-container elementor-column-gap-extended\">\n\t\t\t\t\t<div class=\"elementor-column elementor-col-100 elementor-top-column elementor-element elementor-element-86aebc5\" data-id=\"86aebc5\" data-element_type=\"column\" data-e-type=\"column\">\n\t\t\t<div class=\"elementor-widget-wrap elementor-element-populated\">\n\t\t\t\t\t\t<div class=\"elementor-element elementor-element-11803d1 elementor-widget__width-initial elementor-invisible elementor-widget elementor-widget-text-editor\" data-id=\"11803d1\" data-element_type=\"widget\" data-e-type=\"widget\" data-settings=\"{&quot;_animation&quot;:&quot;nussFadeInUp&quot;}\" data-widget_type=\"text-editor.default\">\n\t\t\t\t\t\t\t\t\t<p><strong data-spm-anchor-id=\"a2ty_o01.29997173.0.i52.78f0c921rvdF0I\">S\u00e9jours inoubliables \u00e0 l&#039;h\u00f4tel Chimelong Hengqin Bay\u00a0: t\u00e9moignages et avis authentiques de clients sur Trip.com<\/strong><\/p>\t\t\t\t\t\t\t\t<\/div>\n\t\t\t\t\t<\/div>\n\t\t<\/div>\n\t\t\t\t\t<\/div>\n\t\t<\/section>\n\t\t<div class=\"elementor-element elementor-element-95e7268 e-flex e-con-boxed e-con e-parent\" data-id=\"95e7268\" data-element_type=\"container\" data-e-type=\"container\">\n\t\t\t\t\t<div class=\"e-con-inner\">\n\t\t\t\t<div class=\"elementor-element elementor-element-bd47571 elementor-widget elementor-widget-image\" data-id=\"bd47571\" data-element_type=\"widget\" data-e-type=\"widget\" data-widget_type=\"image.default\">\n\t\t\t\t\t\t\t\t\t\t\t\t\t\t\t\t<a href=\"https:\/\/www.trip.com\/t\/RjCOlRaveR2\" target=\"_blank\" rel=\"noopener\">\n\t\t\t\t\t\t\t<img fetchpriority=\"high\" decoding=\"async\" width=\"1024\" height=\"249\" src=\"https:\/\/chimelonghengqinbay.com\/wp-content\/uploads\/2025\/09\/customer-reviews-1024x249.jpg\" class=\"attachment-large size-large wp-image-6675\" alt=\"\" srcset=\"https:\/\/chimelonghengqinbay.com\/wp-content\/uploads\/2025\/09\/customer-reviews-1024x249.jpg 1024w, https:\/\/chimelonghengqinbay.com\/wp-content\/uploads\/2025\/09\/customer-reviews-300x73.jpg 300w, https:\/\/chimelonghengqinbay.com\/wp-content\/uploads\/2025\/09\/customer-reviews-768x187.jpg 768w, https:\/\/chimelonghengqinbay.com\/wp-content\/uploads\/2025\/09\/customer-reviews-18x4.jpg 18w, https:\/\/chimelonghengqinbay.com\/wp-content\/uploads\/2025\/09\/customer-reviews.jpg 1395w\" sizes=\"(max-width: 1024px) 100vw, 1024px\" \/>\t\t\t\t\t\t\t\t<\/a>\n\t\t\t\t\t\t\t\t\t\t\t\t\t\t\t<\/div>\n\t\t\t\t\t<\/div>\n\t\t\t\t<\/div>\n\t\t<div class=\"elementor-element elementor-element-3e39171 e-flex e-con-boxed e-con e-parent\" data-id=\"3e39171\" data-element_type=\"container\" data-e-type=\"container\">\n\t\t\t\t\t<div class=\"e-con-inner\">\n\t\t\t\t<div class=\"elementor-element elementor-element-7761d0c elementor-widget elementor-widget-text-editor\" data-id=\"7761d0c\" data-element_type=\"widget\" data-e-type=\"widget\" data-widget_type=\"text-editor.default\">\n\t\t\t\t\t\t\t\t\t<p data-spm-anchor-id=\"a2ty_o01.29997173.0.i54.78f0c921rvdF0I\">Nich\u00e9 le long des rivages sereins de <strong>Baie de Fuxiang<\/strong> dans la dynamique <strong>Zone de coop\u00e9ration approfondie Guangdong-Macao<\/strong>, le <strong>H\u00f4tel Chimelong Hengqin Bay (magasin phare de Chimelong)<\/strong> est rapidement devenu un choix de pr\u00e9dilection pour les voyageurs en qu\u00eate de luxe, de commodit\u00e9 et de confort adapt\u00e9 aux familles. <strong>Zhuhai, Guangdong<\/strong>. Mais ne nous croyez pas sur parole\u00a0: des centaines de clients v\u00e9rifi\u00e9s sur <strong>Trip.com<\/strong> ont partag\u00e9 des critiques \u00e9logieuses qui r\u00e9v\u00e8lent pourquoi cet \u00e9tablissement phare se distingue dans l&#039;un des centres touristiques les plus dynamiques de Chine.<\/p><h3>Des notes constamment \u00e9lev\u00e9es : un t\u00e9moignage d&#039;excellence<\/h3><p>Avec un impressionnant <strong>Note moyenne de 4,7\/5<\/strong> Sur Trip.com (bas\u00e9 sur plus de 2\u00a0000 avis en 2024), l\u2019h\u00f4tel Chimelong Hengqin Bay re\u00e7oit des \u00e9loges constants pour son <strong>Service impeccable, emplacement exceptionnel et int\u00e9gration parfaite \u00e0 l&#039;exp\u00e9rience du complexe Chimelong<\/strong>. Familles, couples et voyageurs solitaires appr\u00e9cient tous la capacit\u00e9 de l&#039;h\u00f4tel \u00e0 cr\u00e9er une atmosph\u00e8re harmonieuse. <strong>sophistication moderne et hospitalit\u00e9 chaleureuse et personnalis\u00e9e<\/strong>.<\/p><h3>\u201c Id\u00e9al pour les familles visitant Chimelong Ocean Kingdom \u201d<\/h3><p data-spm-anchor-id=\"a2ty_o01.29997173.0.i53.78f0c921rvdF0I\">Un th\u00e8me r\u00e9current dans les critiques concerne l&#039;h\u00f4tel. <strong>Proximit\u00e9 id\u00e9ale du Chimelong International Ocean Resort<\/strong>\u2014\u00e0 quelques pas ou \u00e0 quelques minutes en navette gratuite. Une famille de Shanghai a \u00e9crit\u00a0:<\/p><blockquote><p><em>\u201c S\u00e9journer \u00e0 l&#039;h\u00f4tel Chimelong, fleuron de la cha\u00eene, a rendu notre voyage sans stress. Nous sommes all\u00e9s \u00e0 pied \u00e0 Ocean Kingdom en 5 minutes, et les enfants ont ador\u00e9 les chambres \u00e0 th\u00e8me et l&#039;aire de jeux int\u00e9rieure. Le personnel nous a m\u00eame aid\u00e9s \u00e0 \u00e9viter les files d&#039;attente pour les billets ! \u201d<\/em><\/p><\/blockquote><p>De nombreux clients remarquent que la r\u00e9servation d&#039;un <strong>Forfait Chimelong Hengqin Bay H\u00f4tel<\/strong> (qui comprend souvent des billets d&#039;entr\u00e9e au parc et des laissez-passer express) offre un rapport qualit\u00e9-prix exceptionnel, surtout pendant les vacances et les cong\u00e9s scolaires.<\/p><h3>Vues \u00e0 couper le souffle et am\u00e9nagement de chambre bien pens\u00e9<\/h3><p>Les voyageurs ne tarissent pas d&#039;\u00e9loges \u00e0 ce sujet. <strong>chambres spacieuses et bien am\u00e9nag\u00e9es<\/strong> avec <strong>fen\u00eatres allant du sol au plafond<\/strong> avec des vues panoramiques <strong>La baie de Fuxiang ou les jardins luxuriants du complexe h\u00f4telier<\/strong>. Les clients appr\u00e9cient le <strong>\u00e9l\u00e9ments de design chinois contemporains<\/strong>, une literie haut de gamme et des petites attentions pens\u00e9es pour les familles, comme <strong>canap\u00e9s-lits, peignoirs pour enfants et insonorisation<\/strong> qui garantissent un repos paisible apr\u00e8s une journ\u00e9e d&#039;aventure.<\/p><p>Un couple de Guangzhou a partag\u00e9 :<\/p><blockquote><p><em>\u201c Nous avons opt\u00e9 pour une suite avec vue sur la baie et avons \u00e9t\u00e9 \u00e9merveill\u00e9s par le coucher de soleil sur l&#039;eau. La chambre \u00e9tait impeccable, calme et offrait une v\u00e9ritable intimit\u00e9, malgr\u00e9 la proximit\u00e9 des parcs d&#039;attractions. \u201d<\/em><\/p><\/blockquote><h3>Restauration d&#039;exception et saveurs transfrontali\u00e8res<\/h3><p>Les restaurants sur place obtiennent d&#039;excellentes notes pour <strong>Des ingr\u00e9dients frais, des menus vari\u00e9s et un cadre pittoresque pour d\u00eener<\/strong>. Les critiques appr\u00e9cient particuli\u00e8rement le <strong>buffet petit-d\u00e9jeuner cantonais de dim sum<\/strong> et le <strong>Plats fusion inspir\u00e9s de Macao<\/strong> qui refl\u00e8tent l&#039;emplacement unique de l&#039;h\u00f4tel dans la zone de coop\u00e9ration Guangdong-Macao. Plusieurs clients ont mentionn\u00e9 le <strong>Service en chambre 24h\/24<\/strong> et des options de collations tardives, une v\u00e9ritable aubaine pour les familles avec de jeunes enfants.<\/p><h3>Un service qui va plus loin<\/h3><p>Du personnel multilingue \u00e0 la r\u00e9ception aux \u00e9quipes attentives de m\u00e9nage et de conciergerie, <strong>La qualit\u00e9 du service est un atout majeur.<\/strong> Dans presque tous les avis sur Trip.com, les clients mentionnent \u00e0 plusieurs reprises <strong>r\u00e9ponses rapides aux demandes<\/strong>, <strong>recommandations locales utiles<\/strong>, et <strong>des petites attentions particuli\u00e8res comme des d\u00e9corations d&#039;anniversaire ou des fruits de bienvenue<\/strong>.<\/p><p>Un voyageur international a fait remarquer :<\/p><blockquote><p><em>\u201c M\u00eame si nous ne parlions que quelques mots de mandarin, le personnel a utilis\u00e9 des applications de traduction et des gestes pour s&#039;assurer que nous ne manquions de rien. Ils se sont occup\u00e9s de nos billets de ferry pour Macao et ont m\u00eame imprim\u00e9 nos cartes d&#039;embarquement pour le retour\u00a0! Un service exceptionnel\u00a0! \u201d<\/em><\/p><\/blockquote><h3>Id\u00e9al pour les voyageurs transfrontaliers<\/h3><p>Gr\u00e2ce \u00e0 son emplacement strat\u00e9gique dans <strong>Hengqin<\/strong>, \u00e0 quelques minutes seulement de <strong>Pont du Lotus, poste fronti\u00e8re vers Macao<\/strong>, l&#039;h\u00f4tel est \u00e9galement un lieu de pr\u00e9dilection parmi <strong>acheteurs transfrontaliers et voyageurs d&#039;affaires<\/strong>. Les critiques appr\u00e9cient <strong>acc\u00e8s facile aux commodit\u00e9s urbaines de Zhuhai et aux casinos, sites historiques et sc\u00e8ne culinaire de Macao<\/strong>\u2014tout en profitant d&#039;une paisible retraite c\u00f4ti\u00e8re.<\/p><h3>Remarques mineures des clients<\/h3><p>Bien que globalement positives, quelques personnes ont mentionn\u00e9 que <strong>Les week-ends et les jours f\u00e9ri\u00e9s peuvent \u00eatre charg\u00e9s.<\/strong>, Il est donc conseill\u00e9 de r\u00e9server t\u00f4t. D&#039;autres sugg\u00e8rent de demander un <strong>chambre \u00e0 l&#039;\u00e9tage sup\u00e9rieur<\/strong> pour une vue imprenable sur la baie et une ambiance plus calme.<\/p><h3>Verdict final : Une exp\u00e9rience 5 \u00e9toiles au c\u0153ur de la r\u00e9gion de la baie de San Francisco<\/h3><p>D&#039;apr\u00e8s les commentaires r\u00e9els des clients de Trip.com, <strong>H\u00f4tel Chimelong Hengqin Bay (magasin phare de Chimelong)<\/strong> tient sa promesse de <strong>luxe, commodit\u00e9 et souvenirs de famille inoubliables<\/strong>. Que vous soyez en visite <strong>Royaume oc\u00e9anique de Chimelong<\/strong>, explorant <strong>Macao<\/strong>, ou tout simplement \u00e0 la recherche d&#039;une escapade c\u00f4ti\u00e8re raffin\u00e9e \u00e0 <strong>Zhuhai<\/strong>, Cet h\u00f4tel phare d\u00e9passe constamment les attentes.<\/p><p data-spm-anchor-id=\"a2ty_o01.29997173.0.i56.78f0c921rvdF0I\"><strong>Planifiez votre s\u00e9jour d\u00e8s aujourd&#039;hui et rejoignez les milliers de voyageurs ravis qui ont d\u00e9couvert pourquoi le Chimelong Hengqin Bay Hotel est bien plus qu&#039;un simple lieu o\u00f9 dormir\u2026 c&#039;est l\u00e0 que commence v\u00e9ritablement votre aventure dans la r\u00e9gion de la baie de San Francisco.<\/strong><\/p><p data-spm-anchor-id=\"a2ty_o01.29997173.0.i57.78f0c921rvdF0I\"><em>Avis clients v\u00e9rifi\u00e9s provenant de Trip.com\u00a0: <a href=\"https:\/\/www.trip.com\/t\/RjCOlRaveR2\" target=\"_blank\" rel=\"nofollow noopener\">H\u00f4tel Chimelong Hengqin Bay <\/a><\/em><br \/><em data-spm-anchor-id=\"a2ty_o01.29997173.0.i55.78f0c921rvdF0I\">Emplacement\u00a0: Baie de Fuxiang, zone de coop\u00e9ration approfondie Guangdong-Macao, Hengqin, ville de Zhuhai, Guangdong 519031, RP Chine<\/em><\/p>\t\t\t\t\t\t\t\t<\/div>\n\t\t\t\t\t<\/div>\n\t\t\t\t<\/div>\n\t\t\t\t<section class=\"elementor-section elementor-top-section elementor-element elementor-element-7d746845 elementor-section-stretched elementor-section-boxed elementor-section-gap-beside-yes elementor-section-height-default elementor-section-height-default elementor-section-column-vertical-align-stretch\" data-id=\"7d746845\" data-element_type=\"section\" data-e-type=\"section\" data-settings=\"{&quot;background_background&quot;:&quot;classic&quot;,&quot;stretch_section&quot;:&quot;section-stretched&quot;}\">\n\t\t\t\t\t\t<div class=\"elementor-container elementor-column-gap-extended\">\n\t\t\t\t\t<div class=\"elementor-column elementor-col-100 elementor-top-column elementor-element elementor-element-238bb245\" data-id=\"238bb245\" data-element_type=\"column\" data-e-type=\"column\">\n\t\t\t<div class=\"elementor-widget-wrap elementor-element-populated\">\n\t\t\t\t\t\t<div class=\"elementor-element elementor-element-5cdc3eb5 elementor-widget elementor-widget-nuss-heading\" data-id=\"5cdc3eb5\" data-element_type=\"widget\" data-e-type=\"widget\" data-widget_type=\"nuss-heading.default\">\n\t\t\t\t<div class=\"elementor-widget-container\">\n\t\t\t\t\t\t\t<div class=\"nuss-modern-heading\">\r\n\t\t\t\t\t\t<div class=\"heading-secondary-wrap\">\r\n\t\t\t\t<h3 class=\"heading-secondary elementor-heading-title\">Ch\u00e8que disponible <\/h3>\t\t\t<\/div>\r\n\t\t\r\n\t\t\t\r\n\t\t\t\r\n\t\t\t\t\t<\/div>\r\n\t\t\t\t\t<\/div>\n\t\t\t\t<\/div>\n\t\t\t\t<div class=\"elementor-element elementor-element-5be4cdce elementor-widget elementor-widget-text-editor\" data-id=\"5be4cdce\" data-element_type=\"widget\" data-e-type=\"widget\" data-widget_type=\"text-editor.default\">\n\t\t\t\t\t\t\t\t\t<iframe border=\"0\" src=\"https:\/\/www.trip.com\/partners\/ad\/S5637697?Allianceid=4590391&#038;SID=263365124&#038;trip_sub1=\" style=\"width:1200px;height:200px\" frameborder=\"0\" scrolling=\"no\" id=\"S5637697\"><\/iframe>\t\t\t\t\t\t\t\t<\/div>\n\t\t\t\t\t<\/div>\n\t\t<\/div>\n\t\t\t\t\t<\/div>\n\t\t<\/section>\n\t\t\t\t<\/div>","protected":false},"excerpt":{"rendered":"<p>Unforgettable Stays at Chimelong Hengqin Bay Hotel: Real Guest Experiences &amp; Honest Reviews from Trip.com Nestled along the serene shores of Fuxiang Bay in the dynamic Guangdong-Macao In-depth Cooperation Zone, the Chimelong Hengqin Bay Hotel (Chimelong Flagship Store) has quickly become a top choice for travelers seeking luxury, convenience, and family-friendly comfort in Zhuhai, Guangdong. [&hellip;]<\/p>\n","protected":false},"author":1,"featured_media":0,"parent":0,"menu_order":0,"comment_status":"closed","ping_status":"closed","template":"","meta":{"footnotes":""},"class_list":["post-2106","page","type-page","status-publish","hentry","post-no-thumbnail"],"_links":{"self":[{"href":"https:\/\/chimelonghengqinbay.com\/fr\/wp-json\/wp\/v2\/pages\/2106","targetHints":{"allow":["GET"]}}],"collection":[{"href":"https:\/\/chimelonghengqinbay.com\/fr\/wp-json\/wp\/v2\/pages"}],"about":[{"href":"https:\/\/chimelonghengqinbay.com\/fr\/wp-json\/wp\/v2\/types\/page"}],"author":[{"embeddable":true,"href":"https:\/\/chimelonghengqinbay.com\/fr\/wp-json\/wp\/v2\/users\/1"}],"replies":[{"embeddable":true,"href":"https:\/\/chimelonghengqinbay.com\/fr\/wp-json\/wp\/v2\/comments?post=2106"}],"version-history":[{"count":0,"href":"https:\/\/chimelonghengqinbay.com\/fr\/wp-json\/wp\/v2\/pages\/2106\/revisions"}],"wp:attachment":[{"href":"https:\/\/chimelonghengqinbay.com\/fr\/wp-json\/wp\/v2\/media?parent=2106"}],"curies":[{"name":"wp","href":"https:\/\/api.w.org\/{rel}","templated":true}]}}