{"id":2104,"date":"2021-03-23T09:33:48","date_gmt":"2021-03-23T09:33:48","guid":{"rendered":"http:\/\/localhost\/nuss\/?page_id=167"},"modified":"2025-09-29T15:08:54","modified_gmt":"2025-09-29T15:08:54","slug":"notre-histoire","status":"publish","type":"page","link":"https:\/\/chimelonghengqinbay.com\/fr\/our-story\/","title":{"rendered":"Notre histoire"},"content":{"rendered":"<div data-elementor-type=\"wp-page\" data-elementor-id=\"2104\" class=\"elementor elementor-2104\">\n\t\t\t\t\t\t<section class=\"elementor-section elementor-top-section elementor-element elementor-element-8f5bb9d elementor-section-boxed elementor-section-gap-beside-yes elementor-section-height-default elementor-section-height-default elementor-section-column-vertical-align-stretch\" data-id=\"8f5bb9d\" data-element_type=\"section\" data-e-type=\"section\">\n\t\t\t\t\t\t<div class=\"elementor-container elementor-column-gap-extended\">\n\t\t\t\t\t<div class=\"elementor-column elementor-col-100 elementor-top-column elementor-element elementor-element-7ec4215\" data-id=\"7ec4215\" data-element_type=\"column\" data-e-type=\"column\">\n\t\t\t<div class=\"elementor-widget-wrap elementor-element-populated\">\n\t\t\t\t\t\t<div class=\"elementor-element elementor-element-edd9d03 elementor-widget__width-initial elementor-invisible elementor-widget elementor-widget-text-editor\" data-id=\"edd9d03\" data-element_type=\"widget\" data-e-type=\"widget\" data-settings=\"{&quot;_animation&quot;:&quot;nussFadeInUp&quot;}\" data-widget_type=\"text-editor.default\">\n\t\t\t\t\t\t\t\t\t<p><strong data-spm-anchor-id=\"a2ty_o01.29997173.0.i73.78f0c921rvdF0I\">L\u00e0 o\u00f9 la vision rencontre la baie \u2013 La naissance de l&#039;h\u00f4tel Chimelong Hengqin Bay (magasin phare Chimelong)<\/strong><\/p>\t\t\t\t\t\t\t\t<\/div>\n\t\t\t\t\t<\/div>\n\t\t<\/div>\n\t\t\t\t\t<\/div>\n\t\t<\/section>\n\t\t<div class=\"elementor-element elementor-element-ae7e42f e-flex e-con-boxed e-con e-parent\" data-id=\"ae7e42f\" data-element_type=\"container\" data-e-type=\"container\">\n\t\t\t\t\t<div class=\"e-con-inner\">\n\t\t\t\t<div class=\"elementor-element elementor-element-136c3a3 elementor-widget elementor-widget-text-editor\" data-id=\"136c3a3\" data-element_type=\"widget\" data-e-type=\"widget\" data-widget_type=\"text-editor.default\">\n\t\t\t\t\t\t\t\t\t<p data-spm-anchor-id=\"a2ty_o01.29997173.0.i75.78f0c921rvdF0I\">Nich\u00e9 le long des rivages tranquilles de <strong>Baie de Fuxiang<\/strong> dans le pionnier <strong>Zone de coop\u00e9ration approfondie Guangdong-Macao<\/strong>, le <strong>H\u00f4tel Chimelong Hengqin Bay (magasin phare de Chimelong)<\/strong> C&#039;est bien plus qu&#039;un h\u00e9bergement de luxe : c&#039;est l&#039;incarnation d&#039;une vision audacieuse : cr\u00e9er un haut lieu de l&#039;h\u00f4tellerie de classe mondiale qui relie les cultures, les g\u00e9n\u00e9rations et les r\u00eaves au c\u0153ur de la Grande Baie chinoise.<\/p><p>Notre histoire commence avec <strong>Groupe Chimelong<\/strong>, Chimelong, une entreprise chinoise fond\u00e9e en 1989, repose sur une id\u00e9e simple mais r\u00e9volutionnaire\u00a0: cr\u00e9er des exp\u00e9riences immersives et joyeuses qui rassemblent les familles gr\u00e2ce au divertissement, \u00e0 la nature et \u00e0 l\u2019innovation. De ses modestes d\u00e9buts en tant que sanctuaire animalier \u00e0 Guangzhou, Chimelong est devenue la premi\u00e8re marque de tourisme et de loisirs int\u00e9gr\u00e9e d\u2019Asie, r\u00e9put\u00e9e pour ses attractions novatrices telles que\u2026 <strong>Parc safari de Chimelong<\/strong>, <strong>Cirque international Chimelong<\/strong>, et le record <strong>Royaume oc\u00e9anique de Chimelong<\/strong> \u00e0 Hengqin.<\/p><p>\u00c0 mesure que les ambitions de Chimelong grandissaient, sa vision pour Hengqin s&#039;\u00e9largissait elle aussi\u00a0: une \u00eele autrefois paisible, transform\u00e9e par la strat\u00e9gie nationale en un p\u00f4le d&#039;innovation transfrontalier dynamique. Consciente de l&#039;importance g\u00e9opolitique unique de Hengqin comme terrain d&#039;exp\u00e9rimentation pour la collaboration Guangdong-Macao, le groupe Chimelong s&#039;est attel\u00e9 \u00e0 la cr\u00e9ation non pas d&#039;un simple h\u00f4tel, mais d&#039;un v\u00e9ritable centre d&#039;innovation transfrontalier. <strong>sanctuaire phare<\/strong> qui refl\u00e9terait l&#039;esprit de cette nouvelle \u00e8re : ouverte, tourn\u00e9e vers l&#039;avenir et profond\u00e9ment enracin\u00e9e dans le patrimoine chinois.<\/p><p>Ainsi, <strong>H\u00f4tel Chimelong Hengqin Bay<\/strong> a \u00e9t\u00e9 con\u00e7u non seulement comme un lieu de repos, mais aussi comme un prolongement de l&#039;exp\u00e9rience Chimelong elle-m\u00eame. Ouvert en tant que <strong>joyau de la couronne du portefeuille h\u00f4telier Chimelong<\/strong>, L&#039;h\u00f4tel a \u00e9t\u00e9 con\u00e7u avec minutie pour s&#039;harmoniser avec son environnement c\u00f4tier tout en offrant un acc\u00e8s incomparable aux merveilles de <strong>Chimelong International Ocean Resort<\/strong>. Chaque courbe architecturale, chaque d\u00e9tail int\u00e9rieur et chaque point de contact avec le service a \u00e9t\u00e9 pens\u00e9 avec soin\u00a0: accueillir les clients dans un voyage harmonieux o\u00f9 <strong>l&#039;aventure rencontre la s\u00e9r\u00e9nit\u00e9<\/strong>, et <strong>la modernit\u00e9 dialogue avec la tradition<\/strong>.<\/p><p>L&#039;emplacement de l&#039;h\u00f4tel a \u00e9t\u00e9 choisi avec une intention bien pr\u00e9cise. Perch\u00e9 sur <strong>Baie de Fuxiang<\/strong>, Il surplombe des eaux scintillantes qui symbolisent les \u00e9changes fluides entre la Chine continentale et Macao \u2013 une m\u00e9taphore appropri\u00e9e pour la mission de Chimelong, qui est de promouvoir le tourisme transfrontalier, la compr\u00e9hension culturelle et le d\u00e9veloppement durable. Construit au sein du <strong>Zone de coop\u00e9ration approfondie Guangdong-Macao<\/strong>, cette propri\u00e9t\u00e9 s&#039;inscrit dans les politiques nationales promouvant l&#039;innovation \u00e9conomique et sociale int\u00e9gr\u00e9e, ce qui en fait non seulement une destination touristique, mais aussi un acteur du r\u00e9cit plus large du d\u00e9veloppement de la Chine.<\/p><p>D\u00e8s le d\u00e9part, le d\u00e9veloppement durable et le bien-\u00eatre de nos clients \u00e9taient au c\u0153ur de notre philosophie. La conception int\u00e8gre <strong>mat\u00e9riaux \u00e9co-responsables<\/strong>, <strong>syst\u00e8mes \u00e9conomes en \u00e9nergie<\/strong>, et <strong>\u00e9l\u00e9ments biophiliques<\/strong>\u2014 des murs v\u00e9g\u00e9taux int\u00e9rieurs aux vastes baies vitr\u00e9es qui encadrent la lumi\u00e8re naturelle et offrent des vues imprenables sur la baie \u2014 garantissant ainsi que le luxe ne se fasse jamais au d\u00e9triment de l&#039;environnement. Parall\u00e8lement, les int\u00e9rieurs s&#039;harmonisent parfaitement. <strong>Motifs culturels de Lingnan<\/strong>\u2014des sculptures subtiles, des textures de soie et des palettes aux tons d&#039;encre\u2014dans des espaces contemporains, rendant hommage au riche h\u00e9ritage artistique du Guangdong tout en s\u00e9duisant une sensibilit\u00e9 mondiale.<\/p><p>Mais ce qui d\u00e9finit v\u00e9ritablement notre histoire, c&#039;est <strong>personnes<\/strong>. Des architectes qui ont fa\u00e7onn\u00e9 sa silhouette urbaine aux femmes de chambre qui plient des cygnes en origami sur les oreillers des clients, chaque membre de l&#039;\u00e9quipe du Chimelong Hengqin Bay Hotel est un garant de la promesse Chimelong\u00a0: <em>cr\u00e9er des moments inoubliables<\/em>. Qu\u2019il s\u2019agisse d\u2019accueillir une famille pour sa premi\u00e8re aventure dans un parc d\u2019attractions, de recevoir une d\u00e9l\u00e9gation d\u2019entreprises de Macao pour des discussions de haut niveau ou d\u2019offrir un balcon tranquille \u00e0 un voyageur solitaire pour admirer le coucher du soleil sur la mer de Chine m\u00e9ridionale, nous pensons que l\u2019hospitalit\u00e9 est un acte de bienveillance.<\/p><p>Aujourd&#039;hui, comme le <strong>Magasin phare de Chimelong<\/strong>, Cet h\u00f4tel est un v\u00e9ritable phare, un symbole de ce que l&#039;imagination peut accomplir lorsque les opportunit\u00e9s se rencontrent. C&#039;est l\u00e0 que les rires des enfants r\u00e9sonnent de l&#039;Ocean Kingdom jusqu&#039;aux suites luxueuses, que les dirigeants finalisent des accords avec la baie en toile de fond, et que les voyageurs de P\u00e9kin \u00e0 Lisbonne d\u00e9couvrent la chaleur de l&#039;hospitalit\u00e9 du sud de la Chine\u00a0: raffin\u00e9e, \u00e9l\u00e9gante et ind\u00e9niablement Chimelong.<\/p><p>Ce n&#039;est pas seulement notre histoire.<br \/>C&#039;est le d\u00e9but du v\u00f4tre.<\/p><p data-spm-anchor-id=\"a2ty_o01.29997173.0.i76.78f0c921rvdF0I\"><em>H\u00f4tel Chimelong Hengqin Bay \u2013 N\u00e9 d&#039;une vision, construit pour cr\u00e9er du lien, con\u00e7u pour \u00e9merveiller.<\/em><br \/>\ud83d\udccd Baie de Fuxiang, zone de coop\u00e9ration approfondie Guangdong-Macao, Hengqin, ville de Zhuhai, Guangdong 519031, RP Chine<\/p>\t\t\t\t\t\t\t\t<\/div>\n\t\t\t\t\t<\/div>\n\t\t\t\t<\/div>\n\t\t\t\t<section class=\"elementor-section elementor-top-section elementor-element elementor-element-7d5a0827 elementor-section-stretched elementor-section-boxed elementor-section-gap-beside-yes elementor-section-height-default elementor-section-height-default elementor-section-column-vertical-align-stretch\" data-id=\"7d5a0827\" data-element_type=\"section\" data-e-type=\"section\" data-settings=\"{&quot;background_background&quot;:&quot;classic&quot;,&quot;stretch_section&quot;:&quot;section-stretched&quot;}\">\n\t\t\t\t\t\t<div class=\"elementor-container elementor-column-gap-extended\">\n\t\t\t\t\t<div class=\"elementor-column elementor-col-100 elementor-top-column elementor-element elementor-element-38df473d\" data-id=\"38df473d\" data-element_type=\"column\" data-e-type=\"column\">\n\t\t\t<div class=\"elementor-widget-wrap elementor-element-populated\">\n\t\t\t\t\t\t<div class=\"elementor-element elementor-element-14e57aee elementor-widget elementor-widget-nuss-heading\" data-id=\"14e57aee\" data-element_type=\"widget\" data-e-type=\"widget\" data-widget_type=\"nuss-heading.default\">\n\t\t\t\t<div class=\"elementor-widget-container\">\n\t\t\t\t\t\t\t<div class=\"nuss-modern-heading\">\r\n\t\t\t\t\t\t<div class=\"heading-secondary-wrap\">\r\n\t\t\t\t<h3 class=\"heading-secondary elementor-heading-title\">Ch\u00e8que disponible <\/h3>\t\t\t<\/div>\r\n\t\t\r\n\t\t\t\r\n\t\t\t\r\n\t\t\t\t\t<\/div>\r\n\t\t\t\t\t<\/div>\n\t\t\t\t<\/div>\n\t\t\t\t<div class=\"elementor-element elementor-element-d71443d elementor-widget elementor-widget-text-editor\" data-id=\"d71443d\" data-element_type=\"widget\" data-e-type=\"widget\" data-widget_type=\"text-editor.default\">\n\t\t\t\t\t\t\t\t\t<iframe border=\"0\" src=\"https:\/\/www.trip.com\/partners\/ad\/S5637697?Allianceid=4590391&#038;SID=263365124&#038;trip_sub1=\" style=\"width:1200px;height:200px\" frameborder=\"0\" scrolling=\"no\" id=\"S5637697\"><\/iframe>\t\t\t\t\t\t\t\t<\/div>\n\t\t\t\t\t<\/div>\n\t\t<\/div>\n\t\t\t\t\t<\/div>\n\t\t<\/section>\n\t\t\t\t<\/div>","protected":false},"excerpt":{"rendered":"<p>Where Vision Meets the Bay \u2013 The Birth of Chimelong Hengqin Bay Hotel (Chimelong Flagship Store) Nestled along the tranquil shores of Fuxiang Bay in the pioneering Guangdong-Macao In-depth Cooperation Zone, the Chimelong Hengqin Bay Hotel (Chimelong Flagship Store) is far more than a luxury accommodation\u2014it is the embodiment of a bold vision: to create [&hellip;]<\/p>\n","protected":false},"author":1,"featured_media":0,"parent":0,"menu_order":0,"comment_status":"closed","ping_status":"closed","template":"","meta":{"footnotes":""},"class_list":["post-2104","page","type-page","status-publish","hentry","post-no-thumbnail"],"_links":{"self":[{"href":"https:\/\/chimelonghengqinbay.com\/fr\/wp-json\/wp\/v2\/pages\/2104","targetHints":{"allow":["GET"]}}],"collection":[{"href":"https:\/\/chimelonghengqinbay.com\/fr\/wp-json\/wp\/v2\/pages"}],"about":[{"href":"https:\/\/chimelonghengqinbay.com\/fr\/wp-json\/wp\/v2\/types\/page"}],"author":[{"embeddable":true,"href":"https:\/\/chimelonghengqinbay.com\/fr\/wp-json\/wp\/v2\/users\/1"}],"replies":[{"embeddable":true,"href":"https:\/\/chimelonghengqinbay.com\/fr\/wp-json\/wp\/v2\/comments?post=2104"}],"version-history":[{"count":0,"href":"https:\/\/chimelonghengqinbay.com\/fr\/wp-json\/wp\/v2\/pages\/2104\/revisions"}],"wp:attachment":[{"href":"https:\/\/chimelonghengqinbay.com\/fr\/wp-json\/wp\/v2\/media?parent=2104"}],"curies":[{"name":"wp","href":"https:\/\/api.w.org\/{rel}","templated":true}]}}