{"id":612,"date":"2021-03-26T10:04:13","date_gmt":"2021-03-26T10:04:13","guid":{"rendered":"http:\/\/localhost\/nuss\/?page_id=612"},"modified":"2025-09-29T15:13:03","modified_gmt":"2025-09-29T15:13:03","slug":"restaurante","status":"publish","type":"page","link":"https:\/\/chimelonghengqinbay.com\/es\/restaurant\/","title":{"rendered":"Restaurante"},"content":{"rendered":"<div data-elementor-type=\"wp-page\" data-elementor-id=\"612\" class=\"elementor elementor-612\">\n\t\t\t\t\t\t<section class=\"elementor-section elementor-top-section elementor-element elementor-element-e2effe8 elementor-section-boxed elementor-section-gap-beside-yes elementor-section-height-default elementor-section-height-default elementor-section-column-vertical-align-stretch\" data-id=\"e2effe8\" data-element_type=\"section\" data-e-type=\"section\">\n\t\t\t\t\t\t<div class=\"elementor-container elementor-column-gap-extended\">\n\t\t\t\t\t<div class=\"elementor-column elementor-col-100 elementor-top-column elementor-element elementor-element-e18f688\" data-id=\"e18f688\" data-element_type=\"column\" data-e-type=\"column\">\n\t\t\t<div class=\"elementor-widget-wrap elementor-element-populated\">\n\t\t\t\t\t\t<div class=\"elementor-element elementor-element-6db146d elementor-widget__width-initial elementor-invisible elementor-widget elementor-widget-text-editor\" data-id=\"6db146d\" data-element_type=\"widget\" data-e-type=\"widget\" data-settings=\"{&quot;_animation&quot;:&quot;nussFadeInUp&quot;}\" data-widget_type=\"text-editor.default\">\n\t\t\t\t\t\t\t\t\t<p><strong data-spm-anchor-id=\"a2ty_o01.29997173.0.i78.78f0c921rvdF0I\">Excelencia culinaria en la bah\u00eda: Descubra los restaurantes exclusivos del Chimelong Hengqin Bay Hotel (tienda insignia de Chimelong)<\/strong><\/p>\t\t\t\t\t\t\t\t<\/div>\n\t\t\t\t\t<\/div>\n\t\t<\/div>\n\t\t\t\t\t<\/div>\n\t\t<\/section>\n\t\t<div class=\"elementor-element elementor-element-764955e e-flex e-con-boxed e-con e-parent\" data-id=\"764955e\" data-element_type=\"container\" data-e-type=\"container\">\n\t\t\t\t\t<div class=\"e-con-inner\">\n\t\t<div class=\"elementor-element elementor-element-3a71d84 e-con-full e-flex e-con e-child\" data-id=\"3a71d84\" data-element_type=\"container\" data-e-type=\"container\">\n\t\t\t\t<div class=\"elementor-element elementor-element-81a00fb elementor-widget elementor-widget-text-editor\" data-id=\"81a00fb\" data-element_type=\"widget\" data-e-type=\"widget\" data-widget_type=\"text-editor.default\">\n\t\t\t\t\t\t\t\t\t<p>Encaramado en las serenas orillas de <strong>Bah\u00eda de Fuxiang<\/strong> dentro de la din\u00e1mica <strong>Zona de Cooperaci\u00f3n Intensa Guangdong-Macao<\/strong>, el <strong>Hotel Chimelong Hengqin Bay (tienda insignia de Chimelong)<\/strong> redefine la gastronom\u00eda costera con una colecci\u00f3n de <strong>Lugares para comer cuidadosamente seleccionados e inspirados en premios<\/strong> que celebran la rica herencia culinaria de Guangdong, los vibrantes sabores de Macao y la sofisticaci\u00f3n de la cocina global, todo servido en un contexto de vistas panor\u00e1micas a la bah\u00eda y elegancia contempor\u00e1nea.<\/p><div class=\"my-2\">\u00a0<\/div><p data-spm-anchor-id=\"a2ty_o01.29997173.0.i79.78f0c921rvdF0I\">Como destino hotelero insignia en <strong>Hengqin, Zhuhai<\/strong>, a solo unos pasos de <strong>Reino del oc\u00e9ano de Chimelong<\/strong> y a minutos de la <strong>Frontera de Macao<\/strong>, Los restaurantes del hotel est\u00e1n dise\u00f1ados no s\u00f3lo para saciar el hambre sino para crear <strong>viajes sensoriales memorables<\/strong> Para familias, parejas, viajeros de negocios y amantes de la gastronom\u00eda. Ya sea que comience el d\u00eda con un dim sum artesanal, disfrute de un fest\u00edn de mariscos al atardecer o saboree c\u00f3cteles artesanales bajo las estrellas, cada comida aqu\u00ed es una invitaci\u00f3n a saborear el singular esp\u00edritu transfronterizo del \u00c1rea de la Bah\u00eda.<\/p>\t\t\t\t\t\t\t\t<\/div>\n\t\t\t\t<\/div>\n\t\t<div class=\"elementor-element elementor-element-bb76a06 e-con-full e-flex e-con e-child\" data-id=\"bb76a06\" data-element_type=\"container\" data-e-type=\"container\">\n\t\t\t\t<div class=\"elementor-element elementor-element-636ac5f elementor-widget elementor-widget-image\" data-id=\"636ac5f\" data-element_type=\"widget\" data-e-type=\"widget\" data-widget_type=\"image.default\">\n\t\t\t\t\t\t\t\t\t\t\t\t\t\t\t<img fetchpriority=\"high\" decoding=\"async\" width=\"1024\" height=\"682\" src=\"https:\/\/chimelonghengqinbay.com\/wp-content\/uploads\/2025\/09\/ChimelongHengqinBayHotel-110-1024x682.webp\" class=\"attachment-large size-large wp-image-6482\" alt=\"\" srcset=\"https:\/\/chimelonghengqinbay.com\/wp-content\/uploads\/2025\/09\/ChimelongHengqinBayHotel-110-1024x682.webp 1024w, https:\/\/chimelonghengqinbay.com\/wp-content\/uploads\/2025\/09\/ChimelongHengqinBayHotel-110-300x200.webp 300w, https:\/\/chimelonghengqinbay.com\/wp-content\/uploads\/2025\/09\/ChimelongHengqinBayHotel-110-768x512.webp 768w, https:\/\/chimelonghengqinbay.com\/wp-content\/uploads\/2025\/09\/ChimelongHengqinBayHotel-110-18x12.webp 18w, https:\/\/chimelonghengqinbay.com\/wp-content\/uploads\/2025\/09\/ChimelongHengqinBayHotel-110.webp 1280w\" sizes=\"(max-width: 1024px) 100vw, 1024px\" \/>\t\t\t\t\t\t\t\t\t\t\t\t\t\t\t<\/div>\n\t\t\t\t<\/div>\n\t\t\t\t\t<\/div>\n\t\t\t\t<\/div>\n\t\t<div class=\"elementor-element elementor-element-e5626a7 e-flex e-con-boxed e-con e-parent\" data-id=\"e5626a7\" data-element_type=\"container\" data-e-type=\"container\">\n\t\t\t\t\t<div class=\"e-con-inner\">\n\t\t\t\t<div class=\"elementor-element elementor-element-4ac24e6 elementor-widget elementor-widget-nuss-image-gallery\" data-id=\"4ac24e6\" data-element_type=\"widget\" data-e-type=\"widget\" data-widget_type=\"nuss-image-gallery.default\">\n\t\t\t\t<div class=\"elementor-widget-container\">\n\t\t\t\t\t\t\t<div class=\"nuss-grid-wrapper\" data-grid=\"{&quot;type&quot;:&quot;grid&quot;,&quot;ratio&quot;:null,&quot;columns&quot;:3,&quot;gutter&quot;:30}\">\r\n\t\t\t<div class=\"nuss-grid lazy-grid\">\r\n\t\t\t\t<div class=\"grid-sizer\"><\/div>\r\n\r\n\t\t\t\t\t\t\t\t\t\t\t\t<div class=\"grid-item\">\r\n\t\t\t\t\t\t<div class=\"nuss-box\">\t\t<div class=\"nuss-image image\">\r\n\t\t\t<img decoding=\"async\"  src=\"https:\/\/chimelonghengqinbay.com\/wp-content\/uploads\/2025\/09\/ChimelongHengqinBayHotel-109.webp\" alt=\"Hotel ChimelongHengqinBay (109)\" \/>\t\t<\/div>\r\n\t\t\t\t<\/div>\t\t\t\t\t<\/div>\r\n\t\t\t\t\t\t<div class=\"grid-item\">\r\n\t\t\t\t\t\t<div class=\"nuss-box\">\t\t<div class=\"nuss-image image\">\r\n\t\t\t<img decoding=\"async\"  src=\"https:\/\/chimelonghengqinbay.com\/wp-content\/uploads\/2025\/09\/ChimelongHengqinBayHotel-62.webp\" alt=\"Hotel ChimelongHengqinBay (62)\" \/>\t\t<\/div>\r\n\t\t\t\t<\/div>\t\t\t\t\t<\/div>\r\n\t\t\t\t\t\t<div class=\"grid-item\">\r\n\t\t\t\t\t\t<div class=\"nuss-box\">\t\t<div class=\"nuss-image image\">\r\n\t\t\t<img decoding=\"async\"  src=\"https:\/\/chimelonghengqinbay.com\/wp-content\/uploads\/2025\/09\/ChimelongHengqinBayHotel-60.webp\" alt=\"Hotel ChimelongHengqinBay (60)\" \/>\t\t<\/div>\r\n\t\t\t\t<\/div>\t\t\t\t\t<\/div>\r\n\t\t\t\t\t\t<div class=\"grid-item\">\r\n\t\t\t\t\t\t<div class=\"nuss-box\">\t\t<div class=\"nuss-image image\">\r\n\t\t\t<img decoding=\"async\"  src=\"https:\/\/chimelonghengqinbay.com\/wp-content\/uploads\/2025\/09\/ChimelongHengqinBayHotel-5.webp\" alt=\"Hotel ChimelongHengqinBay (5)\" \/>\t\t<\/div>\r\n\t\t\t\t<\/div>\t\t\t\t\t<\/div>\r\n\t\t\t\t\t\t<div class=\"grid-item\">\r\n\t\t\t\t\t\t<div class=\"nuss-box\">\t\t<div class=\"nuss-image image\">\r\n\t\t\t<img decoding=\"async\"  src=\"https:\/\/chimelonghengqinbay.com\/wp-content\/uploads\/2025\/09\/ChimelongHengqinBayHotel-12.webp\" alt=\"Hotel ChimelongHengqinBay (12)\" \/>\t\t<\/div>\r\n\t\t\t\t<\/div>\t\t\t\t\t<\/div>\r\n\t\t\t\t\t\t<div class=\"grid-item\">\r\n\t\t\t\t\t\t<div class=\"nuss-box\">\t\t<div class=\"nuss-image image\">\r\n\t\t\t<img decoding=\"async\"  src=\"https:\/\/chimelonghengqinbay.com\/wp-content\/uploads\/2025\/09\/ChimelongHengqinBayHotel-11.webp\" alt=\"Hotel ChimelongHengqinBay (11)\" \/>\t\t<\/div>\r\n\t\t\t\t<\/div>\t\t\t\t\t<\/div>\r\n\t\t\t\t\t\t<div class=\"grid-item\">\r\n\t\t\t\t\t\t<div class=\"nuss-box\">\t\t<div class=\"nuss-image image\">\r\n\t\t\t<img decoding=\"async\"  src=\"https:\/\/chimelonghengqinbay.com\/wp-content\/uploads\/2025\/09\/ChimelongHengqinBayHotel-9.webp\" alt=\"Hotel ChimelongHengqinBay (9)\" \/>\t\t<\/div>\r\n\t\t\t\t<\/div>\t\t\t\t\t<\/div>\r\n\t\t\t\t\t\t<div class=\"grid-item\">\r\n\t\t\t\t\t\t<div class=\"nuss-box\">\t\t<div class=\"nuss-image image\">\r\n\t\t\t<img decoding=\"async\"  src=\"https:\/\/chimelonghengqinbay.com\/wp-content\/uploads\/2025\/09\/ChimelongHengqinBayHotel-10.webp\" alt=\"Hotel ChimelongHengqinBay (10)\" \/>\t\t<\/div>\r\n\t\t\t\t<\/div>\t\t\t\t\t<\/div>\r\n\t\t\t\t\t\t<div class=\"grid-item\">\r\n\t\t\t\t\t\t<div class=\"nuss-box\">\t\t<div class=\"nuss-image image\">\r\n\t\t\t<img decoding=\"async\"  src=\"https:\/\/chimelonghengqinbay.com\/wp-content\/uploads\/2025\/09\/ChimelongHengqinBayHotel-8.webp\" alt=\"Hotel ChimelongHengqinBay (8)\" \/>\t\t<\/div>\r\n\t\t\t\t<\/div>\t\t\t\t\t<\/div>\r\n\t\t\t\t\t\t<div class=\"grid-item\">\r\n\t\t\t\t\t\t<div class=\"nuss-box\">\t\t<div class=\"nuss-image image\">\r\n\t\t\t<img decoding=\"async\"  src=\"https:\/\/chimelonghengqinbay.com\/wp-content\/uploads\/2025\/09\/ChimelongHengqinBayHotel-7.webp\" alt=\"Hotel ChimelongHengqinBay (7)\" \/>\t\t<\/div>\r\n\t\t\t\t<\/div>\t\t\t\t\t<\/div>\r\n\t\t\t\t\t\t<div class=\"grid-item\">\r\n\t\t\t\t\t\t<div class=\"nuss-box\">\t\t<div class=\"nuss-image image\">\r\n\t\t\t<img decoding=\"async\"  src=\"https:\/\/chimelonghengqinbay.com\/wp-content\/uploads\/2025\/09\/ChimelongHengqinBayHotel-6.webp\" alt=\"Hotel ChimelongHengqinBay (6)\" \/>\t\t<\/div>\r\n\t\t\t\t<\/div>\t\t\t\t\t<\/div>\r\n\t\t\t\t\t\t<div class=\"grid-item\">\r\n\t\t\t\t\t\t<div class=\"nuss-box\">\t\t<div class=\"nuss-image image\">\r\n\t\t\t<img decoding=\"async\"  src=\"https:\/\/chimelonghengqinbay.com\/wp-content\/uploads\/2025\/09\/ChimelongHengqinBayHotel-13.webp\" alt=\"Hotel ChimelongHengqinBay (13)\" \/>\t\t<\/div>\r\n\t\t\t\t<\/div>\t\t\t\t\t<\/div>\r\n\t\t\t\t\t\t<div class=\"grid-item\">\r\n\t\t\t\t\t\t<div class=\"nuss-box\">\t\t<div class=\"nuss-image image\">\r\n\t\t\t<img decoding=\"async\"  src=\"https:\/\/chimelonghengqinbay.com\/wp-content\/uploads\/2025\/09\/ChimelongHengqinBayHotel-16.webp\" alt=\"Hotel ChimelongHengqinBay (16)\" \/>\t\t<\/div>\r\n\t\t\t\t<\/div>\t\t\t\t\t<\/div>\r\n\t\t\t\t\t\t<div class=\"grid-item\">\r\n\t\t\t\t\t\t<div class=\"nuss-box\">\t\t<div class=\"nuss-image image\">\r\n\t\t\t<img decoding=\"async\"  src=\"https:\/\/chimelonghengqinbay.com\/wp-content\/uploads\/2025\/09\/ChimelongHengqinBayHotel-20.webp\" alt=\"Hotel ChimelongHengqinBay (20)\" \/>\t\t<\/div>\r\n\t\t\t\t<\/div>\t\t\t\t\t<\/div>\r\n\t\t\t\t\t\t\t\r\n\t\t\t<\/div>\r\n\t\t<\/div>\r\n\t\t\t\t\t\t<\/div>\n\t\t\t\t<\/div>\n\t\t\t\t\t<\/div>\n\t\t\t\t<\/div>\n\t\t<div class=\"elementor-element elementor-element-d05381b e-flex e-con-boxed e-con e-parent\" data-id=\"d05381b\" data-element_type=\"container\" data-e-type=\"container\">\n\t\t\t\t\t<div class=\"e-con-inner\">\n\t\t\t\t<div class=\"elementor-element elementor-element-53bd849 elementor-widget elementor-widget-text-editor\" data-id=\"53bd849\" data-element_type=\"widget\" data-e-type=\"widget\" data-widget_type=\"text-editor.default\">\n\t\t\t\t\t\t\t\t\t<h3><strong data-spm-anchor-id=\"a2ty_o01.29997173.0.i82.78f0c921rvdF0I\">Yue Court: un homenaje moderno a la maestr\u00eda cantonesa<\/strong><\/h3><p>En el coraz\u00f3n de la identidad culinaria del hotel se encuentra <strong>Corte Yue<\/strong>, Un restaurante canton\u00e9s de lujo donde se combinan t\u00e9cnicas centenarias con presentaciones innovadoras. Dirigido por chefs veteranos de Cant\u00f3n y Macao, la cocina se nutre de... <strong>Mariscos frescos del Mar de China Meridional todos los d\u00edas<\/strong>, productos org\u00e1nicos de granjas locales e ingredientes de primera calidad como <strong>Abul\u00f3n, nido de p\u00e1jaro y trufas de Yunnan<\/strong>. Los platos de autor incluyen <strong>Abul\u00f3n estofado a fuego lento con salsa de ostras<\/strong>, <strong>Cochinillo crujiente con glaseado de ciruelas<\/strong>, y <strong>Garoupa al vapor con emulsi\u00f3n de jengibre y cebolleta<\/strong>Cada plato es un testimonio de la sutileza y el equilibrio que definen la aut\u00e9ntica cocina Lingnan. Los comedores privados con vistas a la bah\u00eda hacen de Yue Court el lugar ideal para banquetes de negocios, reuniones familiares o cenas de celebraci\u00f3n.<\/p><h3 data-spm-anchor-id=\"a2ty_o01.29997173.0.i81.78f0c921rvdF0I\"><strong>Bay Bistro: sabores globales con alma costera<\/strong><\/h3><p>Para aquellos que buscan variedad, <strong>Bistro de la bah\u00eda<\/strong> Ofrece un amplio buffet internacional y un men\u00fa a la carta en un espacio amplio y luminoso, rodeado de amplios ventanales con vistas a la bah\u00eda de Fuxiang. El desayuno incluye <strong>Estaciones en vivo para omelettes, gachas y pasteles occidentales hechos a pedido<\/strong>, mientras la cena se transforma en un recorrido culinario global, desde <strong>Sashimi japon\u00e9s y pasta italiana<\/strong> a <strong>Pollo africano al estilo Macao<\/strong> y <strong>Arroz en olla de barro inspirado en Zhuhai<\/strong>. Los brunches de fin de semana son especialmente populares, y ofrecen <strong>Maridajes con champ\u00e1n, torres de mariscos y buf\u00e9s de postres.<\/strong> que deleitan a hu\u00e9spedes de todas las edades.<\/p><h3><strong>Sal\u00f3n del vest\u00edbulo: t\u00e9 de la tarde y momentos refinados<\/strong><\/h3><p>La elegancia se une a la relajaci\u00f3n en el <strong>Sal\u00f3n del vest\u00edbulo<\/strong>, donde los hu\u00e9spedes se relajan con <strong>t\u00e9s chinos artesanales<\/strong>, <strong>caf\u00e9 servido a mano<\/strong>, y una exquisita <strong>juego de t\u00e9 de la tarde<\/strong> que fusiona Oriente y Occidente. Piensa <strong>canutillos de matcha, panna cotta de osmanthus y char siu bao en miniatura<\/strong>Todo servido en porcelana a medida con vistas a los jardines paisaj\u00edsticos del resort. Este espacio sereno es perfecto para reuniones antes de ir al parque, refrigerios despu\u00e9s de una aventura o conversaciones de negocios tranquilas.<\/p><h3><strong>Macao Fusion Bar: Donde Oriente se fusiona con el estilo lus\u00f3fono<\/strong><\/h3><p>Celebrando la posici\u00f3n \u00fanica de Hengqin en el <strong>Zona de Cooperaci\u00f3n Guangdong-Macao<\/strong>, el <strong>Bar de fusi\u00f3n de Macao<\/strong> Ofrece una experiencia de cocteler\u00eda \u00fanica inspirada en la herencia chino-portuguesa de Macao. Disfrute de c\u00f3cteles creativos como el <strong>\u201cSpritz de puerto de loto\u201d<\/strong> (con lichi, flor de sa\u00faco y ginebra de Macao) o <strong>\u201cBacalhau a la antigua\u201d<\/strong> (infusionado con esencia de bacalao salado, un gui\u00f1o l\u00fadico a la tradici\u00f3n macaense). Entre los bocados ligeros se incluyen <strong>Tartas de crema portuguesas con s\u00e9samo negro<\/strong>, <strong>brochetas de langostinos picantes piri-piri<\/strong>, y <strong>mini bollos de chuleta de cerdo<\/strong>\u2014Ideal para socializar al atardecer.<\/p><h3><strong>Comedor dise\u00f1ado para cada hu\u00e9sped<\/strong><\/h3><p>Todos los restaurantes priorizan <strong>Frescura, sostenibilidad e inclusi\u00f3n diet\u00e9tica<\/strong>, ofreciendo <strong>Opciones vegetarianas, halal y apropiadas para ni\u00f1os.<\/strong>. Los men\u00fas est\u00e1n disponibles en <strong>Chino, ingl\u00e9s y portugu\u00e9s<\/strong>, lo que refleja el compromiso del hotel con la hospitalidad transfronteriza. Para una comodidad m\u00e1xima, <strong>Servicio de habitaciones las 24 horas<\/strong> lleva los mismos platos de alta calidad a su balc\u00f3n o suite privados, perfecto despu\u00e9s de un espect\u00e1culo nocturno en el Teatro Chimelong.<\/p><p>Ubicado estrat\u00e9gicamente en <strong>Bah\u00eda de Fuxiang, Hengqin, ciudad de Zhuhai, Guangdong 519031, Rep\u00fablica Popular China<\/strong>, Los restaurantes del Chimelong Hengqin Bay Hotel son m\u00e1s que solo lugares para comer: son <strong>puentes culturales<\/strong>, <strong>lugares de reuni\u00f3n familiar<\/strong>, y <strong>destinos gastron\u00f3micos<\/strong> Ya sea un local que explora la escena de lujo de Zhuhai, un viajero internacional que descubre la cocina de Macao o un visitante de un parque tem\u00e1tico que busca un respiro refinado, nuestros restaurantes prometen una experiencia inolvidable de la fusi\u00f3n m\u00e1s emocionante del \u00c1rea de la Gran Bah\u00eda: <strong>tradici\u00f3n, innovaci\u00f3n y belleza frente a la bah\u00eda<\/strong>.<\/p><p data-spm-anchor-id=\"a2ty_o01.29997173.0.i83.78f0c921rvdF0I\"><strong>Reserve su mesa hoy y deje que cada bocado cuente una historia de Hengqin, herencia y armon\u00eda.<\/strong><\/p>\t\t\t\t\t\t\t\t<\/div>\n\t\t\t\t\t<\/div>\n\t\t\t\t<\/div>\n\t\t\t\t<section class=\"elementor-section elementor-top-section elementor-element elementor-element-6ff67410 elementor-section-stretched elementor-section-boxed elementor-section-gap-beside-yes elementor-section-height-default elementor-section-height-default elementor-section-column-vertical-align-stretch\" data-id=\"6ff67410\" data-element_type=\"section\" data-e-type=\"section\" data-settings=\"{&quot;background_background&quot;:&quot;classic&quot;,&quot;stretch_section&quot;:&quot;section-stretched&quot;}\">\n\t\t\t\t\t\t<div class=\"elementor-container elementor-column-gap-extended\">\n\t\t\t\t\t<div class=\"elementor-column elementor-col-100 elementor-top-column elementor-element elementor-element-20e9250a\" data-id=\"20e9250a\" data-element_type=\"column\" data-e-type=\"column\">\n\t\t\t<div class=\"elementor-widget-wrap elementor-element-populated\">\n\t\t\t\t\t\t<div class=\"elementor-element elementor-element-298b7790 elementor-widget elementor-widget-nuss-heading\" data-id=\"298b7790\" data-element_type=\"widget\" data-e-type=\"widget\" data-widget_type=\"nuss-heading.default\">\n\t\t\t\t<div class=\"elementor-widget-container\">\n\t\t\t\t\t\t\t<div class=\"nuss-modern-heading\">\r\n\t\t\t\t\t\t<div class=\"heading-secondary-wrap\">\r\n\t\t\t\t<h3 class=\"heading-secondary elementor-heading-title\">Consultar disponibilidad <\/h3>\t\t\t<\/div>\r\n\t\t\r\n\t\t\t\r\n\t\t\t\r\n\t\t\t\t\t<\/div>\r\n\t\t\t\t\t<\/div>\n\t\t\t\t<\/div>\n\t\t\t\t<div class=\"elementor-element elementor-element-2c93e90e elementor-widget elementor-widget-text-editor\" data-id=\"2c93e90e\" data-element_type=\"widget\" data-e-type=\"widget\" data-widget_type=\"text-editor.default\">\n\t\t\t\t\t\t\t\t\t<iframe border=\"0\" src=\"https:\/\/www.trip.com\/partners\/ad\/S5637697?Allianceid=4590391&#038;SID=263365124&#038;trip_sub1=\" style=\"width:1200px;height:200px\" frameborder=\"0\" scrolling=\"no\" id=\"S5637697\"><\/iframe>\t\t\t\t\t\t\t\t<\/div>\n\t\t\t\t\t<\/div>\n\t\t<\/div>\n\t\t\t\t\t<\/div>\n\t\t<\/section>\n\t\t\t\t<\/div>","protected":false},"excerpt":{"rendered":"<p>Culinary Excellence by the Bay: Discover the Signature Restaurants of Chimelong Hengqin Bay Hotel (Chimelong Flagship Store) Perched on the serene shores of Fuxiang Bay within the dynamic Guangdong-Macao In-depth Cooperation Zone, the Chimelong Hengqin Bay Hotel (Chimelong Flagship Store) redefines coastal gastronomy with a collection of award-inspired, thoughtfully curated dining venues that celebrate the [&hellip;]<\/p>\n","protected":false},"author":1,"featured_media":0,"parent":0,"menu_order":0,"comment_status":"closed","ping_status":"closed","template":"","meta":{"footnotes":""},"class_list":["post-612","page","type-page","status-publish","hentry","post-no-thumbnail"],"_links":{"self":[{"href":"https:\/\/chimelonghengqinbay.com\/es\/wp-json\/wp\/v2\/pages\/612","targetHints":{"allow":["GET"]}}],"collection":[{"href":"https:\/\/chimelonghengqinbay.com\/es\/wp-json\/wp\/v2\/pages"}],"about":[{"href":"https:\/\/chimelonghengqinbay.com\/es\/wp-json\/wp\/v2\/types\/page"}],"author":[{"embeddable":true,"href":"https:\/\/chimelonghengqinbay.com\/es\/wp-json\/wp\/v2\/users\/1"}],"replies":[{"embeddable":true,"href":"https:\/\/chimelonghengqinbay.com\/es\/wp-json\/wp\/v2\/comments?post=612"}],"version-history":[{"count":0,"href":"https:\/\/chimelonghengqinbay.com\/es\/wp-json\/wp\/v2\/pages\/612\/revisions"}],"wp:attachment":[{"href":"https:\/\/chimelonghengqinbay.com\/es\/wp-json\/wp\/v2\/media?parent=612"}],"curies":[{"name":"wp","href":"https:\/\/api.w.org\/{rel}","templated":true}]}}