{"id":2104,"date":"2021-03-23T09:33:48","date_gmt":"2021-03-23T09:33:48","guid":{"rendered":"http:\/\/localhost\/nuss\/?page_id=167"},"modified":"2025-09-29T15:08:54","modified_gmt":"2025-09-29T15:08:54","slug":"nuestra-historia","status":"publish","type":"page","link":"https:\/\/chimelonghengqinbay.com\/es\/our-story\/","title":{"rendered":"Nuestra historia"},"content":{"rendered":"<div data-elementor-type=\"wp-page\" data-elementor-id=\"2104\" class=\"elementor elementor-2104\">\n\t\t\t\t\t\t<section class=\"elementor-section elementor-top-section elementor-element elementor-element-8f5bb9d elementor-section-boxed elementor-section-gap-beside-yes elementor-section-height-default elementor-section-height-default elementor-section-column-vertical-align-stretch\" data-id=\"8f5bb9d\" data-element_type=\"section\" data-e-type=\"section\">\n\t\t\t\t\t\t<div class=\"elementor-container elementor-column-gap-extended\">\n\t\t\t\t\t<div class=\"elementor-column elementor-col-100 elementor-top-column elementor-element elementor-element-7ec4215\" data-id=\"7ec4215\" data-element_type=\"column\" data-e-type=\"column\">\n\t\t\t<div class=\"elementor-widget-wrap elementor-element-populated\">\n\t\t\t\t\t\t<div class=\"elementor-element elementor-element-edd9d03 elementor-widget__width-initial elementor-invisible elementor-widget elementor-widget-text-editor\" data-id=\"edd9d03\" data-element_type=\"widget\" data-e-type=\"widget\" data-settings=\"{&quot;_animation&quot;:&quot;nussFadeInUp&quot;}\" data-widget_type=\"text-editor.default\">\n\t\t\t\t\t\t\t\t\t<p><strong data-spm-anchor-id=\"a2ty_o01.29997173.0.i73.78f0c921rvdF0I\">Donde la visi\u00f3n se encuentra con la bah\u00eda: el nacimiento del Hotel Chimelong Hengqin Bay (tienda insignia de Chimelong)<\/strong><\/p>\t\t\t\t\t\t\t\t<\/div>\n\t\t\t\t\t<\/div>\n\t\t<\/div>\n\t\t\t\t\t<\/div>\n\t\t<\/section>\n\t\t<div class=\"elementor-element elementor-element-ae7e42f e-flex e-con-boxed e-con e-parent\" data-id=\"ae7e42f\" data-element_type=\"container\" data-e-type=\"container\">\n\t\t\t\t\t<div class=\"e-con-inner\">\n\t\t\t\t<div class=\"elementor-element elementor-element-136c3a3 elementor-widget elementor-widget-text-editor\" data-id=\"136c3a3\" data-element_type=\"widget\" data-e-type=\"widget\" data-widget_type=\"text-editor.default\">\n\t\t\t\t\t\t\t\t\t<p data-spm-anchor-id=\"a2ty_o01.29997173.0.i75.78f0c921rvdF0I\">Ubicado a lo largo de las tranquilas orillas de <strong>Bah\u00eda de Fuxiang<\/strong> en el pionero <strong>Zona de Cooperaci\u00f3n Intensa Guangdong-Macao<\/strong>, el <strong>Hotel Chimelong Hengqin Bay (tienda insignia de Chimelong)<\/strong> es mucho m\u00e1s que un alojamiento de lujo: es la encarnaci\u00f3n de una visi\u00f3n audaz: crear un referente hotelero de clase mundial que una culturas, generaciones y sue\u00f1os en el coraz\u00f3n de la Gran \u00c1rea de la Bah\u00eda de China.<\/p><p>Nuestra historia comienza con <strong>Grupo Chimelong<\/strong>Chimelong, una empresa china de origen local fundada en 1989 con una idea simple pero revolucionaria: crear experiencias inmersivas y alegres que unieran a las familias a trav\u00e9s del entretenimiento, la naturaleza y la innovaci\u00f3n. Desde sus humildes or\u00edgenes como santuario de vida silvestre en Cant\u00f3n, Chimelong se convirti\u00f3 en la marca l\u00edder de turismo y ocio integrados de Asia, reconocida por atracciones innovadoras como <strong>Parque Safari de Chimelong<\/strong>, <strong>Circo Internacional Chimelong<\/strong>, y el r\u00e9cord <strong>Reino del oc\u00e9ano de Chimelong<\/strong> en Hengqin.<\/p><p>A medida que la ambici\u00f3n de Chimelong se expand\u00eda, tambi\u00e9n lo hac\u00eda su visi\u00f3n para Hengqin: una isla anta\u00f1o tranquila transformada, gracias a una estrategia nacional, en un din\u00e1mico centro de innovaci\u00f3n transfronterizo. Reconociendo la singular importancia geopol\u00edtica de Hengqin como campo de pruebas para la colaboraci\u00f3n entre Guangdong y Macao, el Grupo Chimelong se propuso crear no solo otro hotel, sino un... <strong>santuario insignia<\/strong> que reflejar\u00eda el esp\u00edritu de esta nueva era: abierta, con visi\u00f3n de futuro y profundamente arraigada en la herencia china.<\/p><p>De este modo, <strong>Chimelong Hengqin Bay Hotel<\/strong> fue concebido no solo como un lugar para descansar, sino como una extensi\u00f3n de la experiencia Chimelong en s\u00ed. Inaugurado como el <strong>La joya de la corona de la cartera hotelera de Chimelong<\/strong>El hotel fue dise\u00f1ado meticulosamente para armonizar con su entorno costero y al mismo tiempo ofrecer un acceso incomparable a las maravillas de <strong>Complejo tur\u00edstico oce\u00e1nico internacional de Chimelong<\/strong>Cada curva arquitect\u00f3nica, detalle interior y punto de contacto de servicio fue impregnado de intenci\u00f3n: dar la bienvenida a los hu\u00e9spedes a un viaje sin interrupciones donde <strong>La aventura se encuentra con la serenidad<\/strong>, y <strong>La modernidad dialoga con la tradici\u00f3n<\/strong>.<\/p><p>La ubicaci\u00f3n del hotel fue elegida con un prop\u00f3sito profundo. Encaramado en <strong>Bah\u00eda de Fuxiang<\/strong>, domina las aguas resplandecientes que simbolizan el intercambio fluido entre China continental y Macao, una met\u00e1fora adecuada para la misi\u00f3n de Chimelong de fomentar el turismo transfronterizo, el entendimiento cultural y el desarrollo sostenible. Construido dentro de <strong>Zona de Cooperaci\u00f3n Intensa Guangdong-Macao<\/strong>La propiedad se alinea con las pol\u00edticas nacionales que promueven la innovaci\u00f3n econ\u00f3mica y social integrada, convirti\u00e9ndola no solo en un destino tur\u00edstico, sino en un participante en la narrativa de desarrollo m\u00e1s amplia de China.<\/p><p>Desde el principio, la sostenibilidad y el bienestar de los hu\u00e9spedes fueron fundamentales para nuestra filosof\u00eda. El dise\u00f1o integra <strong>materiales ecoconscientes<\/strong>, <strong>sistemas energ\u00e9ticamente eficientes<\/strong>, y <strong>elementos biof\u00edlicos<\/strong>\u2014desde muros verdes interiores hasta amplios ventanales que enmarcan la luz natural y las vistas a la bah\u00eda\u2014, garantizando que el lujo nunca se descuide en detrimento del medio ambiente. Mientras tanto, los interiores se entrelazan <strong>Motivos culturales de Lingnan<\/strong>\u2014tallados sutiles, texturas de seda y paletas de tinta lavada\u2014 en espacios contempor\u00e1neos, honrando el rico legado art\u00edstico de Guangdong y al mismo tiempo apelando a las sensibilidades globales.<\/p><p>Pero lo que realmente define nuestra historia es <strong>gente<\/strong>Desde los arquitectos que dieron forma a su silueta hasta las camareras que doblan cisnes de origami sobre las almohadas de los hu\u00e9spedes, cada miembro del equipo del Hotel Chimelong Hengqin Bay es un fiel defensor de la promesa de Chimelong: <em>Para crear momentos que duren toda la vida<\/em>Ya sea para recibir a una familia en su primera aventura en un parque tem\u00e1tico, para recibir a una delegaci\u00f3n empresarial de Macao para charlas de alto nivel o para ofrecer un balc\u00f3n tranquilo a un viajero solitario para contemplar la puesta de sol sobre el Mar de China Meridional, creemos que la hospitalidad es un acto de cari\u00f1o.<\/p><p>Hoy en d\u00eda, como el <strong>Tienda insignia de Chimelong<\/strong>Este hotel se erige como un ejemplo de lo que es posible cuando la imaginaci\u00f3n se une a la oportunidad. Es donde la risa de los ni\u00f1os resuena desde Ocean Kingdom hasta las lujosas suites, donde los ejecutivos cierran tratos con vistas a la bah\u00eda como tel\u00f3n de fondo, y donde viajeros de Pek\u00edn a Lisboa descubren la calidez de la hospitalidad del sur de China: sofisticada, refinada e inconfundiblemente Chimelong.<\/p><p>Esta no es s\u00f3lo nuestra historia.<br \/>Es el comienzo tuyo.<\/p><p data-spm-anchor-id=\"a2ty_o01.29997173.0.i76.78f0c921rvdF0I\"><em>Hotel Chimelong Hengqin Bay: nacido de una visi\u00f3n, construido para la conexi\u00f3n, dise\u00f1ado para la maravilla.<\/em><br \/>\ud83d\udccd Bah\u00eda de Fuxiang, Zona de Cooperaci\u00f3n en Profundidad Guangdong-Macao, Hengqin, Ciudad de Zhuhai, Guangdong 519031, Rep\u00fablica Popular China<\/p>\t\t\t\t\t\t\t\t<\/div>\n\t\t\t\t\t<\/div>\n\t\t\t\t<\/div>\n\t\t\t\t<section class=\"elementor-section elementor-top-section elementor-element elementor-element-7d5a0827 elementor-section-stretched elementor-section-boxed elementor-section-gap-beside-yes elementor-section-height-default elementor-section-height-default elementor-section-column-vertical-align-stretch\" data-id=\"7d5a0827\" data-element_type=\"section\" data-e-type=\"section\" data-settings=\"{&quot;background_background&quot;:&quot;classic&quot;,&quot;stretch_section&quot;:&quot;section-stretched&quot;}\">\n\t\t\t\t\t\t<div class=\"elementor-container elementor-column-gap-extended\">\n\t\t\t\t\t<div class=\"elementor-column elementor-col-100 elementor-top-column elementor-element elementor-element-38df473d\" data-id=\"38df473d\" data-element_type=\"column\" data-e-type=\"column\">\n\t\t\t<div class=\"elementor-widget-wrap elementor-element-populated\">\n\t\t\t\t\t\t<div class=\"elementor-element elementor-element-14e57aee elementor-widget elementor-widget-nuss-heading\" data-id=\"14e57aee\" data-element_type=\"widget\" data-e-type=\"widget\" data-widget_type=\"nuss-heading.default\">\n\t\t\t\t<div class=\"elementor-widget-container\">\n\t\t\t\t\t\t\t<div class=\"nuss-modern-heading\">\r\n\t\t\t\t\t\t<div class=\"heading-secondary-wrap\">\r\n\t\t\t\t<h3 class=\"heading-secondary elementor-heading-title\">Consultar disponibilidad <\/h3>\t\t\t<\/div>\r\n\t\t\r\n\t\t\t\r\n\t\t\t\r\n\t\t\t\t\t<\/div>\r\n\t\t\t\t\t<\/div>\n\t\t\t\t<\/div>\n\t\t\t\t<div class=\"elementor-element elementor-element-d71443d elementor-widget elementor-widget-text-editor\" data-id=\"d71443d\" data-element_type=\"widget\" data-e-type=\"widget\" data-widget_type=\"text-editor.default\">\n\t\t\t\t\t\t\t\t\t<iframe border=\"0\" src=\"https:\/\/www.trip.com\/partners\/ad\/S5637697?Allianceid=4590391&#038;SID=263365124&#038;trip_sub1=\" style=\"width:1200px;height:200px\" frameborder=\"0\" scrolling=\"no\" id=\"S5637697\"><\/iframe>\t\t\t\t\t\t\t\t<\/div>\n\t\t\t\t\t<\/div>\n\t\t<\/div>\n\t\t\t\t\t<\/div>\n\t\t<\/section>\n\t\t\t\t<\/div>","protected":false},"excerpt":{"rendered":"<p>Where Vision Meets the Bay \u2013 The Birth of Chimelong Hengqin Bay Hotel (Chimelong Flagship Store) Nestled along the tranquil shores of Fuxiang Bay in the pioneering Guangdong-Macao In-depth Cooperation Zone, the Chimelong Hengqin Bay Hotel (Chimelong Flagship Store) is far more than a luxury accommodation\u2014it is the embodiment of a bold vision: to create [&hellip;]<\/p>\n","protected":false},"author":1,"featured_media":0,"parent":0,"menu_order":0,"comment_status":"closed","ping_status":"closed","template":"","meta":{"footnotes":""},"class_list":["post-2104","page","type-page","status-publish","hentry","post-no-thumbnail"],"_links":{"self":[{"href":"https:\/\/chimelonghengqinbay.com\/es\/wp-json\/wp\/v2\/pages\/2104","targetHints":{"allow":["GET"]}}],"collection":[{"href":"https:\/\/chimelonghengqinbay.com\/es\/wp-json\/wp\/v2\/pages"}],"about":[{"href":"https:\/\/chimelonghengqinbay.com\/es\/wp-json\/wp\/v2\/types\/page"}],"author":[{"embeddable":true,"href":"https:\/\/chimelonghengqinbay.com\/es\/wp-json\/wp\/v2\/users\/1"}],"replies":[{"embeddable":true,"href":"https:\/\/chimelonghengqinbay.com\/es\/wp-json\/wp\/v2\/comments?post=2104"}],"version-history":[{"count":0,"href":"https:\/\/chimelonghengqinbay.com\/es\/wp-json\/wp\/v2\/pages\/2104\/revisions"}],"wp:attachment":[{"href":"https:\/\/chimelonghengqinbay.com\/es\/wp-json\/wp\/v2\/media?parent=2104"}],"curies":[{"name":"wp","href":"https:\/\/api.w.org\/{rel}","templated":true}]}}