{"id":612,"date":"2021-03-26T10:04:13","date_gmt":"2021-03-26T10:04:13","guid":{"rendered":"http:\/\/localhost\/nuss\/?page_id=612"},"modified":"2025-09-29T15:13:03","modified_gmt":"2025-09-29T15:13:03","slug":"restaurant","status":"publish","type":"page","link":"https:\/\/chimelonghengqinbay.com\/de\/restaurant\/","title":{"rendered":"Restaurant"},"content":{"rendered":"<div data-elementor-type=\"wp-page\" data-elementor-id=\"612\" class=\"elementor elementor-612\">\n\t\t\t\t\t\t<section class=\"elementor-section elementor-top-section elementor-element elementor-element-e2effe8 elementor-section-boxed elementor-section-gap-beside-yes elementor-section-height-default elementor-section-height-default elementor-section-column-vertical-align-stretch\" data-id=\"e2effe8\" data-element_type=\"section\" data-e-type=\"section\">\n\t\t\t\t\t\t<div class=\"elementor-container elementor-column-gap-extended\">\n\t\t\t\t\t<div class=\"elementor-column elementor-col-100 elementor-top-column elementor-element elementor-element-e18f688\" data-id=\"e18f688\" data-element_type=\"column\" data-e-type=\"column\">\n\t\t\t<div class=\"elementor-widget-wrap elementor-element-populated\">\n\t\t\t\t\t\t<div class=\"elementor-element elementor-element-6db146d elementor-widget__width-initial elementor-invisible elementor-widget elementor-widget-text-editor\" data-id=\"6db146d\" data-element_type=\"widget\" data-e-type=\"widget\" data-settings=\"{&quot;_animation&quot;:&quot;nussFadeInUp&quot;}\" data-widget_type=\"text-editor.default\">\n\t\t\t\t\t\t\t\t\t<p><strong data-spm-anchor-id=\"a2ty_o01.29997173.0.i78.78f0c921rvdF0I\">Kulinarische Exzellenz an der Bucht: Entdecken Sie die einzigartigen Restaurants des Chimelong Hengqin Bay Hotels (Chimelong Flagship Store)<\/strong><\/p>\t\t\t\t\t\t\t\t<\/div>\n\t\t\t\t\t<\/div>\n\t\t<\/div>\n\t\t\t\t\t<\/div>\n\t\t<\/section>\n\t\t<div class=\"elementor-element elementor-element-764955e e-flex e-con-boxed e-con e-parent\" data-id=\"764955e\" data-element_type=\"container\" data-e-type=\"container\">\n\t\t\t\t\t<div class=\"e-con-inner\">\n\t\t<div class=\"elementor-element elementor-element-3a71d84 e-con-full e-flex e-con e-child\" data-id=\"3a71d84\" data-element_type=\"container\" data-e-type=\"container\">\n\t\t\t\t<div class=\"elementor-element elementor-element-81a00fb elementor-widget elementor-widget-text-editor\" data-id=\"81a00fb\" data-element_type=\"widget\" data-e-type=\"widget\" data-widget_type=\"text-editor.default\">\n\t\t\t\t\t\t\t\t\t<p>An den ruhigen Ufern von <strong>Fuxiang-Bucht<\/strong> innerhalb der dynamischen <strong>Guangdong-Macao Intensive Kooperationszone<\/strong>, Die <strong>Chimelong Hengqin Bay Hotel (Chimelong Flagship Store)<\/strong> definiert die K\u00fcstengastronomie neu mit einer Sammlung von <strong>preisgekr\u00f6nte, sorgf\u00e4ltig kuratierte Speiselokale<\/strong> die das reiche kulinarische Erbe von Guangdong, die lebendigen Aromen von Macao und die Raffinesse der internationalen K\u00fcche feiern \u2013 alles serviert vor der Kulisse eines Panoramablicks auf die Bucht und zeitgen\u00f6ssischer Eleganz.<\/p><div class=\"my-2\">\u00a0<\/div><p data-spm-anchor-id=\"a2ty_o01.29997173.0.i79.78f0c921rvdF0I\">Als Flagship-Hotel-Destination in <strong>Hengqin, Zhuhai<\/strong>, nur wenige Schritte von <strong>Chimelong Ozeank\u00f6nigreich<\/strong> und Minuten von der <strong>Grenze zu Macau<\/strong>, die Restaurants des Hotels sind nicht nur darauf ausgelegt, den Hunger zu stillen, sondern auch <strong>unvergessliche Sinnesreisen<\/strong> f\u00fcr Familien, Paare, Gesch\u00e4ftsreisende und Feinschmecker gleicherma\u00dfen. Ob Sie Ihren Tag mit handgemachtem Dim Sum beginnen, ein Meeresfr\u00fcchte-Festmahl bei Sonnenuntergang genie\u00dfen oder handwerklich hergestellte Cocktails unter den Sternen schl\u00fcrfen, jede Mahlzeit hier ist eine Einladung, den einzigartigen grenz\u00fcberschreitenden Geist der Greater Bay Area zu genie\u00dfen.<\/p>\t\t\t\t\t\t\t\t<\/div>\n\t\t\t\t<\/div>\n\t\t<div class=\"elementor-element elementor-element-bb76a06 e-con-full e-flex e-con e-child\" data-id=\"bb76a06\" data-element_type=\"container\" data-e-type=\"container\">\n\t\t\t\t<div class=\"elementor-element elementor-element-636ac5f elementor-widget elementor-widget-image\" data-id=\"636ac5f\" data-element_type=\"widget\" data-e-type=\"widget\" data-widget_type=\"image.default\">\n\t\t\t\t\t\t\t\t\t\t\t\t\t\t\t<img fetchpriority=\"high\" decoding=\"async\" width=\"1024\" height=\"682\" src=\"https:\/\/chimelonghengqinbay.com\/wp-content\/uploads\/2025\/09\/ChimelongHengqinBayHotel-110-1024x682.webp\" class=\"attachment-large size-large wp-image-6482\" alt=\"\" srcset=\"https:\/\/chimelonghengqinbay.com\/wp-content\/uploads\/2025\/09\/ChimelongHengqinBayHotel-110-1024x682.webp 1024w, https:\/\/chimelonghengqinbay.com\/wp-content\/uploads\/2025\/09\/ChimelongHengqinBayHotel-110-300x200.webp 300w, https:\/\/chimelonghengqinbay.com\/wp-content\/uploads\/2025\/09\/ChimelongHengqinBayHotel-110-768x512.webp 768w, https:\/\/chimelonghengqinbay.com\/wp-content\/uploads\/2025\/09\/ChimelongHengqinBayHotel-110-18x12.webp 18w, https:\/\/chimelonghengqinbay.com\/wp-content\/uploads\/2025\/09\/ChimelongHengqinBayHotel-110.webp 1280w\" sizes=\"(max-width: 1024px) 100vw, 1024px\" \/>\t\t\t\t\t\t\t\t\t\t\t\t\t\t\t<\/div>\n\t\t\t\t<\/div>\n\t\t\t\t\t<\/div>\n\t\t\t\t<\/div>\n\t\t<div class=\"elementor-element elementor-element-e5626a7 e-flex e-con-boxed e-con e-parent\" data-id=\"e5626a7\" data-element_type=\"container\" data-e-type=\"container\">\n\t\t\t\t\t<div class=\"e-con-inner\">\n\t\t\t\t<div class=\"elementor-element elementor-element-4ac24e6 elementor-widget elementor-widget-nuss-image-gallery\" data-id=\"4ac24e6\" data-element_type=\"widget\" data-e-type=\"widget\" data-widget_type=\"nuss-image-gallery.default\">\n\t\t\t\t<div class=\"elementor-widget-container\">\n\t\t\t\t\t\t\t<div class=\"nuss-grid-wrapper\" data-grid=\"{&quot;type&quot;:&quot;grid&quot;,&quot;ratio&quot;:null,&quot;columns&quot;:3,&quot;gutter&quot;:30}\">\r\n\t\t\t<div class=\"nuss-grid lazy-grid\">\r\n\t\t\t\t<div class=\"grid-sizer\"><\/div>\r\n\r\n\t\t\t\t\t\t\t\t\t\t\t\t<div class=\"grid-item\">\r\n\t\t\t\t\t\t<div class=\"nuss-box\">\t\t<div class=\"nuss-image image\">\r\n\t\t\t<img decoding=\"async\"  src=\"https:\/\/chimelonghengqinbay.com\/wp-content\/uploads\/2025\/09\/ChimelongHengqinBayHotel-109.webp\" alt=\"ChimelongHengqinBayHotel (109)\" \/>\t\t<\/div>\r\n\t\t\t\t<\/div>\t\t\t\t\t<\/div>\r\n\t\t\t\t\t\t<div class=\"grid-item\">\r\n\t\t\t\t\t\t<div class=\"nuss-box\">\t\t<div class=\"nuss-image image\">\r\n\t\t\t<img decoding=\"async\"  src=\"https:\/\/chimelonghengqinbay.com\/wp-content\/uploads\/2025\/09\/ChimelongHengqinBayHotel-62.webp\" alt=\"ChimelongHengqinBayHotel (62)\" \/>\t\t<\/div>\r\n\t\t\t\t<\/div>\t\t\t\t\t<\/div>\r\n\t\t\t\t\t\t<div class=\"grid-item\">\r\n\t\t\t\t\t\t<div class=\"nuss-box\">\t\t<div class=\"nuss-image image\">\r\n\t\t\t<img decoding=\"async\"  src=\"https:\/\/chimelonghengqinbay.com\/wp-content\/uploads\/2025\/09\/ChimelongHengqinBayHotel-60.webp\" alt=\"ChimelongHengqinBayHotel (60)\" \/>\t\t<\/div>\r\n\t\t\t\t<\/div>\t\t\t\t\t<\/div>\r\n\t\t\t\t\t\t<div class=\"grid-item\">\r\n\t\t\t\t\t\t<div class=\"nuss-box\">\t\t<div class=\"nuss-image image\">\r\n\t\t\t<img decoding=\"async\"  src=\"https:\/\/chimelonghengqinbay.com\/wp-content\/uploads\/2025\/09\/ChimelongHengqinBayHotel-5.webp\" alt=\"ChimelongHengqinBayHotel (5)\" \/>\t\t<\/div>\r\n\t\t\t\t<\/div>\t\t\t\t\t<\/div>\r\n\t\t\t\t\t\t<div class=\"grid-item\">\r\n\t\t\t\t\t\t<div class=\"nuss-box\">\t\t<div class=\"nuss-image image\">\r\n\t\t\t<img decoding=\"async\"  src=\"https:\/\/chimelonghengqinbay.com\/wp-content\/uploads\/2025\/09\/ChimelongHengqinBayHotel-12.webp\" alt=\"ChimelongHengqinBayHotel (12)\" \/>\t\t<\/div>\r\n\t\t\t\t<\/div>\t\t\t\t\t<\/div>\r\n\t\t\t\t\t\t<div class=\"grid-item\">\r\n\t\t\t\t\t\t<div class=\"nuss-box\">\t\t<div class=\"nuss-image image\">\r\n\t\t\t<img decoding=\"async\"  src=\"https:\/\/chimelonghengqinbay.com\/wp-content\/uploads\/2025\/09\/ChimelongHengqinBayHotel-11.webp\" alt=\"ChimelongHengqinBayHotel (11)\" \/>\t\t<\/div>\r\n\t\t\t\t<\/div>\t\t\t\t\t<\/div>\r\n\t\t\t\t\t\t<div class=\"grid-item\">\r\n\t\t\t\t\t\t<div class=\"nuss-box\">\t\t<div class=\"nuss-image image\">\r\n\t\t\t<img decoding=\"async\"  src=\"https:\/\/chimelonghengqinbay.com\/wp-content\/uploads\/2025\/09\/ChimelongHengqinBayHotel-9.webp\" alt=\"ChimelongHengqinBayHotel (9)\" \/>\t\t<\/div>\r\n\t\t\t\t<\/div>\t\t\t\t\t<\/div>\r\n\t\t\t\t\t\t<div class=\"grid-item\">\r\n\t\t\t\t\t\t<div class=\"nuss-box\">\t\t<div class=\"nuss-image image\">\r\n\t\t\t<img decoding=\"async\"  src=\"https:\/\/chimelonghengqinbay.com\/wp-content\/uploads\/2025\/09\/ChimelongHengqinBayHotel-10.webp\" alt=\"ChimelongHengqinBayHotel (10)\" \/>\t\t<\/div>\r\n\t\t\t\t<\/div>\t\t\t\t\t<\/div>\r\n\t\t\t\t\t\t<div class=\"grid-item\">\r\n\t\t\t\t\t\t<div class=\"nuss-box\">\t\t<div class=\"nuss-image image\">\r\n\t\t\t<img decoding=\"async\"  src=\"https:\/\/chimelonghengqinbay.com\/wp-content\/uploads\/2025\/09\/ChimelongHengqinBayHotel-8.webp\" alt=\"ChimelongHengqinBayHotel (8)\" \/>\t\t<\/div>\r\n\t\t\t\t<\/div>\t\t\t\t\t<\/div>\r\n\t\t\t\t\t\t<div class=\"grid-item\">\r\n\t\t\t\t\t\t<div class=\"nuss-box\">\t\t<div class=\"nuss-image image\">\r\n\t\t\t<img decoding=\"async\"  src=\"https:\/\/chimelonghengqinbay.com\/wp-content\/uploads\/2025\/09\/ChimelongHengqinBayHotel-7.webp\" alt=\"ChimelongHengqinBayHotel (7)\" \/>\t\t<\/div>\r\n\t\t\t\t<\/div>\t\t\t\t\t<\/div>\r\n\t\t\t\t\t\t<div class=\"grid-item\">\r\n\t\t\t\t\t\t<div class=\"nuss-box\">\t\t<div class=\"nuss-image image\">\r\n\t\t\t<img decoding=\"async\"  src=\"https:\/\/chimelonghengqinbay.com\/wp-content\/uploads\/2025\/09\/ChimelongHengqinBayHotel-6.webp\" alt=\"ChimelongHengqinBayHotel (6)\" \/>\t\t<\/div>\r\n\t\t\t\t<\/div>\t\t\t\t\t<\/div>\r\n\t\t\t\t\t\t<div class=\"grid-item\">\r\n\t\t\t\t\t\t<div class=\"nuss-box\">\t\t<div class=\"nuss-image image\">\r\n\t\t\t<img decoding=\"async\"  src=\"https:\/\/chimelonghengqinbay.com\/wp-content\/uploads\/2025\/09\/ChimelongHengqinBayHotel-13.webp\" alt=\"ChimelongHengqinBayHotel (13)\" \/>\t\t<\/div>\r\n\t\t\t\t<\/div>\t\t\t\t\t<\/div>\r\n\t\t\t\t\t\t<div class=\"grid-item\">\r\n\t\t\t\t\t\t<div class=\"nuss-box\">\t\t<div class=\"nuss-image image\">\r\n\t\t\t<img decoding=\"async\"  src=\"https:\/\/chimelonghengqinbay.com\/wp-content\/uploads\/2025\/09\/ChimelongHengqinBayHotel-16.webp\" alt=\"ChimelongHengqinBayHotel (16)\" \/>\t\t<\/div>\r\n\t\t\t\t<\/div>\t\t\t\t\t<\/div>\r\n\t\t\t\t\t\t<div class=\"grid-item\">\r\n\t\t\t\t\t\t<div class=\"nuss-box\">\t\t<div class=\"nuss-image image\">\r\n\t\t\t<img decoding=\"async\"  src=\"https:\/\/chimelonghengqinbay.com\/wp-content\/uploads\/2025\/09\/ChimelongHengqinBayHotel-20.webp\" alt=\"ChimelongHengqinBayHotel (20)\" \/>\t\t<\/div>\r\n\t\t\t\t<\/div>\t\t\t\t\t<\/div>\r\n\t\t\t\t\t\t\t\r\n\t\t\t<\/div>\r\n\t\t<\/div>\r\n\t\t\t\t\t\t<\/div>\n\t\t\t\t<\/div>\n\t\t\t\t\t<\/div>\n\t\t\t\t<\/div>\n\t\t<div class=\"elementor-element elementor-element-d05381b e-flex e-con-boxed e-con e-parent\" data-id=\"d05381b\" data-element_type=\"container\" data-e-type=\"container\">\n\t\t\t\t\t<div class=\"e-con-inner\">\n\t\t\t\t<div class=\"elementor-element elementor-element-53bd849 elementor-widget elementor-widget-text-editor\" data-id=\"53bd849\" data-element_type=\"widget\" data-e-type=\"widget\" data-widget_type=\"text-editor.default\">\n\t\t\t\t\t\t\t\t\t<h3><strong data-spm-anchor-id=\"a2ty_o01.29997173.0.i82.78f0c921rvdF0I\">Yue Court \u2013 Eine moderne Hommage an die kantonesische Meisterschaft<\/strong><\/h3><p>Im Mittelpunkt der kulinarischen Identit\u00e4t des Hotels steht <strong>Yue-Gericht<\/strong>, ein gehobenes kantonesisches Restaurant, in dem jahrhundertealte Techniken auf innovative Pr\u00e4sentation treffen. Unter der Leitung von erfahrenen K\u00f6chen aus Guangzhou und Macao bietet die K\u00fcche <strong>t\u00e4glich frische Meeresfr\u00fcchte aus dem S\u00fcdchinesischen Meer<\/strong>, Bio-Produkte von lokalen Bauernh\u00f6fen und hochwertige Zutaten wie <strong>Abalone, Vogelnest und Yunnan-Tr\u00fcffel<\/strong>Zu den Spezialit\u00e4ten des Hauses geh\u00f6ren <strong>langsam geschmorte Abalone mit Austernsauce<\/strong>, <strong>knuspriges Spanferkel mit Pflaumenglasur<\/strong>, Und <strong>ged\u00e4mpfte Garoupa mit Ingwer-Fr\u00fchlingszwiebel-Emulsion<\/strong>\u2013 jeder Teller zeugt von der Feinheit und Ausgewogenheit, die die authentische Lingnan-K\u00fcche ausmachen. Private Speiser\u00e4ume mit Blick auf die Bucht machen das Yue Court ideal f\u00fcr Gesch\u00e4ftsbankette, Familientreffen oder festliche Abendessen.<\/p><h3 data-spm-anchor-id=\"a2ty_o01.29997173.0.i81.78f0c921rvdF0I\"><strong>Bay Bistro \u2013 Globale Aromen mit K\u00fcstenseele<\/strong><\/h3><p>F\u00fcr alle, die Abwechslung suchen, <strong>Bay Bistro<\/strong> bietet ein umfangreiches internationales Buffet und ein \u00c0-la-carte-Men\u00fc in einem hellen, luftigen Raum mit deckenhohen Fenstern und Blick auf die Fuxiang-Bucht. Fr\u00fchst\u00fccksangebote <strong>Live-Stationen f\u00fcr Omeletts, Congee und Westerngeb\u00e4ck auf Bestellung<\/strong>, w\u00e4hrend sich das Abendessen in eine kulinarische Weltreise verwandelt \u2013 von <strong>Japanisches Sashimi und italienische Pasta<\/strong> Zu <strong>Afrikanisches H\u00e4hnchen nach Macao-Art<\/strong> Und <strong>Von Zhuhai inspirierter Tontopfreis<\/strong>. Besonders beliebt sind die Wochenendbrunches mit <strong>Champagner-Paarungen, Meeresfr\u00fcchte-T\u00fcrme und Dessertbuffets<\/strong> die G\u00e4ste jeden Alters begeistern.<\/p><h3><strong>Lobby Lounge \u2013 Nachmittagstee und raffinierte Momente<\/strong><\/h3><p>Eleganz trifft Entspannung im <strong>Lobby Lounge<\/strong>, wo die G\u00e4ste entspannen mit <strong>handwerklich hergestellte chinesische Tees<\/strong>, <strong>handgegossener Kaffee<\/strong>und ein exquisites <strong>Nachmittagstee-Set<\/strong> das Ost und West verbindet. Denken Sie <strong>Matcha-Eclairs, Osmanthus Panna Cotta und Miniatur-Char Siu Bao<\/strong>\u2013 alles serviert auf ma\u00dfgeschneidertem Porzellan mit Blick auf die angelegten G\u00e4rten des Resorts. Dieser ruhige Raum eignet sich perfekt f\u00fcr Treffen vor dem Parkbesuch, Erfrischungen nach dem Abenteuer oder ruhige Gesch\u00e4ftsgespr\u00e4che.<\/p><h3><strong>Macao Fusion Bar \u2013 Wo Osten auf portugiesischsprachiges Flair trifft<\/strong><\/h3><p>Wir feiern Hengqins einzigartige Position in der <strong>Kooperationszone Guangdong-Macao<\/strong>, Die <strong>Macao Fusion Bar<\/strong> bietet ein einzigartiges Mixologie-Erlebnis, inspiriert vom portugiesisch-chinesischen Erbe Macaus. Genie\u00dfen Sie kreative Cocktails wie den <strong>\u201eLotus Port Spritz\u201c<\/strong> (mit Litschi, Holunderbl\u00fcte und Macao Gin) oder <strong>\u201eBacalhau altmodisch\u201c<\/strong> (mit gesalzenem Kabeljau-Essenz angereichert \u2013 eine spielerische Anspielung auf die Tradition von Macau). Zu den leichten Snacks geh\u00f6ren <strong>Portugiesische Puddingt\u00f6rtchen mit schwarzem Sesam<\/strong>, <strong>w\u00fcrzige Garnelen-Piri-Piri-Spie\u00dfe<\/strong>, Und <strong>Mini-Schweinekotelettbr\u00f6tchen<\/strong>\u2013 ideal f\u00fcr geselliges Beisammensein bei Sonnenuntergang.<\/p><h3><strong>Speisen f\u00fcr jeden Gast<\/strong><\/h3><p>Alle Restaurants priorisieren <strong>Frische, Nachhaltigkeit und Ern\u00e4hrungsinklusivit\u00e4t<\/strong>, Angebot <strong>vegetarische, halal-freundliche und kindergerechte Optionen<\/strong>Men\u00fcs sind verf\u00fcgbar in <strong>Chinesisch, Englisch und Portugiesisch<\/strong>, was das Engagement des Hotels f\u00fcr grenz\u00fcberschreitende Gastfreundschaft widerspiegelt. F\u00fcr ultimativen Komfort, <strong>24-Stunden-Zimmerservice<\/strong> bringt die gleichen hochwertigen Gerichte auf Ihren privaten Balkon oder in Ihre Suite \u2013 perfekt nach einer Late-Night-Show im Chimelong Theatre.<\/p><p>Strategisch g\u00fcnstig gelegen am <strong>Fuxiang Bay, Hengqin, Stadt Zhuhai, Guangdong 519031, VR China<\/strong>, Chimelong Hengqin Bay Hotel&#039;s Restaurants sind mehr als nur Orte zum Essen - sie sind <strong>kulturelle Br\u00fccken<\/strong>, <strong>Treffpunkte f\u00fcr Familien<\/strong>, Und <strong>gastronomische Reiseziele<\/strong> f\u00fcr sich. Egal, ob Sie ein Einheimischer sind, der die Luxusszene von Zhuhai erkundet, ein internationaler Reisender, der die kulinarische Cousine von Macao entdeckt, oder ein Besucher eines Themenparks, der eine kultivierte Erholung sucht, unsere Restaurants versprechen einen unvergesslichen Geschmack der aufregendsten Fusion der Greater Bay Area: <strong>Tradition, Innovation und Sch\u00f6nheit der Bucht<\/strong>.<\/p><p data-spm-anchor-id=\"a2ty_o01.29997173.0.i83.78f0c921rvdF0I\"><strong>Reservieren Sie noch heute Ihren Tisch \u2013 und lassen Sie jeden Bissen eine Geschichte von Hengqin, Tradition und Harmonie erz\u00e4hlen.<\/strong><\/p>\t\t\t\t\t\t\t\t<\/div>\n\t\t\t\t\t<\/div>\n\t\t\t\t<\/div>\n\t\t\t\t<section class=\"elementor-section elementor-top-section elementor-element elementor-element-6ff67410 elementor-section-stretched elementor-section-boxed elementor-section-gap-beside-yes elementor-section-height-default elementor-section-height-default elementor-section-column-vertical-align-stretch\" data-id=\"6ff67410\" data-element_type=\"section\" data-e-type=\"section\" data-settings=\"{&quot;background_background&quot;:&quot;classic&quot;,&quot;stretch_section&quot;:&quot;section-stretched&quot;}\">\n\t\t\t\t\t\t<div class=\"elementor-container elementor-column-gap-extended\">\n\t\t\t\t\t<div class=\"elementor-column elementor-col-100 elementor-top-column elementor-element elementor-element-20e9250a\" data-id=\"20e9250a\" data-element_type=\"column\" data-e-type=\"column\">\n\t\t\t<div class=\"elementor-widget-wrap elementor-element-populated\">\n\t\t\t\t\t\t<div class=\"elementor-element elementor-element-298b7790 elementor-widget elementor-widget-nuss-heading\" data-id=\"298b7790\" data-element_type=\"widget\" data-e-type=\"widget\" data-widget_type=\"nuss-heading.default\">\n\t\t\t\t<div class=\"elementor-widget-container\">\n\t\t\t\t\t\t\t<div class=\"nuss-modern-heading\">\r\n\t\t\t\t\t\t<div class=\"heading-secondary-wrap\">\r\n\t\t\t\t<h3 class=\"heading-secondary elementor-heading-title\">Verf\u00fcgbarkeit pr\u00fcfen <\/h3>\t\t\t<\/div>\r\n\t\t\r\n\t\t\t\r\n\t\t\t\r\n\t\t\t\t\t<\/div>\r\n\t\t\t\t\t<\/div>\n\t\t\t\t<\/div>\n\t\t\t\t<div class=\"elementor-element elementor-element-2c93e90e elementor-widget elementor-widget-text-editor\" data-id=\"2c93e90e\" data-element_type=\"widget\" data-e-type=\"widget\" data-widget_type=\"text-editor.default\">\n\t\t\t\t\t\t\t\t\t<iframe border=\"0\" src=\"https:\/\/www.trip.com\/partners\/ad\/S5637697?Allianceid=4590391&#038;SID=263365124&#038;trip_sub1=\" style=\"width:1200px;height:200px\" frameborder=\"0\" scrolling=\"no\" id=\"S5637697\"><\/iframe>\t\t\t\t\t\t\t\t<\/div>\n\t\t\t\t\t<\/div>\n\t\t<\/div>\n\t\t\t\t\t<\/div>\n\t\t<\/section>\n\t\t\t\t<\/div>","protected":false},"excerpt":{"rendered":"<p>Culinary Excellence by the Bay: Discover the Signature Restaurants of Chimelong Hengqin Bay Hotel (Chimelong Flagship Store) Perched on the serene shores of Fuxiang Bay within the dynamic Guangdong-Macao In-depth Cooperation Zone, the Chimelong Hengqin Bay Hotel (Chimelong Flagship Store) redefines coastal gastronomy with a collection of award-inspired, thoughtfully curated dining venues that celebrate the [&hellip;]<\/p>\n","protected":false},"author":1,"featured_media":0,"parent":0,"menu_order":0,"comment_status":"closed","ping_status":"closed","template":"","meta":{"footnotes":""},"class_list":["post-612","page","type-page","status-publish","hentry","post-no-thumbnail"],"_links":{"self":[{"href":"https:\/\/chimelonghengqinbay.com\/de\/wp-json\/wp\/v2\/pages\/612","targetHints":{"allow":["GET"]}}],"collection":[{"href":"https:\/\/chimelonghengqinbay.com\/de\/wp-json\/wp\/v2\/pages"}],"about":[{"href":"https:\/\/chimelonghengqinbay.com\/de\/wp-json\/wp\/v2\/types\/page"}],"author":[{"embeddable":true,"href":"https:\/\/chimelonghengqinbay.com\/de\/wp-json\/wp\/v2\/users\/1"}],"replies":[{"embeddable":true,"href":"https:\/\/chimelonghengqinbay.com\/de\/wp-json\/wp\/v2\/comments?post=612"}],"version-history":[{"count":0,"href":"https:\/\/chimelonghengqinbay.com\/de\/wp-json\/wp\/v2\/pages\/612\/revisions"}],"wp:attachment":[{"href":"https:\/\/chimelonghengqinbay.com\/de\/wp-json\/wp\/v2\/media?parent=612"}],"curies":[{"name":"wp","href":"https:\/\/api.w.org\/{rel}","templated":true}]}}