{"id":5266,"date":"2021-07-18T08:03:35","date_gmt":"2021-07-18T08:03:35","guid":{"rendered":"https:\/\/nuss.uxper.co\/luxury-resort\/?page_id=5266"},"modified":"2025-09-29T13:30:15","modified_gmt":"2025-09-29T13:30:15","slug":"uber-uns","status":"publish","type":"page","link":"https:\/\/chimelonghengqinbay.com\/de\/about-us\/","title":{"rendered":"\u00dcber uns"},"content":{"rendered":"<div data-elementor-type=\"wp-page\" data-elementor-id=\"5266\" class=\"elementor elementor-5266\">\n\t\t\t\t\t\t<section class=\"elementor-section elementor-top-section elementor-element elementor-element-10416953 elementor-section-boxed elementor-section-gap-beside-yes elementor-section-height-default elementor-section-height-default elementor-section-column-vertical-align-stretch\" data-id=\"10416953\" data-element_type=\"section\" data-e-type=\"section\">\n\t\t\t\t\t\t<div class=\"elementor-container elementor-column-gap-extended\">\n\t\t\t\t\t<div class=\"elementor-column elementor-col-100 elementor-top-column elementor-element elementor-element-29c6aa8\" data-id=\"29c6aa8\" data-element_type=\"column\" data-e-type=\"column\">\n\t\t\t<div class=\"elementor-widget-wrap elementor-element-populated\">\n\t\t\t\t\t\t<div class=\"elementor-element elementor-element-7be18fe7 elementor-widget__width-initial elementor-invisible elementor-widget elementor-widget-text-editor\" data-id=\"7be18fe7\" data-element_type=\"widget\" data-e-type=\"widget\" data-settings=\"{&quot;_animation&quot;:&quot;nussFadeInUp&quot;}\" data-widget_type=\"text-editor.default\">\n\t\t\t\t\t\t\t\t\t<p>Willkommen bei <strong data-spm-anchor-id=\"a2ty_o01.29997173.0.i42.78f0c921rvdF0I\">Chimelong Hengqin Bay Hotel (Chimelong Flagship Store)<\/strong><\/p>\t\t\t\t\t\t\t\t<\/div>\n\t\t\t\t\t<\/div>\n\t\t<\/div>\n\t\t\t\t\t<\/div>\n\t\t<\/section>\n\t\t\t\t<section class=\"elementor-section elementor-top-section elementor-element elementor-element-7d18327f elementor-section-boxed elementor-section-gap-beside-yes elementor-section-height-default elementor-section-height-default elementor-section-column-vertical-align-stretch\" data-id=\"7d18327f\" data-element_type=\"section\" data-e-type=\"section\">\n\t\t\t\t\t\t<div class=\"elementor-container elementor-column-gap-extended\">\n\t\t\t\t\t<div class=\"elementor-column elementor-col-50 elementor-top-column elementor-element elementor-element-56533670\" data-id=\"56533670\" data-element_type=\"column\" data-e-type=\"column\">\n\t\t\t<div class=\"elementor-widget-wrap elementor-element-populated\">\n\t\t\t\t\t\t<div class=\"elementor-element elementor-element-19c3f543 elementor-drop-cap-yes elementor-drop-cap-view-default elementor-invisible elementor-widget elementor-widget-text-editor\" data-id=\"19c3f543\" data-element_type=\"widget\" data-e-type=\"widget\" data-settings=\"{&quot;_animation&quot;:&quot;nussFadeInUp&quot;,&quot;drop_cap&quot;:&quot;yes&quot;}\" data-widget_type=\"text-editor.default\">\n\t\t\t\t\t\t\t\t\t<p>Ein erstklassiges Luxusreiseziel, eingebettet in die malerische Landschaft <strong>Fuxiang-Bucht<\/strong> im Herzen von <strong>Guangdong-Macao Intensive Kooperationszone<\/strong>, <strong>Hengqin, Zhuhai, Provinz Guangdong, China<\/strong>. Strategisch g\u00fcnstig gelegen, nur wenige Minuten von der <strong>Grenze zu Macau<\/strong> und angrenzend an das weltber\u00fchmte <strong>Chimelong International Ocean Resort<\/strong>, Dieses Vorzeigeobjekt definiert gehobene Gastfreundschaft mit seiner nahtlosen Verbindung von <strong>moderne Eleganz<\/strong>, <strong>Lingnan-Kultur\u00e4sthetik<\/strong>, Und <strong>hochmoderne Annehmlichkeiten<\/strong>.<\/p>\t\t\t\t\t\t\t\t<\/div>\n\t\t\t\t\t<\/div>\n\t\t<\/div>\n\t\t\t\t<div class=\"elementor-column elementor-col-50 elementor-top-column elementor-element elementor-element-30f14127\" data-id=\"30f14127\" data-element_type=\"column\" data-e-type=\"column\">\n\t\t\t<div class=\"elementor-widget-wrap elementor-element-populated\">\n\t\t\t\t\t\t<div class=\"elementor-element elementor-element-59aea08 elementor-widget elementor-widget-image\" data-id=\"59aea08\" data-element_type=\"widget\" data-e-type=\"widget\" data-widget_type=\"image.default\">\n\t\t\t\t\t\t\t\t\t\t\t\t\t\t\t<img fetchpriority=\"high\" decoding=\"async\" width=\"1024\" height=\"686\" src=\"https:\/\/chimelonghengqinbay.com\/wp-content\/uploads\/2025\/09\/ChimelongHengqinBayHotel-122-1024x686.webp\" class=\"attachment-large size-large wp-image-6494\" alt=\"\" srcset=\"https:\/\/chimelonghengqinbay.com\/wp-content\/uploads\/2025\/09\/ChimelongHengqinBayHotel-122-1024x686.webp 1024w, https:\/\/chimelonghengqinbay.com\/wp-content\/uploads\/2025\/09\/ChimelongHengqinBayHotel-122-300x201.webp 300w, https:\/\/chimelonghengqinbay.com\/wp-content\/uploads\/2025\/09\/ChimelongHengqinBayHotel-122-768x514.webp 768w, https:\/\/chimelonghengqinbay.com\/wp-content\/uploads\/2025\/09\/ChimelongHengqinBayHotel-122-18x12.webp 18w, https:\/\/chimelonghengqinbay.com\/wp-content\/uploads\/2025\/09\/ChimelongHengqinBayHotel-122.webp 1274w\" sizes=\"(max-width: 1024px) 100vw, 1024px\" \/>\t\t\t\t\t\t\t\t\t\t\t\t\t\t\t<\/div>\n\t\t\t\t\t<\/div>\n\t\t<\/div>\n\t\t\t\t\t<\/div>\n\t\t<\/section>\n\t\t\t\t<section class=\"elementor-section elementor-top-section elementor-element elementor-element-29fb8578 elementor-section-height-min-height elementor-section-stretched elementor-section-full_width elementor-section-items-stretch elementor-section-height-default elementor-section-column-vertical-align-stretch\" data-id=\"29fb8578\" data-element_type=\"section\" data-e-type=\"section\" data-settings=\"{&quot;stretch_section&quot;:&quot;section-stretched&quot;}\">\n\t\t\t\t\t\t<div class=\"elementor-container elementor-column-gap-no\">\n\t\t\t\t\t<div class=\"elementor-column elementor-col-50 elementor-top-column elementor-element elementor-element-40ac270b\" data-id=\"40ac270b\" data-element_type=\"column\" data-e-type=\"column\">\n\t\t\t<div class=\"elementor-widget-wrap elementor-element-populated\">\n\t\t\t\t\t\t<div class=\"elementor-element elementor-element-20872773 elementor-widget__width-initial elementor-widget-mobile__width-inherit elementor-invisible nuss-elementor-loading nuss-slide-in-right elementor-widget elementor-widget-image\" data-id=\"20872773\" data-element_type=\"widget\" data-e-type=\"widget\" data-settings=\"{&quot;_animation&quot;:&quot;nussSlideInRight&quot;}\" data-widget_type=\"image.default\">\n\t\t\t\t\t\t\t\t\t\t\t\t\t\t\t<img decoding=\"async\" width=\"1222\" height=\"853\" src=\"https:\/\/chimelonghengqinbay.com\/wp-content\/uploads\/2025\/09\/ChimelongHengqinBayHotel-127.webp\" class=\"attachment-full size-full wp-image-6499\" alt=\"\" srcset=\"https:\/\/chimelonghengqinbay.com\/wp-content\/uploads\/2025\/09\/ChimelongHengqinBayHotel-127.webp 1222w, https:\/\/chimelonghengqinbay.com\/wp-content\/uploads\/2025\/09\/ChimelongHengqinBayHotel-127-300x209.webp 300w, https:\/\/chimelonghengqinbay.com\/wp-content\/uploads\/2025\/09\/ChimelongHengqinBayHotel-127-1024x715.webp 1024w, https:\/\/chimelonghengqinbay.com\/wp-content\/uploads\/2025\/09\/ChimelongHengqinBayHotel-127-768x536.webp 768w, https:\/\/chimelonghengqinbay.com\/wp-content\/uploads\/2025\/09\/ChimelongHengqinBayHotel-127-18x12.webp 18w\" sizes=\"(max-width: 1222px) 100vw, 1222px\" \/>\t\t\t\t\t\t\t\t\t\t\t\t\t\t\t<\/div>\n\t\t\t\t\t<\/div>\n\t\t<\/div>\n\t\t\t\t<div class=\"elementor-column elementor-col-50 elementor-top-column elementor-element elementor-element-2dac103\" data-id=\"2dac103\" data-element_type=\"column\" data-e-type=\"column\">\n\t\t\t<div class=\"elementor-widget-wrap elementor-element-populated\">\n\t\t\t\t\t\t<div class=\"elementor-element elementor-element-6f1b8966 elementor-invisible elementor-widget elementor-widget-text-editor\" data-id=\"6f1b8966\" data-element_type=\"widget\" data-e-type=\"widget\" data-settings=\"{&quot;_animation&quot;:&quot;nussFadeInUp&quot;}\" data-widget_type=\"text-editor.default\">\n\t\t\t\t\t\t\t\t\t<p data-spm-anchor-id=\"a2ty_o01.29997173.0.i44.78f0c921rvdF0I\">Das Chimelong Hengqin Bay Hotel wurde f\u00fcr anspruchsvolle Reisende, Familien und Gesch\u00e4ftsreisende gleicherma\u00dfen konzipiert und bietet <strong>ger\u00e4umige, durchdacht eingerichtete Zimmer und Suiten<\/strong> Die Zimmer bieten Panoramablick auf die Bucht oder \u00fcppige G\u00e4rten, hochwertige Ausstattung und Smart-Home-Technologie. G\u00e4ste genie\u00dfen direkten Zugang zu <strong>Die aufregenden Themenparks von Chimelong<\/strong>, einschlie\u00dflich des Chimelong Ocean Kingdom und des Chimelong Theatre, und profitiert zudem von der N\u00e4he des Hotels zu <strong>Zhuhais pulsierendes Stadtleben<\/strong> Und <strong>Macaus kosmopolitischer Charme<\/strong>.<\/p><p>Das Hotel <strong>preisgekr\u00f6nte Restaurants<\/strong> pr\u00e4sentieren eine kuratierte Fusion von <strong>authentische kantonesische K\u00fcche<\/strong>, <strong>von Macau inspirierte K\u00f6stlichkeiten<\/strong>, Internationale K\u00fcche und kulinarische Gen\u00fcsse \u2013 alles serviert in stilvollem Ambiente mit Blick auf die Bucht. Ob Sie Dim Sum bei Sonnenaufgang genie\u00dfen oder Cocktails bei Sonnenuntergang schl\u00fcrfen, jede Mahlzeit ist ein Fest der regionalen Gastronomie.<\/p><p>Neben Komfort und Kulinarik bietet das Hotel noch vieles mehr <strong>au\u00dfergew\u00f6hnlicher Service<\/strong>: ein Komplettservice <strong>Luxus-Spa<\/strong>, <strong>Innen- und Au\u00dfenpools<\/strong>, <strong>Kinderclubs<\/strong>, <strong>24-Stunden-Concierge-Service<\/strong>, <strong>mehrsprachiges Personal<\/strong>, Und <strong>ma\u00dfgeschneiderte Unterst\u00fctzung bei grenz\u00fcberschreitenden Reisen<\/strong>\u2014was es zum idealen Ausgangspunkt f\u00fcr die Erkundung beider Seiten macht <strong>Festlandchina und Macau<\/strong>.<\/p><p>Perfekt f\u00fcr <strong>Familienurlaube<\/strong>, <strong>romantische Kurzurlaube<\/strong>, <strong>MICE-Veranstaltungen<\/strong>, oder <strong>Freizeitreisen<\/strong>, Das Chimelong Hengqin Bay Hotel kombiniert <strong>Komfort, Kultur und K\u00fcstenruhe<\/strong> in einer der dynamischsten integrierten Tourismuszonen Chinas. Entdecken Sie, warum sie als die <strong>Flaggschiff des Chimelong-Gastgewerbeerlebnisses<\/strong>\u2014wo jeder Aufenthalt unvergesslich ist.<\/p><p data-spm-anchor-id=\"a2ty_o01.29997173.0.i45.78f0c921rvdF0I\"><strong>Buchen Sie Ihren Aufenthalt im Chimelong Hengqin Bay Hotel im Bezirk Xiangzhou in Zhuhai (Postleitzahl: 519031 \/ 519000) und tauchen Sie ein in Luxus am Tor zur Greater Bay Area.<\/strong><\/p>\t\t\t\t\t\t\t\t<\/div>\n\t\t\t\t\t<\/div>\n\t\t<\/div>\n\t\t\t\t\t<\/div>\n\t\t<\/section>\n\t\t\t\t<section class=\"elementor-section elementor-top-section elementor-element elementor-element-2092b7d0 elementor-section-stretched elementor-section-boxed elementor-section-gap-beside-yes elementor-section-height-default elementor-section-height-default elementor-section-column-vertical-align-stretch\" data-id=\"2092b7d0\" data-element_type=\"section\" data-e-type=\"section\" data-settings=\"{&quot;background_background&quot;:&quot;classic&quot;,&quot;stretch_section&quot;:&quot;section-stretched&quot;}\">\n\t\t\t\t\t\t<div class=\"elementor-container elementor-column-gap-extended\">\n\t\t\t\t\t<div class=\"elementor-column elementor-col-100 elementor-top-column elementor-element elementor-element-be69d75\" data-id=\"be69d75\" data-element_type=\"column\" data-e-type=\"column\">\n\t\t\t<div class=\"elementor-widget-wrap elementor-element-populated\">\n\t\t\t\t\t\t<div class=\"elementor-element elementor-element-320c022 elementor-widget elementor-widget-nuss-heading\" data-id=\"320c022\" data-element_type=\"widget\" data-e-type=\"widget\" data-widget_type=\"nuss-heading.default\">\n\t\t\t\t<div class=\"elementor-widget-container\">\n\t\t\t\t\t\t\t<div class=\"nuss-modern-heading\">\r\n\t\t\t\t\t\t<div class=\"heading-secondary-wrap\">\r\n\t\t\t\t<h3 class=\"heading-secondary elementor-heading-title\">Verf\u00fcgbarkeit pr\u00fcfen <\/h3>\t\t\t<\/div>\r\n\t\t\r\n\t\t\t\r\n\t\t\t\r\n\t\t\t\t\t<\/div>\r\n\t\t\t\t\t<\/div>\n\t\t\t\t<\/div>\n\t\t\t\t<div class=\"elementor-element elementor-element-fe69a93 elementor-widget elementor-widget-text-editor\" data-id=\"fe69a93\" data-element_type=\"widget\" data-e-type=\"widget\" data-widget_type=\"text-editor.default\">\n\t\t\t\t\t\t\t\t\t<iframe border=\"0\" src=\"https:\/\/www.trip.com\/partners\/ad\/S5637697?Allianceid=4590391&#038;SID=263365124&#038;trip_sub1=\" style=\"width:1200px;height:150px\" frameborder=\"0\" scrolling=\"no\" id=\"S5637697\"><\/iframe>\t\t\t\t\t\t\t\t<\/div>\n\t\t\t\t\t<\/div>\n\t\t<\/div>\n\t\t\t\t\t<\/div>\n\t\t<\/section>\n\t\t\t\t<\/div>","protected":false},"excerpt":{"rendered":"<p>Welcome to Chimelong Hengqin Bay Hotel (Chimelong Flagship Store) A premier luxury destination nestled along the scenic Fuxiang Bay in the heart of the Guangdong-Macao In-depth Cooperation Zone, Hengqin, Zhuhai, Guangdong Province, China. Strategically positioned just minutes from the Macao border and adjacent to the world-famous Chimelong International Ocean Resort, this flagship property redefines upscale [&hellip;]<\/p>\n","protected":false},"author":1,"featured_media":0,"parent":0,"menu_order":0,"comment_status":"closed","ping_status":"closed","template":"","meta":{"footnotes":""},"class_list":["post-5266","page","type-page","status-publish","hentry","post-no-thumbnail"],"_links":{"self":[{"href":"https:\/\/chimelonghengqinbay.com\/de\/wp-json\/wp\/v2\/pages\/5266","targetHints":{"allow":["GET"]}}],"collection":[{"href":"https:\/\/chimelonghengqinbay.com\/de\/wp-json\/wp\/v2\/pages"}],"about":[{"href":"https:\/\/chimelonghengqinbay.com\/de\/wp-json\/wp\/v2\/types\/page"}],"author":[{"embeddable":true,"href":"https:\/\/chimelonghengqinbay.com\/de\/wp-json\/wp\/v2\/users\/1"}],"replies":[{"embeddable":true,"href":"https:\/\/chimelonghengqinbay.com\/de\/wp-json\/wp\/v2\/comments?post=5266"}],"version-history":[{"count":0,"href":"https:\/\/chimelonghengqinbay.com\/de\/wp-json\/wp\/v2\/pages\/5266\/revisions"}],"wp:attachment":[{"href":"https:\/\/chimelonghengqinbay.com\/de\/wp-json\/wp\/v2\/media?parent=5266"}],"curies":[{"name":"wp","href":"https:\/\/api.w.org\/{rel}","templated":true}]}}