{"id":2106,"date":"2021-03-25T04:08:26","date_gmt":"2021-03-25T04:08:26","guid":{"rendered":"http:\/\/localhost\/nuss\/?page_id=298"},"modified":"2025-09-29T14:54:46","modified_gmt":"2025-09-29T14:54:46","slug":"erfahrungen","status":"publish","type":"page","link":"https:\/\/chimelonghengqinbay.com\/de\/experiences\/","title":{"rendered":"Kundenerfahrungen und Bewertungen"},"content":{"rendered":"<div data-elementor-type=\"wp-page\" data-elementor-id=\"2106\" class=\"elementor elementor-2106\">\n\t\t\t\t\t\t<section class=\"elementor-section elementor-top-section elementor-element elementor-element-1954ffc elementor-section-boxed elementor-section-gap-beside-yes elementor-section-height-default elementor-section-height-default elementor-section-column-vertical-align-stretch\" data-id=\"1954ffc\" data-element_type=\"section\" data-e-type=\"section\">\n\t\t\t\t\t\t<div class=\"elementor-container elementor-column-gap-extended\">\n\t\t\t\t\t<div class=\"elementor-column elementor-col-100 elementor-top-column elementor-element elementor-element-86aebc5\" data-id=\"86aebc5\" data-element_type=\"column\" data-e-type=\"column\">\n\t\t\t<div class=\"elementor-widget-wrap elementor-element-populated\">\n\t\t\t\t\t\t<div class=\"elementor-element elementor-element-11803d1 elementor-widget__width-initial elementor-invisible elementor-widget elementor-widget-text-editor\" data-id=\"11803d1\" data-element_type=\"widget\" data-e-type=\"widget\" data-settings=\"{&quot;_animation&quot;:&quot;nussFadeInUp&quot;}\" data-widget_type=\"text-editor.default\">\n\t\t\t\t\t\t\t\t\t<p><strong data-spm-anchor-id=\"a2ty_o01.29997173.0.i52.78f0c921rvdF0I\">Unvergessliche Aufenthalte im Chimelong Hengqin Bay Hotel: Echte G\u00e4steerfahrungen und ehrliche Bewertungen von Trip.com<\/strong><\/p>\t\t\t\t\t\t\t\t<\/div>\n\t\t\t\t\t<\/div>\n\t\t<\/div>\n\t\t\t\t\t<\/div>\n\t\t<\/section>\n\t\t<div class=\"elementor-element elementor-element-95e7268 e-flex e-con-boxed e-con e-parent\" data-id=\"95e7268\" data-element_type=\"container\" data-e-type=\"container\">\n\t\t\t\t\t<div class=\"e-con-inner\">\n\t\t\t\t<div class=\"elementor-element elementor-element-bd47571 elementor-widget elementor-widget-image\" data-id=\"bd47571\" data-element_type=\"widget\" data-e-type=\"widget\" data-widget_type=\"image.default\">\n\t\t\t\t\t\t\t\t\t\t\t\t\t\t\t\t<a href=\"https:\/\/www.trip.com\/t\/RjCOlRaveR2\" target=\"_blank\" rel=\"noopener\">\n\t\t\t\t\t\t\t<img fetchpriority=\"high\" decoding=\"async\" width=\"1024\" height=\"249\" src=\"https:\/\/chimelonghengqinbay.com\/wp-content\/uploads\/2025\/09\/customer-reviews-1024x249.jpg\" class=\"attachment-large size-large wp-image-6675\" alt=\"\" srcset=\"https:\/\/chimelonghengqinbay.com\/wp-content\/uploads\/2025\/09\/customer-reviews-1024x249.jpg 1024w, https:\/\/chimelonghengqinbay.com\/wp-content\/uploads\/2025\/09\/customer-reviews-300x73.jpg 300w, https:\/\/chimelonghengqinbay.com\/wp-content\/uploads\/2025\/09\/customer-reviews-768x187.jpg 768w, https:\/\/chimelonghengqinbay.com\/wp-content\/uploads\/2025\/09\/customer-reviews-18x4.jpg 18w, https:\/\/chimelonghengqinbay.com\/wp-content\/uploads\/2025\/09\/customer-reviews.jpg 1395w\" sizes=\"(max-width: 1024px) 100vw, 1024px\" \/>\t\t\t\t\t\t\t\t<\/a>\n\t\t\t\t\t\t\t\t\t\t\t\t\t\t\t<\/div>\n\t\t\t\t\t<\/div>\n\t\t\t\t<\/div>\n\t\t<div class=\"elementor-element elementor-element-3e39171 e-flex e-con-boxed e-con e-parent\" data-id=\"3e39171\" data-element_type=\"container\" data-e-type=\"container\">\n\t\t\t\t\t<div class=\"e-con-inner\">\n\t\t\t\t<div class=\"elementor-element elementor-element-7761d0c elementor-widget elementor-widget-text-editor\" data-id=\"7761d0c\" data-element_type=\"widget\" data-e-type=\"widget\" data-widget_type=\"text-editor.default\">\n\t\t\t\t\t\t\t\t\t<p data-spm-anchor-id=\"a2ty_o01.29997173.0.i54.78f0c921rvdF0I\">Eingebettet an den ruhigen Ufern von <strong>Fuxiang-Bucht<\/strong> in der dynamischen <strong>Guangdong-Macao Intensive Kooperationszone<\/strong>, Die <strong>Chimelong Hengqin Bay Hotel (Chimelong Flagship Store)<\/strong> hat sich schnell zu einer Top-Wahl f\u00fcr Reisende entwickelt, die Luxus, Komfort und familienfreundliche Bequemlichkeit suchen. <strong>Zhuhai, Guangdong<\/strong>. Aber verlassen Sie sich nicht nur auf unsere Aussage \u2013 Hunderte verifizierter G\u00e4ste auf <strong>Trip.com<\/strong> haben begeisterte Rezensionen ver\u00f6ffentlicht, die zeigen, warum dieses Vorzeigeobjekt in einem der aufregendsten Tourismuszentren Chinas so heraussticht.<\/p><h3>Durchweg hohe Bewertungen: Ein Beweis f\u00fcr Exzellenz<\/h3><p>Mit einer beeindruckenden <strong>Durchschnittsbewertung von 4,7\/5<\/strong> Auf Trip.com (basierend auf \u00fcber 2.000 Bewertungen, Stand 2024) erh\u00e4lt das Chimelong Hengqin Bay Hotel durchweg Lob f\u00fcr seine <strong>Tadelloser Service, atemberaubende Lage und nahtlose Integration in das Chimelong Resort-Erlebnis<\/strong>. Familien, Paare und Alleinreisende gleicherma\u00dfen heben die F\u00e4higkeit des Hotels hervor, verschiedene Zielgruppen zu vereinen. <strong>Moderne Eleganz gepaart mit herzlicher, pers\u00f6nlicher Gastfreundschaft<\/strong>.<\/p><h3>\u201cPerfekt f\u00fcr Familien, die das Chimelong Ocean Kingdom besuchen\u201d<\/h3><p data-spm-anchor-id=\"a2ty_o01.29997173.0.i53.78f0c921rvdF0I\">Ein wiederkehrendes Thema unter den Rezensenten ist das Hotel <strong>ideale Lage zum Chimelong International Ocean Resort<\/strong>\u2013 nur wenige Gehminuten oder eine kostenlose Shuttlefahrt entfernt. Eine Familie aus Shanghai schrieb:<\/p><blockquote><p><em>\u201cUnser Aufenthalt im Flaggschiffhotel Chimelong hat unsere Reise v\u00f6llig stressfrei gemacht. Wir waren in 5 Minuten zu Fu\u00df im Ocean Kingdom, und die Kinder waren begeistert von den Themenzimmern und dem Indoor-Spielbereich. Das Personal hat uns sogar geholfen, die Warteschlangen an den Kassen zu umgehen!\u201d<\/em><\/p><\/blockquote><p>Viele G\u00e4ste bemerken, dass die Buchung eines <strong>Chimelong Hengqin Bay Hotel-Paket<\/strong> (was oft Parktickets und Expressp\u00e4sse beinhaltet) bietet ein au\u00dfergew\u00f6hnliches Preis-Leistungs-Verh\u00e4ltnis \u2013 insbesondere w\u00e4hrend der Ferien und Schulferien.<\/p><h3>Atemberaubende Aussicht und durchdachtes Raumdesign<\/h3><p>Reisende schw\u00e4rmen durchweg von der <strong>ger\u00e4umige, gut ausgestattete Zimmer<\/strong> mit <strong>bodentiefe Fenster<\/strong> mit Panoramablick auf <strong>Fuxiang-Bucht oder die \u00fcppigen G\u00e4rten des Resorts<\/strong>. Die G\u00e4ste sch\u00e4tzen die <strong>zeitgen\u00f6ssische chinesische Designelemente<\/strong>, hochwertige Bettw\u00e4sche und familienfreundliche Details wie <strong>Schlafsofas, Kinderbadem\u00e4ntel und Schalld\u00e4mmung<\/strong> die f\u00fcr eine erholsame Ruhepause nach einem erlebnisreichen Tag sorgen.<\/p><p>Ein Paar aus Guangzhou teilte Folgendes mit:<\/p><blockquote><p><em>\u201cWir haben ein Upgrade auf eine Suite mit Blick auf die Bucht gebucht und waren vom Sonnenuntergang \u00fcber dem Wasser \u00fcberw\u00e4ltigt. Das Zimmer war makellos sauber, ruhig und f\u00fchlte sich wie ein privater R\u00fcckzugsort an \u2013 trotz der nahegelegenen Themenparks.\u201d<\/em><\/p><\/blockquote><h3>Au\u00dfergew\u00f6hnliche Gastronomie &amp; grenz\u00fcberschreitendes kulinarisches Flair<\/h3><p>Die Restaurants vor Ort erhalten Bestnoten f\u00fcr <strong>frische Zutaten, abwechslungsreiche Men\u00fcs und malerische Speisem\u00f6glichkeiten<\/strong>. Die Rezensenten loben insbesondere die <strong>Kantonesisches Dim-Sum-Fr\u00fchst\u00fccksbuffet<\/strong> und die <strong>Fusionsgerichte, inspiriert von Macau<\/strong> die die einzigartige Lage des Hotels in der Kooperationszone Guangdong-Macau widerspiegeln. Mehrere G\u00e4ste erw\u00e4hnten die <strong>24-Stunden-Zimmerservice<\/strong> und die M\u00f6glichkeit, sp\u00e4t abends noch etwas zu essen, ist f\u00fcr Familien mit kleinen Kindern ein wahrer Lebensretter.<\/p><h3>Service, der sich durch au\u00dfergew\u00f6hnliche Leistungen auszeichnet<\/h3><p>Von mehrsprachigem Empfangspersonal bis hin zu aufmerksamen Reinigungs- und Concierge-Teams, <strong>Die Servicequalit\u00e4t ist ein herausragendes Merkmal.<\/strong> in nahezu jeder Bewertung auf Trip.com. G\u00e4ste erw\u00e4hnen immer wieder <strong>prompte Beantwortung von Anfragen<\/strong>, <strong>hilfreiche lokale Empfehlungen<\/strong>, Und <strong>Besondere Details wie Geburtstagsdekorationen oder Willkommensfr\u00fcchte<\/strong>.<\/p><p>Ein internationaler Reisender bemerkte:<\/p><blockquote><p><em>\u201cObwohl wir nur wenig Mandarin sprachen, nutzten die Mitarbeiter \u00dcbersetzungs-Apps und Gesten, um sicherzustellen, dass wir alles hatten, was wir brauchten. Sie organisierten unsere F\u00e4hrtickets nach Macau und druckten sogar unsere R\u00fcckfahrkarten aus \u2013 das war wirklich au\u00dfergew\u00f6hnlich!\u201d<\/em><\/p><\/blockquote><h3>Ideal f\u00fcr Grenzg\u00e4nger<\/h3><p>Dank seiner strategischen Lage in <strong>Hengqin<\/strong>, nur wenige Minuten von der <strong>Grenz\u00fcbergang Lotusbr\u00fccke nach Macau<\/strong>, Das Hotel ist auch ein Favorit unter <strong>Grenzg\u00e4nger und Gesch\u00e4ftsreisende<\/strong>. Die Rezensenten sch\u00e4tzen die <strong>Einfacher Zugang sowohl zu den st\u00e4dtischen Annehmlichkeiten von Zhuhai als auch zu den Casinos, historischen St\u00e4tten und der kulinarischen Szene von Macau.<\/strong>\u2014und das alles in einem friedlichen K\u00fcstenrefugium.<\/p><h3>Kleinere Anmerkungen von G\u00e4sten<\/h3><p>Obwohl die R\u00fcckmeldungen \u00fcberwiegend positiv sind, erw\u00e4hnen einige G\u00e4ste Folgendes: <strong>An Wochenenden und Feiertagen kann es sehr voll sein.<\/strong>, Daher empfiehlt sich eine fr\u00fchzeitige Buchung. Andere schlagen vor, eine Anfrage zu stellen. <strong>Zimmer im h\u00f6heren Stockwerk<\/strong> f\u00fcr den besten Blick auf die Bucht und eine ruhigere Atmosph\u00e4re.<\/p><h3>Endg\u00fcltiges Urteil: Ein 5-Sterne-Erlebnis im Herzen der San Francisco Bay Area<\/h3><p>Basierend auf echtem G\u00e4stefeedback von Trip.com, <strong>Chimelong Hengqin Bay Hotel (Chimelong Flagship Store)<\/strong> h\u00e4lt sein Versprechen <strong>Luxus, Komfort und unvergessliche Familienerinnerungen<\/strong>. Ob Sie besuchen <strong>Chimelong Ozeank\u00f6nigreich<\/strong>, erkunden <strong>Macau<\/strong>, oder einfach nur einen gehobenen K\u00fcstenurlaub suchen in <strong>Zhuhai<\/strong>, Dieses Vorzeigehotel \u00fcbertrifft stets die Erwartungen.<\/p><p data-spm-anchor-id=\"a2ty_o01.29997173.0.i56.78f0c921rvdF0I\"><strong>Planen Sie noch heute Ihren Aufenthalt \u2013 und schlie\u00dfen Sie sich Tausenden von begeisterten Reisenden an, die bereits entdeckt haben, warum das Chimelong Hengqin Bay Hotel mehr ist als nur ein Ort zum Schlafen\u2026 es ist der Ort, an dem Ihr Abenteuer in der Greater Bay Area erst richtig beginnt.<\/strong><\/p><p data-spm-anchor-id=\"a2ty_o01.29997173.0.i57.78f0c921rvdF0I\"><em>Verifizierte G\u00e4stebewertungen von Trip.com: <a href=\"https:\/\/www.trip.com\/t\/RjCOlRaveR2\" target=\"_blank\" rel=\"nofollow noopener\">Chimelong Hengqin Bay Hotel <\/a><\/em><br \/><em data-spm-anchor-id=\"a2ty_o01.29997173.0.i55.78f0c921rvdF0I\">Standort: Fuxiang Bay, Guangdong-Macao In-Depth Cooperation Zone, Hengqin, Zhuhai City, Guangdong 519031, VR China<\/em><\/p>\t\t\t\t\t\t\t\t<\/div>\n\t\t\t\t\t<\/div>\n\t\t\t\t<\/div>\n\t\t\t\t<section class=\"elementor-section elementor-top-section elementor-element elementor-element-7d746845 elementor-section-stretched elementor-section-boxed elementor-section-gap-beside-yes elementor-section-height-default elementor-section-height-default elementor-section-column-vertical-align-stretch\" data-id=\"7d746845\" data-element_type=\"section\" data-e-type=\"section\" data-settings=\"{&quot;background_background&quot;:&quot;classic&quot;,&quot;stretch_section&quot;:&quot;section-stretched&quot;}\">\n\t\t\t\t\t\t<div class=\"elementor-container elementor-column-gap-extended\">\n\t\t\t\t\t<div class=\"elementor-column elementor-col-100 elementor-top-column elementor-element elementor-element-238bb245\" data-id=\"238bb245\" data-element_type=\"column\" data-e-type=\"column\">\n\t\t\t<div class=\"elementor-widget-wrap elementor-element-populated\">\n\t\t\t\t\t\t<div class=\"elementor-element elementor-element-5cdc3eb5 elementor-widget elementor-widget-nuss-heading\" data-id=\"5cdc3eb5\" data-element_type=\"widget\" data-e-type=\"widget\" data-widget_type=\"nuss-heading.default\">\n\t\t\t\t<div class=\"elementor-widget-container\">\n\t\t\t\t\t\t\t<div class=\"nuss-modern-heading\">\r\n\t\t\t\t\t\t<div class=\"heading-secondary-wrap\">\r\n\t\t\t\t<h3 class=\"heading-secondary elementor-heading-title\">Verf\u00fcgbarkeit pr\u00fcfen <\/h3>\t\t\t<\/div>\r\n\t\t\r\n\t\t\t\r\n\t\t\t\r\n\t\t\t\t\t<\/div>\r\n\t\t\t\t\t<\/div>\n\t\t\t\t<\/div>\n\t\t\t\t<div class=\"elementor-element elementor-element-5be4cdce elementor-widget elementor-widget-text-editor\" data-id=\"5be4cdce\" data-element_type=\"widget\" data-e-type=\"widget\" data-widget_type=\"text-editor.default\">\n\t\t\t\t\t\t\t\t\t<iframe border=\"0\" src=\"https:\/\/www.trip.com\/partners\/ad\/S5637697?Allianceid=4590391&#038;SID=263365124&#038;trip_sub1=\" style=\"width:1200px;height:200px\" frameborder=\"0\" scrolling=\"no\" id=\"S5637697\"><\/iframe>\t\t\t\t\t\t\t\t<\/div>\n\t\t\t\t\t<\/div>\n\t\t<\/div>\n\t\t\t\t\t<\/div>\n\t\t<\/section>\n\t\t\t\t<\/div>","protected":false},"excerpt":{"rendered":"<p>Unforgettable Stays at Chimelong Hengqin Bay Hotel: Real Guest Experiences &amp; Honest Reviews from Trip.com Nestled along the serene shores of Fuxiang Bay in the dynamic Guangdong-Macao In-depth Cooperation Zone, the Chimelong Hengqin Bay Hotel (Chimelong Flagship Store) has quickly become a top choice for travelers seeking luxury, convenience, and family-friendly comfort in Zhuhai, Guangdong. [&hellip;]<\/p>\n","protected":false},"author":1,"featured_media":0,"parent":0,"menu_order":0,"comment_status":"closed","ping_status":"closed","template":"","meta":{"footnotes":""},"class_list":["post-2106","page","type-page","status-publish","hentry","post-no-thumbnail"],"_links":{"self":[{"href":"https:\/\/chimelonghengqinbay.com\/de\/wp-json\/wp\/v2\/pages\/2106","targetHints":{"allow":["GET"]}}],"collection":[{"href":"https:\/\/chimelonghengqinbay.com\/de\/wp-json\/wp\/v2\/pages"}],"about":[{"href":"https:\/\/chimelonghengqinbay.com\/de\/wp-json\/wp\/v2\/types\/page"}],"author":[{"embeddable":true,"href":"https:\/\/chimelonghengqinbay.com\/de\/wp-json\/wp\/v2\/users\/1"}],"replies":[{"embeddable":true,"href":"https:\/\/chimelonghengqinbay.com\/de\/wp-json\/wp\/v2\/comments?post=2106"}],"version-history":[{"count":0,"href":"https:\/\/chimelonghengqinbay.com\/de\/wp-json\/wp\/v2\/pages\/2106\/revisions"}],"wp:attachment":[{"href":"https:\/\/chimelonghengqinbay.com\/de\/wp-json\/wp\/v2\/media?parent=2106"}],"curies":[{"name":"wp","href":"https:\/\/api.w.org\/{rel}","templated":true}]}}