{"id":2104,"date":"2021-03-23T09:33:48","date_gmt":"2021-03-23T09:33:48","guid":{"rendered":"http:\/\/localhost\/nuss\/?page_id=167"},"modified":"2025-09-29T15:08:54","modified_gmt":"2025-09-29T15:08:54","slug":"unsere-geschichte","status":"publish","type":"page","link":"https:\/\/chimelonghengqinbay.com\/de\/our-story\/","title":{"rendered":"Unsere Geschichte"},"content":{"rendered":"<div data-elementor-type=\"wp-page\" data-elementor-id=\"2104\" class=\"elementor elementor-2104\">\n\t\t\t\t\t\t<section class=\"elementor-section elementor-top-section elementor-element elementor-element-8f5bb9d elementor-section-boxed elementor-section-gap-beside-yes elementor-section-height-default elementor-section-height-default elementor-section-column-vertical-align-stretch\" data-id=\"8f5bb9d\" data-element_type=\"section\" data-e-type=\"section\">\n\t\t\t\t\t\t<div class=\"elementor-container elementor-column-gap-extended\">\n\t\t\t\t\t<div class=\"elementor-column elementor-col-100 elementor-top-column elementor-element elementor-element-7ec4215\" data-id=\"7ec4215\" data-element_type=\"column\" data-e-type=\"column\">\n\t\t\t<div class=\"elementor-widget-wrap elementor-element-populated\">\n\t\t\t\t\t\t<div class=\"elementor-element elementor-element-edd9d03 elementor-widget__width-initial elementor-invisible elementor-widget elementor-widget-text-editor\" data-id=\"edd9d03\" data-element_type=\"widget\" data-e-type=\"widget\" data-settings=\"{&quot;_animation&quot;:&quot;nussFadeInUp&quot;}\" data-widget_type=\"text-editor.default\">\n\t\t\t\t\t\t\t\t\t<p><strong data-spm-anchor-id=\"a2ty_o01.29997173.0.i73.78f0c921rvdF0I\">Wo Vision auf die Bucht trifft \u2013 Die Entstehung des Chimelong Hengqin Bay Hotels (Chimelong Flagship Store)<\/strong><\/p>\t\t\t\t\t\t\t\t<\/div>\n\t\t\t\t\t<\/div>\n\t\t<\/div>\n\t\t\t\t\t<\/div>\n\t\t<\/section>\n\t\t<div class=\"elementor-element elementor-element-ae7e42f e-flex e-con-boxed e-con e-parent\" data-id=\"ae7e42f\" data-element_type=\"container\" data-e-type=\"container\">\n\t\t\t\t\t<div class=\"e-con-inner\">\n\t\t\t\t<div class=\"elementor-element elementor-element-136c3a3 elementor-widget elementor-widget-text-editor\" data-id=\"136c3a3\" data-element_type=\"widget\" data-e-type=\"widget\" data-widget_type=\"text-editor.default\">\n\t\t\t\t\t\t\t\t\t<p data-spm-anchor-id=\"a2ty_o01.29997173.0.i75.78f0c921rvdF0I\">Eingebettet in die ruhigen Ufer von <strong>Fuxiang-Bucht<\/strong> in der Pionierarbeit <strong>Guangdong-Macao Intensive Kooperationszone<\/strong>, Die <strong>Chimelong Hengqin Bay Hotel (Chimelong Flagship Store)<\/strong> ist weit mehr als eine Luxusunterkunft \u2013 es ist die Verk\u00f6rperung einer k\u00fchnen Vision: die Schaffung eines erstklassigen Wahrzeichens der Gastfreundschaft, das Kulturen, Generationen und Tr\u00e4ume im Herzen der Greater Bay Area in China miteinander verbindet.<\/p><p>Unsere Geschichte beginnt mit <strong>Chimelong-Gruppe<\/strong>, Chimelong ist ein chinesisches Unternehmen, das 1989 mit einer einfachen, aber revolution\u00e4ren Idee gegr\u00fcndet wurde: immersive, freudvolle Erlebnisse zu schaffen, die Familien durch Unterhaltung, Natur und Innovation zusammenbringen. Aus seinen bescheidenen Anf\u00e4ngen als Wildtierrefugium in Guangzhou entwickelte sich Chimelong zu Asiens f\u00fchrender integrierter Tourismus- und Freizeitmarke \u2013 bekannt f\u00fcr bahnbrechende Attraktionen wie \u2026 <strong>Chimelong Safari Park<\/strong>, <strong>Chimelong Internationaler Zirkus<\/strong>, und der rekordverd\u00e4chtige <strong>Chimelong Ozeank\u00f6nigreich<\/strong> in Hengqin.<\/p><p>Mit den wachsenden Ambitionen von Chimelong wuchs auch die Vision f\u00fcr Hengqin \u2013 eine einst ruhige Insel, die durch eine nationale Strategie in ein dynamisches, grenz\u00fcberschreitendes Innovationszentrum verwandelt wurde. Die Chimelong Group erkannte Hengqins einzigartige geopolitische Bedeutung als Testfeld f\u00fcr die Zusammenarbeit zwischen Guangdong und Macau und machte sich daran, nicht einfach nur ein weiteres Hotel zu errichten, sondern ein <strong>Vorzeigeschutzgebiet<\/strong> Das w\u00fcrde den Geist dieser neuen \u00c4ra widerspiegeln: offen, zukunftsorientiert und tief in der chinesischen Tradition verwurzelt.<\/p><p>Daher, <strong>Chimelong Hengqin Bay Hotel<\/strong> wurde konzipiert \u2013 nicht blo\u00df als Ort der Ruhe, sondern als Erweiterung des Chimelong-Erlebnisses selbst. Er\u00f6ffnet als <strong>Kronjuwel des Chimelong-Gastgewerbeportfolios<\/strong>, Das Hotel wurde mit viel Liebe zum Detail so gestaltet, dass es sich harmonisch in die K\u00fcstenlandschaft einf\u00fcgt und gleichzeitig einen unvergleichlichen Zugang zu den Wundern der Region bietet. <strong>Chimelong International Ocean Resort<\/strong>. Jede architektonische Kurve, jedes Detail im Interieur und jeder Servicekontaktpunkt wurde mit Bedacht gestaltet: um die G\u00e4ste auf eine nahtlose Reise einzuladen, wo <strong>Abenteuer trifft auf Gelassenheit<\/strong>, Und <strong>Moderne im Dialog mit Tradition<\/strong>.<\/p><p>Der Standort des Hotels wurde mit Bedacht gew\u00e4hlt. Hoch oben auf <strong>Fuxiang-Bucht<\/strong>, Es \u00fcberblickt das glitzernde Wasser, das den flie\u00dfenden Austausch zwischen Festlandchina und Macau symbolisiert \u2013 eine treffende Metapher f\u00fcr Chimelongs Mission, grenz\u00fcberschreitenden Tourismus, kulturelles Verst\u00e4ndnis und nachhaltige Entwicklung zu f\u00f6rdern. Erbaut innerhalb des <strong>Guangdong-Macao Intensive Kooperationszone<\/strong>, Das Anwesen steht im Einklang mit nationalen Strategien zur F\u00f6rderung integrierter wirtschaftlicher und sozialer Innovationen und ist somit nicht nur ein Touristenziel, sondern auch ein Akteur in Chinas umfassenderem Entwicklungsnarrativ.<\/p><p>Nachhaltigkeit und das Wohlbefinden unserer G\u00e4ste standen von Anfang an im Mittelpunkt unserer Philosophie. Das Design integriert <strong>umweltbewusste Materialien<\/strong>, <strong>energieeffiziente Systeme<\/strong>, Und <strong>biophile Elemente<\/strong>\u2013 von begr\u00fcnten W\u00e4nden im Innenbereich bis hin zu raumhohen Fenstern, die nat\u00fcrliches Licht und Ausblicke auf die Bucht freigeben \u2013 wird sichergestellt, dass Luxus niemals auf Kosten der Umwelt geht. Gleichzeitig verschmelzen die Innenr\u00e4ume zu einem harmonischen Ganzen. <strong>Lingnan-Kulturmotive<\/strong>\u2014subtile Schnitzereien, seidene Texturen und Tuschefarben werden in zeitgen\u00f6ssische R\u00e4ume integriert, wodurch Guangdongs reiches k\u00fcnstlerisches Erbe gew\u00fcrdigt und gleichzeitig ein globales Empfinden angesprochen wird.<\/p><p>Was unsere Geschichte aber wirklich ausmacht, ist <strong>Menschen<\/strong>. Von den Architekten, die die Skyline-Silhouette gestalteten, bis hin zu den Zimmerm\u00e4dchen, die Origami-Schw\u00e4ne auf die G\u00e4stekissen falten, ist jedes Teammitglied im Chimelong Hengqin Bay Hotel ein H\u00fcter des Chimelong-Versprechens: <em>um Momente zu schaffen, die ein Leben lang halten<\/em>. Ob wir eine Familie bei ihrem ersten Freizeitparkbesuch willkommen hei\u00dfen, eine Wirtschaftsdelegation aus Macau zu hochrangigen Gespr\u00e4chen beherbergen oder einem Alleinreisenden einen ruhigen Balkon bieten, um den Sonnenuntergang \u00fcber dem S\u00fcdchinesischen Meer zu genie\u00dfen \u2013 wir glauben, dass Gastfreundschaft ein Akt der F\u00fcrsorge ist.<\/p><p>Heute, da <strong>Chimelong Flagship Store<\/strong>, Dieses Hotel ist ein leuchtendes Beispiel daf\u00fcr, was m\u00f6glich wird, wenn Fantasie auf M\u00f6glichkeiten trifft. Hier hallt Kinderlachen aus dem Ocean Kingdom in die luxuri\u00f6sen Suiten, hier besiegeln F\u00fchrungskr\u00e4fte Gesch\u00e4ftsabschl\u00fcsse mit Blick auf die Bucht, und hier erleben Reisende von Peking bis Lissabon die herzliche Gastfreundschaft S\u00fcdchinas \u2013 gehoben, raffiniert und unverwechselbar Chimelong.<\/p><p>Dies ist nicht nur unsere Geschichte.<br \/>Es ist der Anfang von deinem.<\/p><p data-spm-anchor-id=\"a2ty_o01.29997173.0.i76.78f0c921rvdF0I\"><em>Chimelong Hengqin Bay Hotel \u2013 Entstanden aus einer Vision, erbaut f\u00fcr Begegnung, entworfen f\u00fcr Staunen.<\/em><br \/>\ud83d\udccd Fuxiang Bay, Guangdong-Macao In-Depth Cooperation Zone, Hengqin, Zhuhai City, Guangdong 519031, VR China<\/p>\t\t\t\t\t\t\t\t<\/div>\n\t\t\t\t\t<\/div>\n\t\t\t\t<\/div>\n\t\t\t\t<section class=\"elementor-section elementor-top-section elementor-element elementor-element-7d5a0827 elementor-section-stretched elementor-section-boxed elementor-section-gap-beside-yes elementor-section-height-default elementor-section-height-default elementor-section-column-vertical-align-stretch\" data-id=\"7d5a0827\" data-element_type=\"section\" data-e-type=\"section\" data-settings=\"{&quot;background_background&quot;:&quot;classic&quot;,&quot;stretch_section&quot;:&quot;section-stretched&quot;}\">\n\t\t\t\t\t\t<div class=\"elementor-container elementor-column-gap-extended\">\n\t\t\t\t\t<div class=\"elementor-column elementor-col-100 elementor-top-column elementor-element elementor-element-38df473d\" data-id=\"38df473d\" data-element_type=\"column\" data-e-type=\"column\">\n\t\t\t<div class=\"elementor-widget-wrap elementor-element-populated\">\n\t\t\t\t\t\t<div class=\"elementor-element elementor-element-14e57aee elementor-widget elementor-widget-nuss-heading\" data-id=\"14e57aee\" data-element_type=\"widget\" data-e-type=\"widget\" data-widget_type=\"nuss-heading.default\">\n\t\t\t\t<div class=\"elementor-widget-container\">\n\t\t\t\t\t\t\t<div class=\"nuss-modern-heading\">\r\n\t\t\t\t\t\t<div class=\"heading-secondary-wrap\">\r\n\t\t\t\t<h3 class=\"heading-secondary elementor-heading-title\">Verf\u00fcgbarkeit pr\u00fcfen <\/h3>\t\t\t<\/div>\r\n\t\t\r\n\t\t\t\r\n\t\t\t\r\n\t\t\t\t\t<\/div>\r\n\t\t\t\t\t<\/div>\n\t\t\t\t<\/div>\n\t\t\t\t<div class=\"elementor-element elementor-element-d71443d elementor-widget elementor-widget-text-editor\" data-id=\"d71443d\" data-element_type=\"widget\" data-e-type=\"widget\" data-widget_type=\"text-editor.default\">\n\t\t\t\t\t\t\t\t\t<iframe border=\"0\" src=\"https:\/\/www.trip.com\/partners\/ad\/S5637697?Allianceid=4590391&#038;SID=263365124&#038;trip_sub1=\" style=\"width:1200px;height:200px\" frameborder=\"0\" scrolling=\"no\" id=\"S5637697\"><\/iframe>\t\t\t\t\t\t\t\t<\/div>\n\t\t\t\t\t<\/div>\n\t\t<\/div>\n\t\t\t\t\t<\/div>\n\t\t<\/section>\n\t\t\t\t<\/div>","protected":false},"excerpt":{"rendered":"<p>Where Vision Meets the Bay \u2013 The Birth of Chimelong Hengqin Bay Hotel (Chimelong Flagship Store) Nestled along the tranquil shores of Fuxiang Bay in the pioneering Guangdong-Macao In-depth Cooperation Zone, the Chimelong Hengqin Bay Hotel (Chimelong Flagship Store) is far more than a luxury accommodation\u2014it is the embodiment of a bold vision: to create [&hellip;]<\/p>\n","protected":false},"author":1,"featured_media":0,"parent":0,"menu_order":0,"comment_status":"closed","ping_status":"closed","template":"","meta":{"footnotes":""},"class_list":["post-2104","page","type-page","status-publish","hentry","post-no-thumbnail"],"_links":{"self":[{"href":"https:\/\/chimelonghengqinbay.com\/de\/wp-json\/wp\/v2\/pages\/2104","targetHints":{"allow":["GET"]}}],"collection":[{"href":"https:\/\/chimelonghengqinbay.com\/de\/wp-json\/wp\/v2\/pages"}],"about":[{"href":"https:\/\/chimelonghengqinbay.com\/de\/wp-json\/wp\/v2\/types\/page"}],"author":[{"embeddable":true,"href":"https:\/\/chimelonghengqinbay.com\/de\/wp-json\/wp\/v2\/users\/1"}],"replies":[{"embeddable":true,"href":"https:\/\/chimelonghengqinbay.com\/de\/wp-json\/wp\/v2\/comments?post=2104"}],"version-history":[{"count":0,"href":"https:\/\/chimelonghengqinbay.com\/de\/wp-json\/wp\/v2\/pages\/2104\/revisions"}],"wp:attachment":[{"href":"https:\/\/chimelonghengqinbay.com\/de\/wp-json\/wp\/v2\/media?parent=2104"}],"curies":[{"name":"wp","href":"https:\/\/api.w.org\/{rel}","templated":true}]}}